{"id":10406,"date":"2026-02-01T12:05:04","date_gmt":"2026-02-01T12:05:04","guid":{"rendered":"https:\/\/gravel-bikes.cc\/produkt\/fingerscrossed-jambieres-noir\/"},"modified":"2026-02-01T12:05:04","modified_gmt":"2026-02-01T12:05:04","slug":"fingerscrossed-jambieres-noir","status":"publish","type":"product","link":"https:\/\/gravel-bikes.cc\/fr\/produkt\/fingerscrossed-jambieres-noir\/","title":{"rendered":"FINGERSCROSSED JAMBI\u00c8RES NOIR"},"content":{"rendered":"<p>Fabriqu\u00e9es dans un tissu Roubaix extensible, ces jambi\u00e8res sont laccessoire id\u00e9al pour prolonger lutilisation de ton \u00e9quipement d\u00e9t\u00e9 ou te pr\u00e9parer aux conditions m\u00e9t\u00e9orologiques changeantes. Les extr\u00e9mit\u00e9s d\u00e9coup\u00e9es au laser, les coutures \u00e9tanches et les bandes de maintien en silicone pour cuissard assurent un ajustement excellent et \u00e9l\u00e9gant. La forme anatomique garantit un confort parfait tout au long de la journ\u00e9e.  <\/p>\n","protected":false},"excerpt":{"rendered":"<p>Fabriqu\u00e9es dans un tissu Roubaix extensible, ces jambi\u00e8res sont laccessoire id\u00e9al pour prolonger lutilisation de ton \u00e9quipement d\u00e9t\u00e9 ou te pr\u00e9parer aux conditions m\u00e9t\u00e9orologiques changeantes. Les extr\u00e9mit\u00e9s d\u00e9coup\u00e9es au laser, les coutures \u00e9tanches et les bandes de maintien en silicone pour cuissard assurent un ajustement excellent et \u00e9l\u00e9gant. La forme anatomique garantit un confort parfait [&hellip;]<\/p>\n","protected":false},"featured_media":7091,"template":"","meta":{"_et_pb_use_builder":"","_et_pb_old_content":"","_et_gb_content_width":""},"pwb-brand":[],"product_brand":[],"product_cat":[813,772],"product_tag":[],"class_list":{"0":"post-10406","1":"product","2":"type-product","3":"status-publish","4":"has-post-thumbnail","6":"product_cat-fingerscrossed","7":"product_cat-vetements","9":"first","10":"instock","11":"sale","12":"taxable","13":"shipping-taxable","14":"purchasable","15":"product-type-variable"},"aioseo_notices":[],"brands":[],"_links":{"self":[{"href":"https:\/\/gravel-bikes.cc\/fr\/wp-json\/wp\/v2\/product\/10406","targetHints":{"allow":["GET"]}}],"collection":[{"href":"https:\/\/gravel-bikes.cc\/fr\/wp-json\/wp\/v2\/product"}],"about":[{"href":"https:\/\/gravel-bikes.cc\/fr\/wp-json\/wp\/v2\/types\/product"}],"wp:featuredmedia":[{"embeddable":true,"href":"https:\/\/gravel-bikes.cc\/fr\/wp-json\/wp\/v2\/media\/7091"}],"wp:attachment":[{"href":"https:\/\/gravel-bikes.cc\/fr\/wp-json\/wp\/v2\/media?parent=10406"}],"wp:term":[{"taxonomy":"pwb-brand","embeddable":true,"href":"https:\/\/gravel-bikes.cc\/fr\/wp-json\/wp\/v2\/pwb-brand?post=10406"},{"taxonomy":"product_brand","embeddable":true,"href":"https:\/\/gravel-bikes.cc\/fr\/wp-json\/wp\/v2\/product_brand?post=10406"},{"taxonomy":"product_cat","embeddable":true,"href":"https:\/\/gravel-bikes.cc\/fr\/wp-json\/wp\/v2\/product_cat?post=10406"},{"taxonomy":"product_tag","embeddable":true,"href":"https:\/\/gravel-bikes.cc\/fr\/wp-json\/wp\/v2\/product_tag?post=10406"}],"curies":[{"name":"wp","href":"https:\/\/api.w.org\/{rel}","templated":true}]}}