{"id":10409,"date":"2026-02-04T09:37:49","date_gmt":"2026-02-04T09:37:49","guid":{"rendered":"https:\/\/gravel-bikes.cc\/produkt\/sac-a-dos-dhydratation-mwave\/"},"modified":"2026-02-04T09:37:49","modified_gmt":"2026-02-04T09:37:49","slug":"sac-a-dos-dhydratation-mwave","status":"publish","type":"product","link":"https:\/\/gravel-bikes.cc\/fr\/produkt\/sac-a-dos-dhydratation-mwave\/","title":{"rendered":"Sac \u00e0 dos d\u2019hydratation MWAVE"},"content":{"rendered":"<ul>\n<li><strong>Couleur&nbsp;:<\/strong>Jaune n\u00e9on<\/li>\n<li><strong>Volume :<\/strong> 15&nbsp;L<\/li>\n<li><strong>Hauteur :<\/strong> 460&nbsp;mm<\/li>\n<li><strong>Largeur\/Profondeur :<\/strong> 280&nbsp;mm<\/li>\n<li><strong>Longueur :<\/strong> 120&nbsp;mm<\/li>\n<li><strong>R\u00e9fl\u00e9chissant&nbsp;:<\/strong> Avec impression r\u00e9fl\u00e9chissante<\/li>\n<li><strong>D\u00e9tails :<\/strong> housse de pluie universelle, sortie pour poche \u00e0 eau<\/li>\n<li><strong>Compartiments et poches suppl\u00e9mentaires :<\/strong> poche ext\u00e9rieure en mesh, plusieurs compartiments et poches internes, filet de maintien pour casque, compartiment ext\u00e9rieur, compartiment isotherme pour poche \u00e0 eau<\/li>\n<li><strong>Confort de portage :<\/strong> ceinture ventrale, bretelles rembourr\u00e9es r\u00e9glables, dos renforc\u00e9 par armature<\/li>\n<\/ul>\n","protected":false},"excerpt":{"rendered":"<p>Couleur&nbsp;:Jaune n\u00e9on Volume : 15&nbsp;L Hauteur : 460&nbsp;mm Largeur\/Profondeur : 280&nbsp;mm Longueur : 120&nbsp;mm R\u00e9fl\u00e9chissant&nbsp;: Avec impression r\u00e9fl\u00e9chissante D\u00e9tails : housse de pluie universelle, sortie pour poche \u00e0 eau Compartiments et poches suppl\u00e9mentaires : poche ext\u00e9rieure en mesh, plusieurs compartiments et poches internes, filet de maintien pour casque, compartiment ext\u00e9rieur, compartiment isotherme pour poche \u00e0 [&hellip;]<\/p>\n","protected":false},"featured_media":7252,"template":"","meta":{"_et_pb_use_builder":"","_et_pb_old_content":"","_et_gb_content_width":"","om_disable_all_campaigns":false,"_monsterinsights_skip_tracking":false,"_monsterinsights_sitenote_active":false,"_monsterinsights_sitenote_note":"","_monsterinsights_sitenote_category":0},"pwb-brand":[],"product_brand":[],"product_cat":[848],"product_tag":[],"class_list":{"0":"post-10409","1":"product","2":"type-product","3":"status-publish","4":"has-post-thumbnail","6":"product_cat-sacoches-de-bikepacking","8":"first","9":"instock","10":"taxable","11":"shipping-taxable","12":"purchasable","13":"product-type-simple"},"aioseo_notices":[],"brands":[],"_links":{"self":[{"href":"https:\/\/gravel-bikes.cc\/fr\/wp-json\/wp\/v2\/product\/10409","targetHints":{"allow":["GET"]}}],"collection":[{"href":"https:\/\/gravel-bikes.cc\/fr\/wp-json\/wp\/v2\/product"}],"about":[{"href":"https:\/\/gravel-bikes.cc\/fr\/wp-json\/wp\/v2\/types\/product"}],"wp:featuredmedia":[{"embeddable":true,"href":"https:\/\/gravel-bikes.cc\/fr\/wp-json\/wp\/v2\/media\/7252"}],"wp:attachment":[{"href":"https:\/\/gravel-bikes.cc\/fr\/wp-json\/wp\/v2\/media?parent=10409"}],"wp:term":[{"taxonomy":"pwb-brand","embeddable":true,"href":"https:\/\/gravel-bikes.cc\/fr\/wp-json\/wp\/v2\/pwb-brand?post=10409"},{"taxonomy":"product_brand","embeddable":true,"href":"https:\/\/gravel-bikes.cc\/fr\/wp-json\/wp\/v2\/product_brand?post=10409"},{"taxonomy":"product_cat","embeddable":true,"href":"https:\/\/gravel-bikes.cc\/fr\/wp-json\/wp\/v2\/product_cat?post=10409"},{"taxonomy":"product_tag","embeddable":true,"href":"https:\/\/gravel-bikes.cc\/fr\/wp-json\/wp\/v2\/product_tag?post=10409"}],"curies":[{"name":"wp","href":"https:\/\/api.w.org\/{rel}","templated":true}]}}