{"id":10412,"date":"2026-02-04T09:34:10","date_gmt":"2026-02-04T09:34:10","guid":{"rendered":"https:\/\/gravel-bikes.cc\/produkt\/sacoche-de-cadre-m-wave\/"},"modified":"2026-02-04T09:34:10","modified_gmt":"2026-02-04T09:34:10","slug":"sacoche-de-cadre-m-wave","status":"publish","type":"product","link":"https:\/\/gravel-bikes.cc\/fr\/produkt\/sacoche-de-cadre-m-wave\/","title":{"rendered":"Sacoche de cadre M-WAVE"},"content":{"rendered":"<ul>\n<li><strong>Couleur :<\/strong> Noir<\/li>\n<li><strong>Volume :<\/strong> 0,75 litre<\/li>\n<li><strong>Hauteur :<\/strong> 70 mm<\/li>\n<li><strong>Largeur\/Profondeur :<\/strong> 85 mm<\/li>\n<li><strong>Longueur :<\/strong> 290 mm<\/li>\n<li><strong>Mat\u00e9riau&nbsp;:<\/strong> Tissu ripstop pour une haute r\u00e9sistance \u00e0 la d\u00e9chirure, doublure int\u00e9rieure \u00e9tanche<\/li>\n<li><strong>\u00c9tanch\u00e9it\u00e9 :<\/strong> r\u00e9sistant aux \u00e9claboussures<\/li>\n<li><strong>Type de fixation&nbsp;:<\/strong> Fixation par fermeture Velcro<\/li>\n<li><strong>R\u00e9fl\u00e9chissant&nbsp;:<\/strong> Avec impression r\u00e9fl\u00e9chissante<\/li>\n<li><strong>D\u00e9tails :<\/strong> Dessous renforc\u00e9<\/li>\n<li><strong>Compartiments et poches suppl\u00e9mentaires :<\/strong> insert rembourr\u00e9 anti-chocs<\/li>\n<\/ul>\n","protected":false},"excerpt":{"rendered":"<p>Couleur : Noir Volume : 0,75 litre Hauteur : 70 mm Largeur\/Profondeur : 85 mm Longueur : 290 mm Mat\u00e9riau&nbsp;: Tissu ripstop pour une haute r\u00e9sistance \u00e0 la d\u00e9chirure, doublure int\u00e9rieure \u00e9tanche \u00c9tanch\u00e9it\u00e9 : r\u00e9sistant aux \u00e9claboussures Type de fixation&nbsp;: Fixation par fermeture Velcro R\u00e9fl\u00e9chissant&nbsp;: Avec impression r\u00e9fl\u00e9chissante D\u00e9tails : Dessous renforc\u00e9 Compartiments et poches [&hellip;]<\/p>\n","protected":false},"featured_media":7246,"template":"","meta":{"_et_pb_use_builder":"","_et_pb_old_content":"","_et_gb_content_width":"","om_disable_all_campaigns":false,"_monsterinsights_skip_tracking":false,"_monsterinsights_sitenote_active":false,"_monsterinsights_sitenote_note":"","_monsterinsights_sitenote_category":0},"pwb-brand":[],"product_brand":[],"product_cat":[756,848],"product_tag":[],"class_list":{"0":"post-10412","1":"product","2":"type-product","3":"status-publish","4":"has-post-thumbnail","6":"product_cat-non-classe","7":"product_cat-sacoches-de-bikepacking","9":"first","10":"instock","11":"taxable","12":"shipping-taxable","13":"purchasable","14":"product-type-simple"},"aioseo_notices":[],"brands":[],"_links":{"self":[{"href":"https:\/\/gravel-bikes.cc\/fr\/wp-json\/wp\/v2\/product\/10412","targetHints":{"allow":["GET"]}}],"collection":[{"href":"https:\/\/gravel-bikes.cc\/fr\/wp-json\/wp\/v2\/product"}],"about":[{"href":"https:\/\/gravel-bikes.cc\/fr\/wp-json\/wp\/v2\/types\/product"}],"wp:featuredmedia":[{"embeddable":true,"href":"https:\/\/gravel-bikes.cc\/fr\/wp-json\/wp\/v2\/media\/7246"}],"wp:attachment":[{"href":"https:\/\/gravel-bikes.cc\/fr\/wp-json\/wp\/v2\/media?parent=10412"}],"wp:term":[{"taxonomy":"pwb-brand","embeddable":true,"href":"https:\/\/gravel-bikes.cc\/fr\/wp-json\/wp\/v2\/pwb-brand?post=10412"},{"taxonomy":"product_brand","embeddable":true,"href":"https:\/\/gravel-bikes.cc\/fr\/wp-json\/wp\/v2\/product_brand?post=10412"},{"taxonomy":"product_cat","embeddable":true,"href":"https:\/\/gravel-bikes.cc\/fr\/wp-json\/wp\/v2\/product_cat?post=10412"},{"taxonomy":"product_tag","embeddable":true,"href":"https:\/\/gravel-bikes.cc\/fr\/wp-json\/wp\/v2\/product_tag?post=10412"}],"curies":[{"name":"wp","href":"https:\/\/api.w.org\/{rel}","templated":true}]}}