{"id":10417,"date":"2026-01-31T11:55:11","date_gmt":"2026-01-31T11:55:11","guid":{"rendered":"https:\/\/gravel-bikes.cc\/produkt\/bague-de-verrouillage-shimano-disc\/"},"modified":"2026-01-31T11:55:11","modified_gmt":"2026-01-31T11:55:11","slug":"bague-de-verrouillage-shimano-disc","status":"publish","type":"product","link":"https:\/\/gravel-bikes.cc\/fr\/produkt\/bague-de-verrouillage-shimano-disc\/","title":{"rendered":"BAGUE DE VERROUILLAGE SHIMANO DISC"},"content":{"rendered":"<p><span style=\"font-family: Verdana;\"><strong>Bague de verrouillage SHIMANO center lock pour axes traversants 15\/20 mm SM-HB20<\/strong><\/span><\/p>\n<p><span style=\"font-family: Verdana;\">Cette bague de verrouillage est n\u00e9cessaire pour fixer un disque de frein center-lock au moyeu correspondant avec axe traversant de 15 ou 20 mm. Un outil est requis pour le montage, qui est \u00e9galement utilis\u00e9 lors du montage des cuvettes de roulement externe (bo\u00eetier de p\u00e9dalier Shimano, SRAM).<\/span><\/p>\n","protected":false},"excerpt":{"rendered":"<p>Bague de verrouillage SHIMANO center lock pour axes traversants 15\/20 mm SM-HB20 Cette bague de verrouillage est n\u00e9cessaire pour fixer un disque de frein center-lock au moyeu correspondant avec axe traversant de 15 ou 20 mm. Un outil est requis pour le montage, qui est \u00e9galement utilis\u00e9 lors du montage des cuvettes de roulement externe [&hellip;]<\/p>\n","protected":false},"featured_media":6189,"template":"","meta":{"_et_pb_use_builder":"","_et_pb_old_content":"","_et_gb_content_width":"","om_disable_all_campaigns":false,"_monsterinsights_skip_tracking":false,"_monsterinsights_sitenote_active":false,"_monsterinsights_sitenote_note":"","_monsterinsights_sitenote_category":0},"pwb-brand":[],"product_brand":[],"product_cat":[852],"product_tag":[],"class_list":{"0":"post-10417","1":"product","2":"type-product","3":"status-publish","4":"has-post-thumbnail","6":"product_cat-disques","8":"first","9":"instock","10":"sale","11":"taxable","12":"shipping-taxable","13":"purchasable","14":"product-type-simple"},"aioseo_notices":[],"brands":[],"_links":{"self":[{"href":"https:\/\/gravel-bikes.cc\/fr\/wp-json\/wp\/v2\/product\/10417","targetHints":{"allow":["GET"]}}],"collection":[{"href":"https:\/\/gravel-bikes.cc\/fr\/wp-json\/wp\/v2\/product"}],"about":[{"href":"https:\/\/gravel-bikes.cc\/fr\/wp-json\/wp\/v2\/types\/product"}],"wp:featuredmedia":[{"embeddable":true,"href":"https:\/\/gravel-bikes.cc\/fr\/wp-json\/wp\/v2\/media\/6189"}],"wp:attachment":[{"href":"https:\/\/gravel-bikes.cc\/fr\/wp-json\/wp\/v2\/media?parent=10417"}],"wp:term":[{"taxonomy":"pwb-brand","embeddable":true,"href":"https:\/\/gravel-bikes.cc\/fr\/wp-json\/wp\/v2\/pwb-brand?post=10417"},{"taxonomy":"product_brand","embeddable":true,"href":"https:\/\/gravel-bikes.cc\/fr\/wp-json\/wp\/v2\/product_brand?post=10417"},{"taxonomy":"product_cat","embeddable":true,"href":"https:\/\/gravel-bikes.cc\/fr\/wp-json\/wp\/v2\/product_cat?post=10417"},{"taxonomy":"product_tag","embeddable":true,"href":"https:\/\/gravel-bikes.cc\/fr\/wp-json\/wp\/v2\/product_tag?post=10417"}],"curies":[{"name":"wp","href":"https:\/\/api.w.org\/{rel}","templated":true}]}}