{"id":10419,"date":"2026-01-25T14:56:59","date_gmt":"2026-01-25T14:56:59","guid":{"rendered":"https:\/\/gravel-bikes.cc\/produkt\/manivelle-rotor-power-in\/"},"modified":"2026-01-25T14:56:59","modified_gmt":"2026-01-25T14:56:59","slug":"manivelle-rotor-power-in","status":"publish","type":"product","link":"https:\/\/gravel-bikes.cc\/fr\/produkt\/manivelle-rotor-power-in\/","title":{"rendered":"Manivelle ROTOR POWER IN"},"content":{"rendered":"<h3>D\u00e9tails du produit<\/h3>\n<table class=\"table table-striped table-responsive\">\n<tbody>\n<tr>\n<td class=\"\">Fixation<\/td>\n<td id=\"wert_1030652\">\n<ul class=\"list-unstyled\">\n<li>Direct Mount<\/li>\n<\/ul>\n<\/td>\n<\/tr>\n<tr>\n<td class=\"\">Longueurs de manivelle disponibles<\/td>\n<td id=\"wert_1031070\">\n<ul class=\"list-unstyled\">\n<li>165 mm<\/li>\n<li>170 mm<\/li>\n<li>175 mm<\/li>\n<\/ul>\n<\/td>\n<\/tr>\n<tr>\n<td class=\"\">\u00c9tanch\u00e9it\u00e9<\/td>\n<td id=\"wert_21\">\n<ul class=\"list-unstyled\">\n<li>IP67<\/li>\n<\/ul>\n<\/td>\n<\/tr>\n<tr>\n<td class=\"\">Pr\u00e9cision de mesure<\/td>\n<td id=\"wert_1031166\">+\/- 1,5&nbsp;%<\/td>\n<\/tr>\n<tr>\n<td class=\"\">Mesure de la cadence<\/td>\n<td id=\"wert_1031175\">\n<ul class=\"list-unstyled\">\n<li>Capteur dacc\u00e9l\u00e9ration<\/li>\n<\/ul>\n<\/td>\n<\/tr>\n<tr>\n<td class=\"\">Pile\/batterie incluse<\/td>\n<td id=\"wert_1027552\">\n<ul class=\"list-unstyled\">\n<li>Oui<\/li>\n<\/ul>\n<\/td>\n<\/tr>\n<tr>\n<td class=\"\">Autonomie de la pile\/batterie<\/td>\n<td id=\"wert_53\">300 h<\/td>\n<\/tr>\n<tr>\n<td class=\"\">Emballage<\/td>\n<td id=\"wert_1012172\">\n<ul class=\"list-unstyled\">\n<li>Emballage de vente au d\u00e9tail<\/li>\n<\/ul>\n<\/td>\n<\/tr>\n<\/tbody>\n<\/table>\n","protected":false},"excerpt":{"rendered":"<p>D\u00e9tails du produit Fixation Direct Mount Longueurs de manivelle disponibles 165 mm 170 mm 175 mm \u00c9tanch\u00e9it\u00e9 IP67 Pr\u00e9cision de mesure +\/- 1,5&nbsp;% Mesure de la cadence Capteur dacc\u00e9l\u00e9ration Pile\/batterie incluse Oui Autonomie de la pile\/batterie 300 h Emballage Emballage de vente au d\u00e9tail<\/p>\n","protected":false},"featured_media":6539,"template":"","meta":{"_et_pb_use_builder":"","_et_pb_old_content":"","_et_gb_content_width":"","om_disable_all_campaigns":false,"_monsterinsights_skip_tracking":false,"_monsterinsights_sitenote_active":false,"_monsterinsights_sitenote_note":"","_monsterinsights_sitenote_category":0},"pwb-brand":[],"product_brand":[],"product_cat":[809,934],"product_tag":[],"class_list":{"0":"post-10419","1":"product","2":"type-product","3":"status-publish","4":"has-post-thumbnail","6":"product_cat-capteurs-de-puissance","7":"product_cat-rotor","8":"product_shipping_class-petites-pieces","10":"first","11":"instock","12":"taxable","13":"shipping-taxable","14":"purchasable","15":"product-type-simple"},"aioseo_notices":[],"brands":[],"_links":{"self":[{"href":"https:\/\/gravel-bikes.cc\/fr\/wp-json\/wp\/v2\/product\/10419","targetHints":{"allow":["GET"]}}],"collection":[{"href":"https:\/\/gravel-bikes.cc\/fr\/wp-json\/wp\/v2\/product"}],"about":[{"href":"https:\/\/gravel-bikes.cc\/fr\/wp-json\/wp\/v2\/types\/product"}],"wp:featuredmedia":[{"embeddable":true,"href":"https:\/\/gravel-bikes.cc\/fr\/wp-json\/wp\/v2\/media\/6539"}],"wp:attachment":[{"href":"https:\/\/gravel-bikes.cc\/fr\/wp-json\/wp\/v2\/media?parent=10419"}],"wp:term":[{"taxonomy":"pwb-brand","embeddable":true,"href":"https:\/\/gravel-bikes.cc\/fr\/wp-json\/wp\/v2\/pwb-brand?post=10419"},{"taxonomy":"product_brand","embeddable":true,"href":"https:\/\/gravel-bikes.cc\/fr\/wp-json\/wp\/v2\/product_brand?post=10419"},{"taxonomy":"product_cat","embeddable":true,"href":"https:\/\/gravel-bikes.cc\/fr\/wp-json\/wp\/v2\/product_cat?post=10419"},{"taxonomy":"product_tag","embeddable":true,"href":"https:\/\/gravel-bikes.cc\/fr\/wp-json\/wp\/v2\/product_tag?post=10419"}],"curies":[{"name":"wp","href":"https:\/\/api.w.org\/{rel}","templated":true}]}}