{"id":10425,"date":"2026-01-30T17:34:19","date_gmt":"2026-01-30T17:34:19","guid":{"rendered":"https:\/\/gravel-bikes.cc\/produkt\/enve-mog-sram-red\/"},"modified":"2026-03-22T14:02:07","modified_gmt":"2026-03-22T14:02:07","slug":"enve-mog-sram-red","status":"publish","type":"product","link":"https:\/\/gravel-bikes.cc\/fr\/produkt\/enve-mog-sram-red\/","title":{"rendered":"ENVE MOG Sram RED"},"content":{"rendered":"<p>[et_pb_section fb_built=&#8221;1&#8243; _builder_version=&#8221;4.27.5&#8243; _module_preset=&#8221;default&#8221; global_colors_info=&#8221;{}&#8221;][et_pb_row _builder_version=&#8221;4.27.5&#8243; _module_preset=&#8221;default&#8221; global_colors_info=&#8221;{}&#8221;][et_pb_column type=&#8221;4_4&#8243; _builder_version=&#8221;4.27.5&#8243; _module_preset=&#8221;default&#8221; global_colors_info=&#8221;{}&#8221;][et_pb_image src=&#8221;https:\/\/gravel-bikes.cc\/wp-content\/uploads\/2026\/01\/Web_CollectionPage_Desktop_26ff51fd-731a-417f-9b1f-4bec14702b51-1.webp&#8221; title_text=&#8221;Web_CollectionPage_Desktop_26ff51fd-731a-417f-9b1f-4bec14702b51 (1)&#8221; _builder_version=&#8221;4.27.5&#8243; _module_preset=&#8221;default&#8221; global_colors_info=&#8221;{}&#8221;][\/et_pb_image][\/et_pb_column][\/et_pb_row][\/et_pb_section][et_pb_section fb_built=&#8221;1&#8243; _builder_version=&#8221;4.16&#8243; custom_padding=&#8221;0px||||false|false&#8221; global_colors_info=&#8221;{}&#8221;][et_pb_row _builder_version=&#8221;4.16&#8243; background_size=&#8221;initial&#8221; background_position=&#8221;top_left&#8221; background_repeat=&#8221;repeat&#8221; width=&#8221;100%&#8221; custom_padding=&#8221;0px||0px||false|false&#8221; global_colors_info=&#8221;{}&#8221;][et_pb_column type=&#8221;4_4&#8243; _builder_version=&#8221;4.16&#8243; custom_padding=&#8221;|||&#8221; global_colors_info=&#8221;{}&#8221; custom_padding__hover=&#8221;|||&#8221;][et_pb_wc_breadcrumb _builder_version=&#8221;4.16&#8243; global_colors_info=&#8221;{}&#8221;][\/et_pb_wc_breadcrumb][et_pb_wc_cart_notice _builder_version=&#8221;4.16&#8243; global_colors_info=&#8221;{}&#8221;][\/et_pb_wc_cart_notice][\/et_pb_column][\/et_pb_row][et_pb_row column_structure=&#8221;1_2,1_2&#8243; _builder_version=&#8221;4.16&#8243; background_size=&#8221;initial&#8221; background_position=&#8221;top_left&#8221; background_repeat=&#8221;repeat&#8221; width=&#8221;100%&#8221; custom_padding=&#8221;0px||||false|false&#8221; global_colors_info=&#8221;{}&#8221;][et_pb_column type=&#8221;1_2&#8243; _builder_version=&#8221;4.16&#8243; custom_padding=&#8221;|||&#8221; global_colors_info=&#8221;{}&#8221; custom_padding__hover=&#8221;|||&#8221;][et_pb_wc_images _builder_version=&#8221;4.16&#8243; global_colors_info=&#8221;{}&#8221;][\/et_pb_wc_images][et_pb_image src=&#8221;https:\/\/gravel-bikes.cc\/wp-content\/uploads\/2026\/01\/ENVE_MY26_Color_CB_MOG_SMOKE-ASPEN_BQRT.webp&#8221; title_text=&#8221;ENVE_MY26_Color_CB_MOG_SMOKE-ASPEN_BQRT&#8221; _builder_version=&#8221;4.27.5&#8243; _module_preset=&#8221;default&#8221; global_colors_info=&#8221;{}&#8221;][\/et_pb_image][\/et_pb_column][et_pb_column type=&#8221;1_2&#8243; _builder_version=&#8221;4.16&#8243; custom_padding=&#8221;|||&#8221; global_colors_info=&#8221;{}&#8221; custom_padding__hover=&#8221;|||&#8221;][et_pb_wc_title _builder_version=&#8221;4.16&#8243; global_colors_info=&#8221;{}&#8221;][\/et_pb_wc_title][et_pb_wc_rating _builder_version=&#8221;4.16&#8243; global_colors_info=&#8221;{}&#8221;][\/et_pb_wc_rating][et_pb_wc_price _builder_version=&#8221;4.16&#8243; global_colors_info=&#8221;{}&#8221;][\/et_pb_wc_price][et_pb_wc_description _builder_version=&#8221;4.16&#8243; global_colors_info=&#8221;{}&#8221;][\/et_pb_wc_description][et_pb_wc_add_to_cart _builder_version=&#8221;4.16&#8243; global_colors_info=&#8221;{}&#8221;][\/et_pb_wc_add_to_cart][et_pb_wc_meta _builder_version=&#8221;4.16&#8243; global_colors_info=&#8221;{}&#8221;][\/et_pb_wc_meta][\/et_pb_column][\/et_pb_row][et_pb_row column_structure=&#8221;1_3,1_3,1_3&#8243; _builder_version=&#8221;4.27.5&#8243; _module_preset=&#8221;default&#8221; global_colors_info=&#8221;{}&#8221;][et_pb_column type=&#8221;1_3&#8243; _builder_version=&#8221;4.27.5&#8243; _module_preset=&#8221;default&#8221; global_colors_info=&#8221;{}&#8221;][et_pb_button button_text=&#8221;LEASING V\u00c9LO&#8221; _builder_version=&#8221;4.27.5&#8243; _module_preset=&#8221;default&#8221; global_colors_info=&#8221;{}&#8221;][\/et_pb_button][\/et_pb_column][et_pb_column type=&#8221;1_3&#8243; _builder_version=&#8221;4.27.5&#8243; _module_preset=&#8221;default&#8221; global_colors_info=&#8221;{}&#8221;][et_pb_button button_text=&#8221;FINANCEMENT&#8221; _builder_version=&#8221;4.27.5&#8243; _module_preset=&#8221;default&#8221; global_colors_info=&#8221;{}&#8221;][\/et_pb_button][\/et_pb_column][et_pb_column type=&#8221;1_3&#8243; _builder_version=&#8221;4.27.5&#8243; _module_preset=&#8221;default&#8221; global_colors_info=&#8221;{}&#8221;][et_pb_button button_text=&#8221;ASSURANCE&#8221; _builder_version=&#8221;4.27.5&#8243; _module_preset=&#8221;default&#8221; global_colors_info=&#8221;{}&#8221;][\/et_pb_button][\/et_pb_column][\/et_pb_row][et_pb_row column_structure=&#8221;1_3,1_3,1_3&#8243; _builder_version=&#8221;4.27.5&#8243; _module_preset=&#8221;default&#8221; global_colors_info=&#8221;{}&#8221;][et_pb_column type=&#8221;1_3&#8243; _builder_version=&#8221;4.27.5&#8243; _module_preset=&#8221;default&#8221; global_colors_info=&#8221;{}&#8221;][et_pb_image src=&#8221;https:\/\/gravel-bikes.cc\/wp-content\/uploads\/2026\/01\/ENVE_MY26_Color_CB_MOG_SMOKE-ASPEN_BQRT.webp&#8221; title_text=&#8221;ENVE_MY26_Color_CB_MOG_SMOKE-ASPEN_BQRT&#8221; _builder_version=&#8221;4.27.5&#8243; _module_preset=&#8221;default&#8221; global_colors_info=&#8221;{}&#8221;][\/et_pb_image][\/et_pb_column][et_pb_column type=&#8221;1_3&#8243; _builder_version=&#8221;4.27.5&#8243; _module_preset=&#8221;default&#8221; global_colors_info=&#8221;{}&#8221;][et_pb_image src=&#8221;https:\/\/gravel-bikes.cc\/wp-content\/uploads\/2026\/01\/ENVE_MY26_Color_CB_MOG_SMOKE-ASPEN_SIDE-1.webp&#8221; title_text=&#8221;ENVE_MY26_Color_CB_MOG_SMOKE-ASPEN_SIDE&#8221; _builder_version=&#8221;4.27.5&#8243; _module_preset=&#8221;default&#8221; global_colors_info=&#8221;{}&#8221;][\/et_pb_image][\/et_pb_column][et_pb_column type=&#8221;1_3&#8243; _builder_version=&#8221;4.27.5&#8243; _module_preset=&#8221;default&#8221; global_colors_info=&#8221;{}&#8221;][et_pb_image src=&#8221;https:\/\/gravel-bikes.cc\/wp-content\/uploads\/2026\/01\/Coral_TQ.webp&#8221; title_text=&#8221;Corail_TQ&#8221; _builder_version=&#8221;4.27.5&#8243; _module_preset=&#8221;default&#8221; global_colors_info=&#8221;{}&#8221;][\/et_pb_image][\/et_pb_column][\/et_pb_row][et_pb_row _builder_version=&#8221;4.16&#8243; background_size=&#8221;initial&#8221; background_position=&#8221;top_left&#8221; background_repeat=&#8221;repeat&#8221; width=&#8221;100%&#8221; global_colors_info=&#8221;{}&#8221;][et_pb_column type=&#8221;4_4&#8243; _builder_version=&#8221;4.16&#8243; custom_padding=&#8221;|||&#8221; global_colors_info=&#8221;{}&#8221; custom_padding__hover=&#8221;|||&#8221;][et_pb_wc_tabs _builder_version=&#8221;4.16&#8243; global_colors_info=&#8221;{}&#8221;] [\/et_pb_wc_tabs][et_pb_wc_upsells _builder_version=&#8221;4.16&#8243; global_colors_info=&#8221;{}&#8221;][\/et_pb_wc_upsells][et_pb_wc_related_products _builder_version=&#8221;4.16&#8243; global_colors_info=&#8221;{}&#8221;][\/et_pb_wc_related_products][\/et_pb_column][\/et_pb_row][\/et_pb_section]<\/p>\n","protected":false},"excerpt":{"rendered":"","protected":false},"featured_media":6645,"template":"","meta":{"_et_pb_use_builder":"on","_et_pb_old_content":"<table width=\"723\">\n<tbody>\n<tr>\n<td width=\"263\"><strong>Mat\u00e9riau du cadre<\/strong><\/td>\n<td width=\"460\">Carbone ENVE M.O.D, axe traversant 12\u00d7142, disque Flat Mount, bo\u00eetier de p\u00e9dalier filet\u00e9 T47, routage interne, compatible garde-boue<\/td>\n<\/tr>\n<tr>\n<td width=\"263\"><strong>Mat\u00e9riau de la fourche<\/strong><\/td>\n<td width=\"460\">Carbone ENVE M.O.D, axe traversant 12\u00d7100, disque Flat Mount, routage interne, compatible garde-boue<\/td>\n<\/tr>\n<tr>\n<td width=\"263\"><strong>Usage cible<\/strong><\/td>\n<td width=\"460\">All Road \/ Endurance \/ Surfaces mixtes \/ Sportif \/ Fondo<\/td>\n<\/tr>\n<tr>\n<td width=\"263\"><strong>Tailles (cm)<\/strong><\/td>\n<td width=\"460\">47, 50, 52, 54, 56, 58, 60<\/td>\n<\/tr>\n<tr>\n<td width=\"263\"><strong>D\u00e9port de fourche<\/strong><\/td>\n<td width=\"460\">55, 51, 47, 43<\/td>\n<\/tr>\n<tr>\n<td rowspan=\"2\" width=\"263\"><strong>Taille de cadre\/d\u00e9port de fourche<\/strong><\/td>\n<td width=\"460\">47 cm\/55, 50 cm\/55, 52 cm\/51, 54 cm\/51,<\/td>\n<\/tr>\n<tr>\n<td width=\"460\">56 cm\/47, 58 cm\/47, 60 cm\/43<\/td>\n<\/tr>\n<tr>\n<td width=\"263\"><strong>Poids du cadre<\/strong><\/td>\n<td width=\"460\">900 g +\/- 2 % (taille 56, peint, sans accessoires)<\/td>\n<\/tr>\n<tr>\n<td width=\"263\"><strong>Jeu de direction<\/strong><\/td>\n<td width=\"460\">ENVE int\u00e9gr\u00e9 IS52\/IS52 interne \u00e0 cuvettes drop-in<\/td>\n<\/tr>\n<tr>\n<td width=\"263\"><strong>Jeu de direction<\/strong> <strong>roulements<\/strong><\/td>\n<td width=\"460\">1,5\u2033 IS52 haut et bas<\/td>\n<\/tr>\n<tr>\n<td width=\"263\"><strong>Diam\u00e8tre de tige de selle<\/strong><\/td>\n<td width=\"460\">ENVE Aero<\/td>\n<\/tr>\n<tr>\n<td width=\"263\"><strong>Type de bo\u00eetier de p\u00e9dalier<\/strong><\/td>\n<td width=\"460\">T47 roulements internes<\/td>\n<\/tr>\n<tr>\n<td width=\"263\"><strong>Fixation de frein<\/strong><\/td>\n<td width=\"460\">Flat Mount<\/td>\n<\/tr>\n<tr>\n<td width=\"263\"><strong>Axe avant<\/strong><\/td>\n<td width=\"460\">12\u00d7100 (longueur totale : 122, TP : 1,5, TL : 15)<\/td>\n<\/tr>\n<tr>\n<td width=\"263\"><strong>Axe arri\u00e8re<\/strong><\/td>\n<td width=\"460\">12\u00d7142 (longueur totale : 168, TP : 1,0, TL : 14)<\/td>\n<\/tr>\n<tr>\n<td width=\"263\"><strong>Largeur de pneu minimale<\/strong><\/td>\n<td width=\"460\">27 mm<\/td>\n<\/tr>\n<tr>\n<td width=\"263\"><strong>Largeur de pneu optimale<\/strong><\/td>\n<td width=\"460\">31 mm - 35 mm<\/td>\n<\/tr>\n<tr>\n<td width=\"263\"><strong>D\u00e9gagement max. pneu annonc\u00e9 1x<\/strong><\/td>\n<td width=\"460\">40 mm<\/td>\n<\/tr>\n<tr>\n<td width=\"263\"><strong>D\u00e9gagement max. pneu annonc\u00e9 2x<\/strong><\/td>\n<td width=\"460\">38 mm<\/td>\n<\/tr>\n<tr>\n<td width=\"263\"><strong>Rangement dans le cadre<\/strong><\/td>\n<td width=\"460\">Oui (2 sacs de rangement inclus - 18,22 cm\u00b3 chacun)<\/td>\n<\/tr>\n<tr>\n<td width=\"263\"><strong>Routage<\/strong> <strong>dans le cadre<\/strong><\/td>\n<td width=\"460\">Interne<\/td>\n<\/tr>\n<tr>\n<td width=\"263\"><strong>Capacit\u00e9 porte-bidons<\/strong><\/td>\n<td width=\"460\">3<\/td>\n<\/tr>\n<tr>\n<td width=\"263\"><strong>Fixations sur le tube sup\u00e9rieur<\/strong><\/td>\n<td width=\"460\">Oui<\/td>\n<\/tr>\n<tr>\n<td width=\"263\"><strong>Compatible garde-boue<\/strong><\/td>\n<td width=\"460\">Oui<\/td>\n<\/tr>\n<tr>\n<td width=\"263\"><strong>Taille de roue<\/strong><\/td>\n<td width=\"460\">700c<\/td>\n<\/tr>\n<\/tbody>\n<\/table>","_et_gb_content_width":""},"pwb-brand":[],"product_brand":[],"product_cat":[845],"product_tag":[816,794],"class_list":{"0":"post-10425","1":"product","2":"type-product","3":"status-publish","4":"has-post-thumbnail","6":"product_cat-enve-gravel","7":"product_tag-enve-fray","8":"product_tag-hambourg","9":"product_shipping_class-velo","11":"first","12":"instock","13":"taxable","14":"shipping-taxable","15":"purchasable","16":"product-type-variable"},"aioseo_notices":[],"brands":[],"_links":{"self":[{"href":"https:\/\/gravel-bikes.cc\/fr\/wp-json\/wp\/v2\/product\/10425","targetHints":{"allow":["GET"]}}],"collection":[{"href":"https:\/\/gravel-bikes.cc\/fr\/wp-json\/wp\/v2\/product"}],"about":[{"href":"https:\/\/gravel-bikes.cc\/fr\/wp-json\/wp\/v2\/types\/product"}],"wp:featuredmedia":[{"embeddable":true,"href":"https:\/\/gravel-bikes.cc\/fr\/wp-json\/wp\/v2\/media\/6645"}],"wp:attachment":[{"href":"https:\/\/gravel-bikes.cc\/fr\/wp-json\/wp\/v2\/media?parent=10425"}],"wp:term":[{"taxonomy":"pwb-brand","embeddable":true,"href":"https:\/\/gravel-bikes.cc\/fr\/wp-json\/wp\/v2\/pwb-brand?post=10425"},{"taxonomy":"product_brand","embeddable":true,"href":"https:\/\/gravel-bikes.cc\/fr\/wp-json\/wp\/v2\/product_brand?post=10425"},{"taxonomy":"product_cat","embeddable":true,"href":"https:\/\/gravel-bikes.cc\/fr\/wp-json\/wp\/v2\/product_cat?post=10425"},{"taxonomy":"product_tag","embeddable":true,"href":"https:\/\/gravel-bikes.cc\/fr\/wp-json\/wp\/v2\/product_tag?post=10425"}],"curies":[{"name":"wp","href":"https:\/\/api.w.org\/{rel}","templated":true}]}}