{"id":10447,"date":"2025-12-30T22:15:32","date_gmt":"2025-12-30T22:15:32","guid":{"rendered":"https:\/\/gravel-bikes.cc\/produkt\/plateaux-wolf-tooth-aero-110-bcd-asymetriques-4-vis-shimano-grx-800\/"},"modified":"2025-12-30T22:15:32","modified_gmt":"2025-12-30T22:15:32","slug":"plateaux-wolf-tooth-aero-110-bcd-asymetriques-4-vis-shimano-grx-800","status":"publish","type":"product","link":"https:\/\/gravel-bikes.cc\/fr\/produkt\/plateaux-wolf-tooth-aero-110-bcd-asymetriques-4-vis-shimano-grx-800\/","title":{"rendered":"Plateaux Wolf Tooth Aero 110 BCD asym\u00e9triques 4 vis Shimano GRX 800"},"content":{"rendered":"","protected":false},"excerpt":{"rendered":"<h3>Con\u00e7us pour la course et pour ceux qui cherchent \u00e0 optimiser chaque d\u00e9tail en qu\u00eate de vitesse, les plateaux Wolf Tooth Aero sont robustes, l\u00e9gers et profil\u00e9s pour sadapter parfaitement \u00e0 ton p\u00e9dalier pour un look \u00e9pur\u00e9 et int\u00e9gr\u00e9. Tirant parti des syst\u00e8mes de transmission mono-plateau et des cassettes arri\u00e8re \u00e0 plage plus large, les plateaux Aero sont disponibles en tailles de 46T \u00e0 52T pour offrir une plage globale similaire aux configurations de transmission 2x standard. Ils int\u00e8grent notre conception brevet\u00e9e Drop-Stop\u00ae pour une dur\u00e9e de vie optimale, une r\u00e9tention de cha\u00eene maximale et un d\u00e9gagement de boue efficace. Drop-Stop ST est sp\u00e9cifiquement con\u00e7u pour la cha\u00eene Shimano 12 vitesses Hyperglide+, utilis\u00e9e par GRX 12 vitesses.   <\/h3>\n","protected":false},"featured_media":4362,"template":"","meta":{"_et_pb_use_builder":"","_et_pb_old_content":"","_et_gb_content_width":"","om_disable_all_campaigns":false,"_monsterinsights_skip_tracking":false,"_monsterinsights_sitenote_active":false,"_monsterinsights_sitenote_note":"","_monsterinsights_sitenote_category":0},"pwb-brand":[],"product_brand":[],"product_cat":[776,889],"product_tag":[],"class_list":{"0":"post-10447","1":"product","2":"type-product","3":"status-publish","4":"has-post-thumbnail","6":"product_cat-plateau","7":"product_cat-wolftooth","8":"product_shipping_class-petites-pieces","10":"first","11":"instock","12":"taxable","13":"shipping-taxable","14":"purchasable","15":"product-type-simple"},"aioseo_notices":[],"brands":[],"_links":{"self":[{"href":"https:\/\/gravel-bikes.cc\/fr\/wp-json\/wp\/v2\/product\/10447","targetHints":{"allow":["GET"]}}],"collection":[{"href":"https:\/\/gravel-bikes.cc\/fr\/wp-json\/wp\/v2\/product"}],"about":[{"href":"https:\/\/gravel-bikes.cc\/fr\/wp-json\/wp\/v2\/types\/product"}],"wp:featuredmedia":[{"embeddable":true,"href":"https:\/\/gravel-bikes.cc\/fr\/wp-json\/wp\/v2\/media\/4362"}],"wp:attachment":[{"href":"https:\/\/gravel-bikes.cc\/fr\/wp-json\/wp\/v2\/media?parent=10447"}],"wp:term":[{"taxonomy":"pwb-brand","embeddable":true,"href":"https:\/\/gravel-bikes.cc\/fr\/wp-json\/wp\/v2\/pwb-brand?post=10447"},{"taxonomy":"product_brand","embeddable":true,"href":"https:\/\/gravel-bikes.cc\/fr\/wp-json\/wp\/v2\/product_brand?post=10447"},{"taxonomy":"product_cat","embeddable":true,"href":"https:\/\/gravel-bikes.cc\/fr\/wp-json\/wp\/v2\/product_cat?post=10447"},{"taxonomy":"product_tag","embeddable":true,"href":"https:\/\/gravel-bikes.cc\/fr\/wp-json\/wp\/v2\/product_tag?post=10447"}],"curies":[{"name":"wp","href":"https:\/\/api.w.org\/{rel}","templated":true}]}}