{"id":10454,"date":"2025-12-30T20:12:30","date_gmt":"2025-12-30T20:12:30","guid":{"rendered":"https:\/\/gravel-bikes.cc\/produkt\/potence-deda-zero-1\/"},"modified":"2025-12-30T20:12:30","modified_gmt":"2025-12-30T20:12:30","slug":"potence-deda-zero-1","status":"publish","type":"product","link":"https:\/\/gravel-bikes.cc\/fr\/produkt\/potence-deda-zero-1\/","title":{"rendered":"POTENCE DEDA ZERO 1"},"content":{"rendered":"","protected":false},"excerpt":{"rendered":"<p>La potence Zero1 est la combinaison parfaite de rigidit\u00e9, de l\u00e9g\u00e8ret\u00e9 et de design a\u00e9rodynamique. Fabriqu\u00e9e en aluminium 6061 gr\u00e2ce \u00e0 un proc\u00e9d\u00e9 innovant de forgeage 3D, la section sup\u00e9rieure plate de la potence Zero1 compl\u00e8te parfaitement le design des v\u00e9los de route modernes. D\u00e9velopp\u00e9e pour les cyclistes les plus exigeants, elle offre un rapport qualit\u00e9-prix imbattable. Disponible en longueurs de 70 mm \u00e0 130 mm et en finition noir sur noir (BOB).   <\/p>\n<p>Mat\u00e9riau : Aluminium<br \/>\nBoulons : CrMo noir<br \/>\nAngle : 82\u00b0<br \/>\nDiam\u00e8tre de potence : 1 1\/8&#8243; (28,6 mm)<br \/>\nDiam\u00e8tre de cintre : 31,7 mm<\/p>\n","protected":false},"featured_media":4230,"template":"","meta":{"_et_pb_use_builder":"","_et_pb_old_content":"","_et_gb_content_width":""},"pwb-brand":[],"product_brand":[],"product_cat":[936],"product_tag":[],"class_list":{"0":"post-10454","1":"product","2":"type-product","3":"status-publish","4":"has-post-thumbnail","6":"product_cat-potences","8":"first","9":"instock","10":"taxable","11":"shipping-taxable","12":"purchasable","13":"product-type-variable"},"aioseo_notices":[],"brands":[],"_links":{"self":[{"href":"https:\/\/gravel-bikes.cc\/fr\/wp-json\/wp\/v2\/product\/10454","targetHints":{"allow":["GET"]}}],"collection":[{"href":"https:\/\/gravel-bikes.cc\/fr\/wp-json\/wp\/v2\/product"}],"about":[{"href":"https:\/\/gravel-bikes.cc\/fr\/wp-json\/wp\/v2\/types\/product"}],"wp:featuredmedia":[{"embeddable":true,"href":"https:\/\/gravel-bikes.cc\/fr\/wp-json\/wp\/v2\/media\/4230"}],"wp:attachment":[{"href":"https:\/\/gravel-bikes.cc\/fr\/wp-json\/wp\/v2\/media?parent=10454"}],"wp:term":[{"taxonomy":"pwb-brand","embeddable":true,"href":"https:\/\/gravel-bikes.cc\/fr\/wp-json\/wp\/v2\/pwb-brand?post=10454"},{"taxonomy":"product_brand","embeddable":true,"href":"https:\/\/gravel-bikes.cc\/fr\/wp-json\/wp\/v2\/product_brand?post=10454"},{"taxonomy":"product_cat","embeddable":true,"href":"https:\/\/gravel-bikes.cc\/fr\/wp-json\/wp\/v2\/product_cat?post=10454"},{"taxonomy":"product_tag","embeddable":true,"href":"https:\/\/gravel-bikes.cc\/fr\/wp-json\/wp\/v2\/product_tag?post=10454"}],"curies":[{"name":"wp","href":"https:\/\/api.w.org\/{rel}","templated":true}]}}