{"id":10464,"date":"2025-12-30T20:23:51","date_gmt":"2025-12-30T20:23:51","guid":{"rendered":"https:\/\/gravel-bikes.cc\/produkt\/vittoria-terreno-pliable-40-x-622\/"},"modified":"2025-12-30T20:23:51","modified_gmt":"2025-12-30T20:23:51","slug":"vittoria-terreno-pliable-40-x-622","status":"publish","type":"product","link":"https:\/\/gravel-bikes.cc\/fr\/produkt\/vittoria-terreno-pliable-40-x-622\/","title":{"rendered":"VITTORIA TERRENO PLIABLE 40 x 622"},"content":{"rendered":"","protected":false},"excerpt":{"rendered":"<p>Le Vittoria Terreno Zero est con\u00e7u pour les surfaces pav\u00e9es et le gravier dur et pr\u00e9sente un profil de bande de roulement inspir\u00e9 du Corsa. Le centre lisse du pneu roule rapidement, tandis que la bande de roulement lat\u00e9rale offre ladh\u00e9rence n\u00e9cessaire dans les virages et au freinage. <\/p>\n<p>Caract\u00e9ristiques du Pneu Pliable Vittoria Terreno Zero :<\/p>\n<p>Carcasse TNT 120 TPI<\/p>\n<p>Compos\u00e9 Graphene 1C<\/p>\n<p>Protection des flancs et protection anti-crevaison Nylon Breaker<\/p>\n","protected":false},"featured_media":4254,"template":"","meta":{"_et_pb_use_builder":"","_et_pb_old_content":"","_et_gb_content_width":"","om_disable_all_campaigns":false,"_monsterinsights_skip_tracking":false,"_monsterinsights_sitenote_active":false,"_monsterinsights_sitenote_note":"","_monsterinsights_sitenote_category":0},"pwb-brand":[],"product_brand":[],"product_cat":[764],"product_tag":[],"class_list":{"0":"post-10464","1":"product","2":"type-product","3":"status-publish","4":"has-post-thumbnail","6":"product_cat-pneus","8":"first","9":"instock","10":"taxable","11":"shipping-taxable","12":"purchasable","13":"product-type-simple"},"aioseo_notices":[],"brands":[],"_links":{"self":[{"href":"https:\/\/gravel-bikes.cc\/fr\/wp-json\/wp\/v2\/product\/10464","targetHints":{"allow":["GET"]}}],"collection":[{"href":"https:\/\/gravel-bikes.cc\/fr\/wp-json\/wp\/v2\/product"}],"about":[{"href":"https:\/\/gravel-bikes.cc\/fr\/wp-json\/wp\/v2\/types\/product"}],"wp:featuredmedia":[{"embeddable":true,"href":"https:\/\/gravel-bikes.cc\/fr\/wp-json\/wp\/v2\/media\/4254"}],"wp:attachment":[{"href":"https:\/\/gravel-bikes.cc\/fr\/wp-json\/wp\/v2\/media?parent=10464"}],"wp:term":[{"taxonomy":"pwb-brand","embeddable":true,"href":"https:\/\/gravel-bikes.cc\/fr\/wp-json\/wp\/v2\/pwb-brand?post=10464"},{"taxonomy":"product_brand","embeddable":true,"href":"https:\/\/gravel-bikes.cc\/fr\/wp-json\/wp\/v2\/product_brand?post=10464"},{"taxonomy":"product_cat","embeddable":true,"href":"https:\/\/gravel-bikes.cc\/fr\/wp-json\/wp\/v2\/product_cat?post=10464"},{"taxonomy":"product_tag","embeddable":true,"href":"https:\/\/gravel-bikes.cc\/fr\/wp-json\/wp\/v2\/product_tag?post=10464"}],"curies":[{"name":"wp","href":"https:\/\/api.w.org\/{rel}","templated":true}]}}