{"id":10487,"date":"2025-12-13T17:29:46","date_gmt":"2025-12-13T17:29:46","guid":{"rendered":"https:\/\/gravel-bikes.cc\/produkt\/derailleur-arriere-shimano-slx-rd-m7000-gs-11-vitesses\/"},"modified":"2025-12-13T17:29:46","modified_gmt":"2025-12-13T17:29:46","slug":"derailleur-arriere-shimano-slx-rd-m7000-gs-11-vitesses","status":"publish","type":"product","link":"https:\/\/gravel-bikes.cc\/fr\/produkt\/derailleur-arriere-shimano-slx-rd-m7000-gs-11-vitesses\/","title":{"rendered":"D\u00e9railleur arri\u00e8re Shimano SLX RD-M7000-GS 11 vitesses"},"content":{"rendered":"","protected":false},"excerpt":{"rendered":"<p><strong>D\u00e9railleur arri\u00e8re SHIMANO SLX RD-M7000-11 GS Shadow + chape moyenne <\/strong><\/p>\n<p>Le d\u00e9railleur arri\u00e8re SLX 11 vitesses n\u2019a rien \u00e0 envier au mod\u00e8le XT en termes de fonctionnement et de performance de changement de vitesse ; seul son poids l\u00e9g\u00e8rement plus \u00e9lev\u00e9 peut \u00eatre consid\u00e9r\u00e9 comme un point n\u00e9gatif.<br \/>\nComme son grand fr\u00e8re de la gamme sup\u00e9rieure de Shimano, il offre toujours des changements de vitesse rapides et fluides. Gr\u00e2ce \u00e0 la technologie Shadow + revisit\u00e9e, la pr\u00e9tension de la cha\u00eene peut \u00eatre r\u00e9gl\u00e9e sur deux niveaux via un petit levier sur le d\u00e9railleur. Tu peux ainsi d\u00e9cider si la cha\u00eene doit fonctionner plus souplement avec moins de tension, ou si elle doit \u00eatre tendue pour les terrains accident\u00e9s. La conception Shadow r\u00e9duit le d\u00e9passement lat\u00e9ral du d\u00e9railleur et limite ainsi le risque qu\u2019il ne s\u2019accroche \u00e0 des branches ou des pierres.<br \/>\nLes galets \u00e0 roulements \u00e9tanches tournent parfaitement et garantissent une longue dur\u00e9e de vie !   <\/p>\n","protected":false},"featured_media":735,"template":"","meta":{"_et_pb_use_builder":"","_et_pb_old_content":"","_et_gb_content_width":"","om_disable_all_campaigns":false,"_monsterinsights_skip_tracking":false,"_monsterinsights_sitenote_active":false,"_monsterinsights_sitenote_note":"","_monsterinsights_sitenote_category":0},"pwb-brand":[],"product_brand":[],"product_cat":[755],"product_tag":[],"class_list":{"0":"post-10487","1":"product","2":"type-product","3":"status-publish","4":"has-post-thumbnail","6":"product_cat-derailleur-arriere-shimano","7":"product_shipping_class-petites-pieces","9":"first","10":"instock","11":"sale","12":"taxable","13":"shipping-taxable","14":"purchasable","15":"product-type-simple"},"aioseo_notices":[],"brands":[],"_links":{"self":[{"href":"https:\/\/gravel-bikes.cc\/fr\/wp-json\/wp\/v2\/product\/10487","targetHints":{"allow":["GET"]}}],"collection":[{"href":"https:\/\/gravel-bikes.cc\/fr\/wp-json\/wp\/v2\/product"}],"about":[{"href":"https:\/\/gravel-bikes.cc\/fr\/wp-json\/wp\/v2\/types\/product"}],"wp:featuredmedia":[{"embeddable":true,"href":"https:\/\/gravel-bikes.cc\/fr\/wp-json\/wp\/v2\/media\/735"}],"wp:attachment":[{"href":"https:\/\/gravel-bikes.cc\/fr\/wp-json\/wp\/v2\/media?parent=10487"}],"wp:term":[{"taxonomy":"pwb-brand","embeddable":true,"href":"https:\/\/gravel-bikes.cc\/fr\/wp-json\/wp\/v2\/pwb-brand?post=10487"},{"taxonomy":"product_brand","embeddable":true,"href":"https:\/\/gravel-bikes.cc\/fr\/wp-json\/wp\/v2\/product_brand?post=10487"},{"taxonomy":"product_cat","embeddable":true,"href":"https:\/\/gravel-bikes.cc\/fr\/wp-json\/wp\/v2\/product_cat?post=10487"},{"taxonomy":"product_tag","embeddable":true,"href":"https:\/\/gravel-bikes.cc\/fr\/wp-json\/wp\/v2\/product_tag?post=10487"}],"curies":[{"name":"wp","href":"https:\/\/api.w.org\/{rel}","templated":true}]}}