{"id":10491,"date":"2025-12-13T17:16:44","date_gmt":"2025-12-13T17:16:44","guid":{"rendered":"https:\/\/gravel-bikes.cc\/produkt\/terravail-rampart-650b-47-mm-noir\/"},"modified":"2025-12-13T17:16:44","modified_gmt":"2025-12-13T17:16:44","slug":"terravail-rampart-650b-47-mm-noir","status":"publish","type":"product","link":"https:\/\/gravel-bikes.cc\/fr\/produkt\/terravail-rampart-650b-47-mm-noir\/","title":{"rendered":"Terravail Rampart 650b 47 mm noir"},"content":{"rendered":"<div id=\"r2-desktop-tabs\" class=\"\">\n<nav class=\"tab-navigation\">\n<div id=\"tab-content-product-tabs\" class=\"tab-content\">\n<div id=\"tab-description\" class=\"tab-pane fade show active\" role=\"tabpanel\" aria-labelledby=\"tab-link-description\">\n<div class=\"desc\">\n<div class=\"mas-desc\">\n<div class=\"desc aw_toggle_content aw_toggle_content_closed\" aria-expanded=\"false\">\n<p><strong>Pneu TERAVAIL RAMPART 27.5 | 650W x 47 Durable <\/strong><\/p>\n<p>Teravail, de Minneapolis, ne sont pas seulement des sp\u00e9cialistes des pneus gravel. Le Rampart a \u00e9t\u00e9 inspir\u00e9 et con\u00e7u \u00e0 partir d\u2019exp\u00e9riences sur circuits et sur des terrains vari\u00e9s.<br \/>\nDe la route aux trottoirs, des collines vallonn\u00e9es aux mont\u00e9es quasi verticales, le Rampart a \u00e9t\u00e9 cr\u00e9\u00e9 pour celles et ceux qui veulent conqu\u00e9rir n\u2019importe quelle route. Le pneu offre une traction accrue et une qualit\u00e9 de roulage extr\u00eamement constante sur le bitume irr\u00e9gulier (et au-del\u00e0).  <\/p>\n<p><em>Compatibilit\u00e9 avec le liquide pr\u00e9ventif<\/em><br \/>\nTeravail a test\u00e9 tous les pneus pour leur compatibilit\u00e9 avec les liquides pr\u00e9ventifs Finish Line, Orange Seal, Stans, Slime, Continental et Hutchinson.<\/p>\n<p><em>Durable<\/em><br \/>\nCette construction int\u00e8gre un renfort robuste en nylon tiss\u00e9 dans les flancs du pneu afin d\u2019\u00e9viter les d\u00e9chirures et l\u2019abrasion. De plus, une couche de protection \u00e0 tissage serr\u00e9 sous la bande de roulement prot\u00e8ge contre les crevaisons. <\/p>\n<p>Caract\u00e9ristiques<\/p>\n<p>Type de pneu : pneu pliant<br \/>\nUtilisation pr\u00e9vue : v\u00e9lo de course, triathlon<br \/>\nTaille (pouces) : 27.5 | 650<br \/>\nTaille (ETRTO) : 47 &#8211; 650<br \/>\nVersion : Durable, tubeless ready<br \/>\nGomme : flanc durable<br \/>\nCarcasse : 60 TPI<br \/>\nCompatible tubeless : oui<br \/>\nCompatibilit\u00e9 e-bike : n\/a<br \/>\nProfil : lisse et roule vite<br \/>\nPression d\u2019air recommand\u00e9e : 2,8 &#8211; 4,8 bar (40 &#8211; 70 PSI)<br \/>\nLargeur de jante recommand\u00e9e : 17 &#8211; 27 mm<br \/>\nCharge maximale (par pneu) : sans limite<br \/>\nCouleur : noir<\/p>\n<p>Poids selon le fabricant : kA<br \/>\nPoids v\u00e9rifi\u00e9 : 635 g<\/p>\n<p><em>Remarque :<\/em> le poids des pneus peut varier en raison de la production !<\/p>\n<p>Contenu de la livraison : 1x pneu TERAVAIL RAMPART 27.5 | 650W x 47 Durable<\/p>\n<div id=\"uc1765645592300\" class=\"uc-embedding-container uc-embedding-1 \" data-nosnippet=\"true\">\n<p><img decoding=\"async\" src=\"https:\/\/privacy-proxy-server.usercentrics.eu\/video\/youtube\/mQLPN4c72lA-poster-image\" alt=\"Image d\u2019aper\u00e7u de la vid\u00e9o YouTube\"><\/p>\n<div class=\"uc-embedding-wrapper\"><\/div>\n<\/div>\n<\/div>\n<\/div>\n<\/div>\n<\/div>\n<\/div>\n<\/nav>\n<\/div>\n<div class=\"row\">\n<div class=\"col-6\">\n<div class=\"s360-gpsr-manufacturer\">\n<div class=\"s360-gpsr-title\"><\/div>\n<\/div>\n<\/div>\n<\/div>\n","protected":false},"excerpt":{"rendered":"<p>Pneu TERAVAIL RAMPART 27.5 | 650W x 47 Durable Teravail, de Minneapolis, ne sont pas seulement des sp\u00e9cialistes des pneus gravel. Le Rampart a \u00e9t\u00e9 inspir\u00e9 et con\u00e7u \u00e0 partir d\u2019exp\u00e9riences sur circuits et sur des terrains vari\u00e9s. De la route aux trottoirs, des collines vallonn\u00e9es aux mont\u00e9es quasi verticales, le Rampart a \u00e9t\u00e9 cr\u00e9\u00e9 [&hellip;]<\/p>\n","protected":false},"featured_media":724,"template":"","meta":{"_et_pb_use_builder":"","_et_pb_old_content":"","_et_gb_content_width":"","om_disable_all_campaigns":false,"_monsterinsights_skip_tracking":false,"_monsterinsights_sitenote_active":false,"_monsterinsights_sitenote_note":"","_monsterinsights_sitenote_category":0},"pwb-brand":[],"product_brand":[],"product_cat":[764],"product_tag":[],"class_list":{"0":"post-10491","1":"product","2":"type-product","3":"status-publish","4":"has-post-thumbnail","6":"product_cat-pneus","7":"product_shipping_class-petites-pieces","9":"first","10":"instock","11":"sale","12":"taxable","13":"shipping-taxable","14":"purchasable","15":"product-type-simple"},"aioseo_notices":[],"brands":[],"_links":{"self":[{"href":"https:\/\/gravel-bikes.cc\/fr\/wp-json\/wp\/v2\/product\/10491","targetHints":{"allow":["GET"]}}],"collection":[{"href":"https:\/\/gravel-bikes.cc\/fr\/wp-json\/wp\/v2\/product"}],"about":[{"href":"https:\/\/gravel-bikes.cc\/fr\/wp-json\/wp\/v2\/types\/product"}],"wp:featuredmedia":[{"embeddable":true,"href":"https:\/\/gravel-bikes.cc\/fr\/wp-json\/wp\/v2\/media\/724"}],"wp:attachment":[{"href":"https:\/\/gravel-bikes.cc\/fr\/wp-json\/wp\/v2\/media?parent=10491"}],"wp:term":[{"taxonomy":"pwb-brand","embeddable":true,"href":"https:\/\/gravel-bikes.cc\/fr\/wp-json\/wp\/v2\/pwb-brand?post=10491"},{"taxonomy":"product_brand","embeddable":true,"href":"https:\/\/gravel-bikes.cc\/fr\/wp-json\/wp\/v2\/product_brand?post=10491"},{"taxonomy":"product_cat","embeddable":true,"href":"https:\/\/gravel-bikes.cc\/fr\/wp-json\/wp\/v2\/product_cat?post=10491"},{"taxonomy":"product_tag","embeddable":true,"href":"https:\/\/gravel-bikes.cc\/fr\/wp-json\/wp\/v2\/product_tag?post=10491"}],"curies":[{"name":"wp","href":"https:\/\/api.w.org\/{rel}","templated":true}]}}