{"id":10533,"date":"2026-02-20T17:21:42","date_gmt":"2026-02-20T17:21:42","guid":{"rendered":"https:\/\/gravel-bikes.cc\/produkt\/apidura-cadre-tube-superieur\/"},"modified":"2026-02-20T17:21:42","modified_gmt":"2026-02-20T17:21:42","slug":"apidura-cadre-tube-superieur","status":"publish","type":"product","link":"https:\/\/gravel-bikes.cc\/fr\/produkt\/apidura-cadre-tube-superieur\/","title":{"rendered":"APIDURA Cadre &amp; Tube sup\u00e9rieur"},"content":{"rendered":"<p>Un syst\u00e8me modulaire de cadre et de tube sup\u00e9rieur qui am\u00e9liore les performances a\u00e9rodynamiques, sint\u00e9grant \u00e0 ton v\u00e9lo pour te rendre plus rapide.<\/p>\n<p>LAero System est une solution ax\u00e9e sur la performance pour les comp\u00e9titeurs de gravel, d\u00e9velopp\u00e9e via une analyse rigoureuse de la m\u00e9canique des fluides num\u00e9rique (CFD). Avec une \u00e9conomie moyenne de 5W \u00e0 vitesse de course, il est test\u00e9 en soufflerie et \u00e9prouv\u00e9 en comp\u00e9tition au plus haut niveau, montrant un avantage sur chaque v\u00e9lo test\u00e9.  <a href=\"https:\/\/www.apidura.com\/reports\/Aero-System-White-Paper.pdf\" target=\"_blank\" rel=\"noopener\">Consulte les donn\u00e9es.<\/a><\/p>\n<p>LAero System a \u00e9t\u00e9 con\u00e7u dans le but principal dam\u00e9liorer la\u00e9rodynamisme, peu importe ce que tu d\u00e9cides demporter. Depuis des ann\u00e9es, nous aidons les cyclistes \u00e0 aller plus loin, maintenant nous les aidons \u00e0 aller plus vite.  <a href=\"https:\/\/www.apidura.com\/aero-system\/\">D\u00e9couvre comment.<\/a><\/p>\n<p>\u2013 Les modules agissent ensemble pour am\u00e9liorer l\u2019a\u00e9rodynamisme<br \/>\n\u2013 La technologie Transfer Panel r\u00e9duit la tra\u00een\u00e9e<br \/>\n\u2013 Acc\u00e8s rapide d\u2019une seule main au module de tube sup\u00e9rieur<br \/>\n\u2013 Base int\u00e9rieure souple pour prot\u00e9ger le contenu<br \/>\n\u2013 Construction Hexagrid ultral\u00e9g\u00e8re<\/p>\n","protected":false},"excerpt":{"rendered":"<p>Un syst\u00e8me modulaire de cadre et de tube sup\u00e9rieur qui am\u00e9liore les performances a\u00e9rodynamiques, sint\u00e9grant \u00e0 ton v\u00e9lo pour te rendre plus rapide. LAero System est une solution ax\u00e9e sur la performance pour les comp\u00e9titeurs de gravel, d\u00e9velopp\u00e9e via une analyse rigoureuse de la m\u00e9canique des fluides num\u00e9rique (CFD). Avec une \u00e9conomie moyenne de 5W [&hellip;]<\/p>\n","protected":false},"featured_media":7704,"template":"","meta":{"_et_pb_use_builder":"","_et_pb_old_content":"","_et_gb_content_width":""},"pwb-brand":[],"product_brand":[],"product_cat":[756],"product_tag":[],"class_list":{"0":"post-10533","1":"product","2":"type-product","3":"status-publish","4":"has-post-thumbnail","6":"product_cat-non-classe","8":"first","9":"outofstock","10":"taxable","11":"shipping-taxable","12":"product-type-variable"},"aioseo_notices":[],"brands":[],"_links":{"self":[{"href":"https:\/\/gravel-bikes.cc\/fr\/wp-json\/wp\/v2\/product\/10533","targetHints":{"allow":["GET"]}}],"collection":[{"href":"https:\/\/gravel-bikes.cc\/fr\/wp-json\/wp\/v2\/product"}],"about":[{"href":"https:\/\/gravel-bikes.cc\/fr\/wp-json\/wp\/v2\/types\/product"}],"wp:featuredmedia":[{"embeddable":true,"href":"https:\/\/gravel-bikes.cc\/fr\/wp-json\/wp\/v2\/media\/7704"}],"wp:attachment":[{"href":"https:\/\/gravel-bikes.cc\/fr\/wp-json\/wp\/v2\/media?parent=10533"}],"wp:term":[{"taxonomy":"pwb-brand","embeddable":true,"href":"https:\/\/gravel-bikes.cc\/fr\/wp-json\/wp\/v2\/pwb-brand?post=10533"},{"taxonomy":"product_brand","embeddable":true,"href":"https:\/\/gravel-bikes.cc\/fr\/wp-json\/wp\/v2\/product_brand?post=10533"},{"taxonomy":"product_cat","embeddable":true,"href":"https:\/\/gravel-bikes.cc\/fr\/wp-json\/wp\/v2\/product_cat?post=10533"},{"taxonomy":"product_tag","embeddable":true,"href":"https:\/\/gravel-bikes.cc\/fr\/wp-json\/wp\/v2\/product_tag?post=10533"}],"curies":[{"name":"wp","href":"https:\/\/api.w.org\/{rel}","templated":true}]}}