{"id":11739,"date":"2026-04-29T05:56:13","date_gmt":"2026-04-29T05:56:13","guid":{"rendered":"https:\/\/gravel-bikes.cc\/produkt\/abus-bordo-one-6000\/"},"modified":"2026-04-29T05:56:13","modified_gmt":"2026-04-29T05:56:13","slug":"abus-bordo-one-6000","status":"publish","type":"product","link":"https:\/\/gravel-bikes.cc\/fr\/produkt\/abus-bordo-one-6000\/","title":{"rendered":"ABUS BORDO One 6000"},"content":{"rendered":"<h1 class=\"hyphenate\">BORDO\u2122 One 6000A<\/h1>\n<p>Le BORDO\u2122 One 6000A intelligent offre tout ce qui distingue son grand fr\u00e8re \u00e9prouv\u00e9 6500A : la combinaison d\u2019une technologie innovante avec une flexibilit\u00e9 maximale et une s\u00e9curit\u00e9 m\u00e9canique.<\/p>\n","protected":false},"excerpt":{"rendered":"<h3 class=\"like-h2\">L\u2019INTELLIGENCE EST S\u00c9CURIT\u00c9<\/h3>\n<div class=\"copy\"><span class=\"copy--bold\">Profite des avantages de la technologie innovante SmartX et transforme ton smartphone en cl\u00e9 : toujours avec toi, facile \u00e0 trouver et simple \u00e0 utiliser.<\/span><\/div>\n<div class=\"copy\">Gr\u00e2ce \u00e0 l\u2019int\u00e9gration avec l\u2019application ABUS One et la technologie Bluetooth ABUS SmartX\u2122 \u00e9prouv\u00e9e, le fonctionnement de l\u2019antivol est enti\u00e8rement sans cl\u00e9.<\/div>\n<div class=\"copy\">Combin\u00e9 \u00e0 l\u2019alarme sonore de 100 dB pour dissuader les voleurs de v\u00e9los, il t\u2019offre un haut niveau de s\u00e9curit\u00e9 pour les v\u00e9los \u00e9lectriques et les v\u00e9los cargo de grande valeur.<\/div>\n<div class=\"copy\">Pour ceux qui souhaitent une solution moins intelligente mais tout aussi pratique, le BORDO\u2122 One 6000A peut \u00eatre utilis\u00e9 en option avec la t\u00e9l\u00e9commande. Dans la variante RC (RC = Remote Control), celle-ci est incluse dans la livraison ; pour les autres variantes, la t\u00e9l\u00e9commande est disponible s\u00e9par\u00e9ment. <\/div>\n","protected":false},"featured_media":11740,"template":"","meta":{"_et_pb_use_builder":"","_et_pb_old_content":"","_et_gb_content_width":"","om_disable_all_campaigns":false,"_monsterinsights_skip_tracking":false,"_monsterinsights_sitenote_active":false,"_monsterinsights_sitenote_note":"","_monsterinsights_sitenote_category":0},"pwb-brand":[],"product_brand":[],"product_cat":[797,756],"product_tag":[971],"class_list":{"0":"post-11739","1":"product","2":"type-product","3":"status-publish","4":"has-post-thumbnail","6":"product_cat-cadenas-abus","7":"product_cat-non-classe","8":"product_tag-antivol-abus","10":"first","11":"instock","12":"taxable","13":"shipping-taxable","14":"product-type-simple"},"aioseo_notices":[],"df_price":"","df_sale_price":"","df_regular_price":"","df_image_link":"https:\/\/gravel-bikes.cc\/wp-content\/uploads\/2026\/04\/97338_BORDO_6000A_SMART-X_FOOTPRINT_abus_640-114x300.png","brands":[],"_links":{"self":[{"href":"https:\/\/gravel-bikes.cc\/fr\/wp-json\/wp\/v2\/product\/11739","targetHints":{"allow":["GET"]}}],"collection":[{"href":"https:\/\/gravel-bikes.cc\/fr\/wp-json\/wp\/v2\/product"}],"about":[{"href":"https:\/\/gravel-bikes.cc\/fr\/wp-json\/wp\/v2\/types\/product"}],"wp:featuredmedia":[{"embeddable":true,"href":"https:\/\/gravel-bikes.cc\/fr\/wp-json\/wp\/v2\/media\/11740"}],"wp:attachment":[{"href":"https:\/\/gravel-bikes.cc\/fr\/wp-json\/wp\/v2\/media?parent=11739"}],"wp:term":[{"taxonomy":"pwb-brand","embeddable":true,"href":"https:\/\/gravel-bikes.cc\/fr\/wp-json\/wp\/v2\/pwb-brand?post=11739"},{"taxonomy":"product_brand","embeddable":true,"href":"https:\/\/gravel-bikes.cc\/fr\/wp-json\/wp\/v2\/product_brand?post=11739"},{"taxonomy":"product_cat","embeddable":true,"href":"https:\/\/gravel-bikes.cc\/fr\/wp-json\/wp\/v2\/product_cat?post=11739"},{"taxonomy":"product_tag","embeddable":true,"href":"https:\/\/gravel-bikes.cc\/fr\/wp-json\/wp\/v2\/product_tag?post=11739"}],"curies":[{"name":"wp","href":"https:\/\/api.w.org\/{rel}","templated":true}]}}