{"id":11744,"date":"2026-04-29T05:59:28","date_gmt":"2026-04-29T05:59:28","guid":{"rendered":"https:\/\/gravel-bikes.cc\/produkt\/abus-bordo-6200k-2\/"},"modified":"2026-04-29T05:59:28","modified_gmt":"2026-04-29T05:59:28","slug":"abus-bordo-6200k-2","status":"publish","type":"product","link":"https:\/\/gravel-bikes.cc\/fr\/produkt\/abus-bordo-6200k-2\/","title":{"rendered":"ABUS BORDO 6200K"},"content":{"rendered":"<h3 class=\"like-h2\"><span class=\"top-line\">BORDO\u2122 6200K<\/span>S\u00dbR, PRATIQUE, FLEXIBLE<\/h3>\n<div class=\"copy\"><span class=\"copy--bold\">Attache ton v\u00e9lo de valeur non seulement en toute s\u00e9curit\u00e9, mais aussi facilement : avec le BORDO 6200K, tu trouves vite un endroit adapt\u00e9 pour attacher ton v\u00e9lo \u2013 m\u00eame des objets volumineux peuvent convenir.<\/span><\/div>\n<div class=\"copy\">L\u2019une des raisons : une grande circonf\u00e9rence de verrouillage de 94 cm, voire 127 cm \u2013 selon la version. Autre raison : la flexibilit\u00e9 de cet antivol pliant, gr\u00e2ce au corps de serrure rotatif. Tu peux ainsi orienter l\u2019ouverture pour la barre de verrouillage exactement l\u00e0 o\u00f9 tu en as besoin.  <\/div>\n<div class=\"copy\">Pour transporter l\u2019antivol, replie-le comme un m\u00e8tre pliant pour obtenir un format compact. Range-le ensuite dans le support fourni, facile \u00e0 monter sur le cadre du v\u00e9lo. Tr\u00e8s pratique : le support dispose d\u2019un compartiment pour ranger la cl\u00e9, et l\u2019antivol s\u2019y clipse facilement en appuyant sur les barres \u2013 rapidement et sans se pincer les doigts. Le support du Bordo 6200K\/120 poss\u00e8de aussi un compartiment pour un AirTag* ou un SmartTag**. Ils permettent de localiser l\u2019antivol ou le v\u00e9lo.    <\/div>\n<div class=\"copy\">Le 6200K\/120 dispose aussi d\u2019une position transport et d\u2019une position verrouillage. Cela signifie qu\u2019il y a deux options d\u2019insertion dans le corps de serrure : l\u2019ext\u00e9rieure convient uniquement au transport, tandis que l\u2019int\u00e9rieure sert \u00e0 verrouiller l\u2019antivol. <\/div>\n<div class=\"copy\">Le cylindre ABUS XPlus et les barres robustes en acier tremp\u00e9 avec profilage suppl\u00e9mentaire garantissent le haut niveau de s\u00e9curit\u00e9 du BORDO 6200K, fabriqu\u00e9 en Allemagne. Des disques en acier prot\u00e8gent les rivets contre les attaques \u00e0 la scie. Les barres sont rev\u00eatues pour prot\u00e9ger la roue des dommages sur la peinture.  <\/div>\n","protected":false},"excerpt":{"rendered":"<h1 class=\"hyphenate\">BORDO\u2122 6200K<\/h1>\n<p>D\u00e9couvre \u00e0 quel point la s\u00e9curit\u00e9 peut \u00eatre flexible : le corps de serrure robuste de cet antivol pliant pivote \u00e0 360\u00b0. Cela offre une amplitude de mouvement particuli\u00e8rement grande pour attacher le v\u00e9lo \u00e0 un objet. <\/p>\n","protected":false},"featured_media":0,"template":"","meta":{"_et_pb_use_builder":"","_et_pb_old_content":"","_et_gb_content_width":"","om_disable_all_campaigns":false,"_monsterinsights_skip_tracking":false,"_monsterinsights_sitenote_active":false,"_monsterinsights_sitenote_note":"","_monsterinsights_sitenote_category":0},"pwb-brand":[],"product_brand":[],"product_cat":[797],"product_tag":[],"class_list":{"0":"post-11744","1":"product","2":"type-product","3":"status-publish","5":"product_cat-cadenas-abus","7":"first","8":"instock","9":"taxable","10":"shipping-taxable","11":"product-type-simple"},"aioseo_notices":[],"df_price":"","df_sale_price":"","df_regular_price":"","df_image_link":"https:\/\/gravel-bikes.cc\/wp-content\/uploads\/woocommerce-placeholder-300x300.webp","brands":[],"_links":{"self":[{"href":"https:\/\/gravel-bikes.cc\/fr\/wp-json\/wp\/v2\/product\/11744","targetHints":{"allow":["GET"]}}],"collection":[{"href":"https:\/\/gravel-bikes.cc\/fr\/wp-json\/wp\/v2\/product"}],"about":[{"href":"https:\/\/gravel-bikes.cc\/fr\/wp-json\/wp\/v2\/types\/product"}],"wp:attachment":[{"href":"https:\/\/gravel-bikes.cc\/fr\/wp-json\/wp\/v2\/media?parent=11744"}],"wp:term":[{"taxonomy":"pwb-brand","embeddable":true,"href":"https:\/\/gravel-bikes.cc\/fr\/wp-json\/wp\/v2\/pwb-brand?post=11744"},{"taxonomy":"product_brand","embeddable":true,"href":"https:\/\/gravel-bikes.cc\/fr\/wp-json\/wp\/v2\/product_brand?post=11744"},{"taxonomy":"product_cat","embeddable":true,"href":"https:\/\/gravel-bikes.cc\/fr\/wp-json\/wp\/v2\/product_cat?post=11744"},{"taxonomy":"product_tag","embeddable":true,"href":"https:\/\/gravel-bikes.cc\/fr\/wp-json\/wp\/v2\/product_tag?post=11744"}],"curies":[{"name":"wp","href":"https:\/\/api.w.org\/{rel}","templated":true}]}}