{"id":11895,"date":"2026-05-03T12:24:22","date_gmt":"2026-05-03T12:24:22","guid":{"rendered":"https:\/\/gravel-bikes.cc\/?post_type=product&#038;p=11895"},"modified":"2026-05-03T12:36:43","modified_gmt":"2026-05-03T12:36:43","slug":"acompte-voyage-au-tibet-copy","status":"publish","type":"product","link":"https:\/\/gravel-bikes.cc\/fr\/produkt\/acompte-voyage-au-tibet-copy\/","title":{"rendered":"Acompte SAHARA Desert"},"content":{"rendered":"<div><span style=\"font-size: large;\"><b>Aper\u00e7u du voyage<\/b><\/span><\/div>\n<div>\n<ul>\n<li><strong>Dur\u00e9e :<\/strong> 8 jours \/ 7 nuits<\/li>\n<li><strong>Taille du groupe :<\/strong> minimum 3 participants<\/li>\n<li><strong>Type de voyage :<\/strong> exp\u00e9dition cycliste enti\u00e8rement encadr\u00e9e<\/li>\n<li><strong>Formule :<\/strong> pension compl\u00e8te (d\u00eener jour 1 \u2192 petit-d\u00e9jeuner jour 8)<\/li>\n<\/ul>\n<p>2\u202f000&nbsp;\u20ac<\/p>\n<\/div>\n","protected":false},"excerpt":{"rendered":"<p>Tour du d\u00e9sert du Sahara<\/p>\n<p>Acompte pour garantir ta place.<\/p>\n","protected":false},"featured_media":11898,"template":"","meta":{"_et_pb_use_builder":"","_et_pb_old_content":"","_et_gb_content_width":"","om_disable_all_campaigns":false,"_monsterinsights_skip_tracking":false,"_monsterinsights_sitenote_active":false,"_monsterinsights_sitenote_note":"","_monsterinsights_sitenote_category":0},"pwb-brand":[],"product_brand":[],"product_cat":[803],"product_tag":[],"class_list":{"0":"post-11895","1":"product","2":"type-product","3":"status-publish","4":"has-post-thumbnail","6":"product_cat-voyage","8":"first","9":"instock","10":"taxable","11":"shipping-taxable","12":"purchasable","13":"product-type-simple"},"aioseo_notices":[],"df_price":500,"df_sale_price":"","df_regular_price":500,"df_image_link":"https:\/\/gravel-bikes.cc\/wp-content\/uploads\/2026\/01\/A8609995-AD64-4C3A-9644-0DCED0CD1D6C-300x300.jpeg","brands":[],"_links":{"self":[{"href":"https:\/\/gravel-bikes.cc\/fr\/wp-json\/wp\/v2\/product\/11895","targetHints":{"allow":["GET"]}}],"collection":[{"href":"https:\/\/gravel-bikes.cc\/fr\/wp-json\/wp\/v2\/product"}],"about":[{"href":"https:\/\/gravel-bikes.cc\/fr\/wp-json\/wp\/v2\/types\/product"}],"wp:featuredmedia":[{"embeddable":true,"href":"https:\/\/gravel-bikes.cc\/fr\/wp-json\/wp\/v2\/media\/11898"}],"wp:attachment":[{"href":"https:\/\/gravel-bikes.cc\/fr\/wp-json\/wp\/v2\/media?parent=11895"}],"wp:term":[{"taxonomy":"pwb-brand","embeddable":true,"href":"https:\/\/gravel-bikes.cc\/fr\/wp-json\/wp\/v2\/pwb-brand?post=11895"},{"taxonomy":"product_brand","embeddable":true,"href":"https:\/\/gravel-bikes.cc\/fr\/wp-json\/wp\/v2\/product_brand?post=11895"},{"taxonomy":"product_cat","embeddable":true,"href":"https:\/\/gravel-bikes.cc\/fr\/wp-json\/wp\/v2\/product_cat?post=11895"},{"taxonomy":"product_tag","embeddable":true,"href":"https:\/\/gravel-bikes.cc\/fr\/wp-json\/wp\/v2\/product_tag?post=11895"}],"curies":[{"name":"wp","href":"https:\/\/api.w.org\/{rel}","templated":true}]}}