{"id":12094,"date":"2026-05-03T18:51:43","date_gmt":"2026-05-03T18:51:43","guid":{"rendered":"https:\/\/gravel-bikes.cc\/?post_type=product&#038;p=12094"},"modified":"2026-05-03T19:05:17","modified_gmt":"2026-05-03T19:05:17","slug":"velo-gravel-cervelo-asperio-shimano-grx-612-copy","status":"publish","type":"product","link":"https:\/\/gravel-bikes.cc\/fr\/produkt\/velo-gravel-cervelo-asperio-shimano-grx-612-copy\/","title":{"rendered":"3T Ultra 2"},"content":{"rendered":"<p>[et_pb_section fb_built=&#8221;1&#8243; _builder_version=&#8221;4.27.5&#8243; _module_preset=&#8221;default&#8221; global_colors_info=&#8221;{}&#8221;][et_pb_row _builder_version=&#8221;4.27.6&#8243; _module_preset=&#8221;default&#8221; global_colors_info=&#8221;{}&#8221;][et_pb_column type=&#8221;4_4&#8243; _builder_version=&#8221;4.27.5&#8243; _module_preset=&#8221;default&#8221; global_colors_info=&#8221;{}&#8221;][et_pb_image src=&#8221;https:\/\/gravel-bikes.cc\/wp-content\/uploads\/2026\/05\/b42ac3b3-a3d5-4654-8fc8-54bcac8ff064_1906x1882.webp&#8221; title_text=&#8221;b42ac3b3-a3d5-4654-8fc8-54bcac8ff064_1906x1882&#8243; _builder_version=&#8221;4.27.6&#8243; _module_preset=&#8221;default&#8221; global_colors_info=&#8221;{}&#8221;][\/et_pb_image][\/et_pb_column][\/et_pb_row][\/et_pb_section][et_pb_section fb_built=&#8221;1&#8243; _builder_version=&#8221;4.27.6&#8243; custom_padding=&#8221;0px||||false|false&#8221; global_colors_info=&#8221;{}&#8221;][et_pb_row _builder_version=&#8221;4.27.6&#8243; background_size=&#8221;initial&#8221; background_position=&#8221;top_left&#8221; background_repeat=&#8221;repeat&#8221; width=&#8221;100%&#8221; custom_padding=&#8221;0px||0px||false|false&#8221; global_colors_info=&#8221;{}&#8221;][et_pb_column type=&#8221;4_4&#8243; _builder_version=&#8221;4.27.6&#8243; custom_padding=&#8221;|||&#8221; global_colors_info=&#8221;{}&#8221; custom_padding__hover=&#8221;|||&#8221;][et_pb_wc_breadcrumb _builder_version=&#8221;4.16&#8243; global_colors_info=&#8221;{}&#8221;][\/et_pb_wc_breadcrumb][et_pb_wc_cart_notice _builder_version=&#8221;4.16&#8243; global_colors_info=&#8221;{}&#8221;][\/et_pb_wc_cart_notice][\/et_pb_column][\/et_pb_row][et_pb_row column_structure=&#8221;1_2,1_2&#8243; _builder_version=&#8221;4.16&#8243; background_size=&#8221;initial&#8221; background_position=&#8221;top_left&#8221; background_repeat=&#8221;repeat&#8221; width=&#8221;100%&#8221; custom_padding=&#8221;0px||||false|false&#8221; global_colors_info=&#8221;{}&#8221;][et_pb_column type=&#8221;1_2&#8243; _builder_version=&#8221;4.16&#8243; custom_padding=&#8221;|||&#8221; global_colors_info=&#8221;{}&#8221; custom_padding__hover=&#8221;|||&#8221;][et_pb_wc_images _builder_version=&#8221;4.16&#8243; global_colors_info=&#8221;{}&#8221;][\/et_pb_wc_images][et_pb_image src=&#8221;https:\/\/gravel-bikes.cc\/wp-content\/uploads\/2026\/05\/3T-Ultra-2-Glicine-19.jpg&#8221; title_text=&#8221;3T-Ultra-2-Glicine-19&#8243; _builder_version=&#8221;4.27.6&#8243; _module_preset=&#8221;default&#8221; global_colors_info=&#8221;{}&#8221;][\/et_pb_image][\/et_pb_column][et_pb_column type=&#8221;1_2&#8243; _builder_version=&#8221;4.16&#8243; custom_padding=&#8221;|||&#8221; global_colors_info=&#8221;{}&#8221; custom_padding__hover=&#8221;|||&#8221;][et_pb_wc_title _builder_version=&#8221;4.16&#8243; global_colors_info=&#8221;{}&#8221;][\/et_pb_wc_title][et_pb_wc_rating _builder_version=&#8221;4.16&#8243; global_colors_info=&#8221;{}&#8221;][\/et_pb_wc_rating][et_pb_wc_price _builder_version=&#8221;4.16&#8243; global_colors_info=&#8221;{}&#8221;][\/et_pb_wc_price][et_pb_wc_description _builder_version=&#8221;4.16&#8243; global_colors_info=&#8221;{}&#8221;][\/et_pb_wc_description][et_pb_wc_add_to_cart _builder_version=&#8221;4.16&#8243; global_colors_info=&#8221;{}&#8221;][\/et_pb_wc_add_to_cart][et_pb_wc_meta _builder_version=&#8221;4.16&#8243; global_colors_info=&#8221;{}&#8221;][\/et_pb_wc_meta][\/et_pb_column][\/et_pb_row][et_pb_row column_structure=&#8221;1_3,1_3,1_3&#8243; _builder_version=&#8221;4.27.5&#8243; _module_preset=&#8221;default&#8221; global_colors_info=&#8221;{}&#8221;][et_pb_column type=&#8221;1_3&#8243; _builder_version=&#8221;4.27.5&#8243; _module_preset=&#8221;default&#8221; global_colors_info=&#8221;{}&#8221;][et_pb_button button_text=&#8221;LEASING V\u00c9LO&#8221; _builder_version=&#8221;4.27.5&#8243; _module_preset=&#8221;default&#8221; global_colors_info=&#8221;{}&#8221;][\/et_pb_button][\/et_pb_column][et_pb_column type=&#8221;1_3&#8243; _builder_version=&#8221;4.27.5&#8243; _module_preset=&#8221;default&#8221; global_colors_info=&#8221;{}&#8221;][et_pb_button button_text=&#8221;FINANCEMENT&#8221; _builder_version=&#8221;4.27.5&#8243; _module_preset=&#8221;default&#8221; global_colors_info=&#8221;{}&#8221;][\/et_pb_button][\/et_pb_column][et_pb_column type=&#8221;1_3&#8243; _builder_version=&#8221;4.27.5&#8243; _module_preset=&#8221;default&#8221; global_colors_info=&#8221;{}&#8221;][et_pb_button button_text=&#8221;ASSURANCE&#8221; _builder_version=&#8221;4.27.5&#8243; _module_preset=&#8221;default&#8221; global_colors_info=&#8221;{}&#8221;][\/et_pb_button][\/et_pb_column][\/et_pb_row][et_pb_row _builder_version=&#8221;4.16&#8243; background_size=&#8221;initial&#8221; background_position=&#8221;top_left&#8221; background_repeat=&#8221;repeat&#8221; width=&#8221;100%&#8221; global_colors_info=&#8221;{}&#8221;][et_pb_column type=&#8221;4_4&#8243; _builder_version=&#8221;4.16&#8243; custom_padding=&#8221;|||&#8221; global_colors_info=&#8221;{}&#8221; custom_padding__hover=&#8221;|||&#8221;][et_pb_wc_tabs _builder_version=&#8221;4.16&#8243; global_colors_info=&#8221;{}&#8221;] [\/et_pb_wc_tabs][et_pb_wc_upsells _builder_version=&#8221;4.16&#8243; global_colors_info=&#8221;{}&#8221;][\/et_pb_wc_upsells][et_pb_wc_related_products _builder_version=&#8221;4.16&#8243; global_colors_info=&#8221;{}&#8221;][\/et_pb_wc_related_products][\/et_pb_column][\/et_pb_row][\/et_pb_section]<\/p>\n","protected":false},"excerpt":{"rendered":"<p>En 2019, l\u2019\u00c1spero a conquis le monde du gravel, annon\u00e7ant une \u00ab nouvelle \u00e8re de vitesse \u00bb. Fun, mais ultra rapide. Le nouvel \u00c1spero reste fid\u00e8le \u00e0 sa mission d\u2019origine, avec quelques am\u00e9liorations : un bo\u00eetier de p\u00e9dalier filet\u00e9, un passage de c\u00e2bles plus soign\u00e9 et une patte de d\u00e9railleur compatible UDH pour ceux qui souhaitent utiliser les transmissions SRAM Transmission. Et il est plus a\u00e9ro, bien s\u00fbr. Pour l\u2019\u00c1spero, la performance a\u00e9rodynamique est moins une question de vitesse pure que d\u2019\u00e9conomie d\u2019\u00e9nergie. Apr\u00e8s une longue journ\u00e9e face au vent, les trois watts \u00e9conomis\u00e9s par rapport au pr\u00e9c\u00e9dent \u00c1spero pourraient repr\u00e9senter un gel \u00e9nerg\u00e9tique de moins \u00e0 dig\u00e9rer pour ton estomac \u2014 \u00c7A EN VAUT LA PEINE.     <\/p>\n<p><strong> <\/strong><\/p>\n<p><strong> <\/strong><\/p>\n<p><strong> <\/strong><\/p>\n<p>&nbsp;<\/p>\n","protected":false},"featured_media":12105,"template":"","meta":{"_et_pb_use_builder":"on","_et_pb_old_content":"<h3 class=\"micro-title\">ULTRA 2 ITALIA ~ GRX Di2 1x12<\/h3>\n<dl>\n \t<dt>CADRE Ultra\u00b2 ITALIA (UDH)<\/dt>\n \t<dt>MAT\u00c9RIAU DU CADRE FUSION CARBON : Une construction hybride combinant les technologies propri\u00e9taires de bobinage de filament et de moulage par transfert de r\u00e9sine (RTM) de 3T avec des \u00e9l\u00e9ments s\u00e9lectionn\u00e9s de fabrication carbone traditionnelle<\/dt>\n \t<dt>FOURCHE 3T Fango Ultra\u00b2<\/dt>\n \t<dt>JEU DE DIRECTION Cartouche \u00e9tanche 52\/40 (45\u00b0)<\/dt>\n \t<dt>AXE TRAVERSANT 100x12 avant - 142x12 (sp\u00e9cifique pour patte UDH 3T)<\/dt>\n \t<dt>CINTRE 3T Superghiaia Integrale LTD (S&M : 40 cm - L&XL : 42 cm)<\/dt>\n \t<dt>RUBAN DE CINTRE 3T Prendo Tough<\/dt>\n \t<dt>POTENCE 3T More\u00b2 - (S : 80 mm - M : 90 mm - L : 100 mm - XL : 110 mm)<\/dt>\n \t<dt>PORTE-BIDON 3T CARBON SIDE LOAD (DROIT) PORTE-BIDON<\/dt>\n \t<dt>D\u00c9RAILLEUR ARRI\u00c8RE<\/dt>\n \t<dt>Shimano GRX Di2 RD-RX827 12s<\/dt>\n \t<dt>LEVIERS DE VITESSE\/FREIN Shimano GRX Di2 BL-RX820(L) + ST-RX825(R) 12v<\/dt>\n \t<dt>FREINS Shimano GRX BR-RX820 avec disques Shimano RT-CL800 160 mm<\/dt>\n \t<dt>P\u00c9DALIER Shimano GRX FC-RX820-1 40T (S : 165 mm, M : 170 mm - L&XL : 172,5 mm)<\/dt>\n \t<dt>CASSETTE Shimano Deore XT CS-M8200-12 10-51T<\/dt>\n \t<dt>ROUES Fulcrum Lite GR<\/dt>\n \t<dt>PNEUS Continental RaceKing\/Dubnital ou Terra Adventure*<\/dt>\n \t<dt>TIGE DE SELLE 3T Carbon 27,2 ronde - D\u00e9calage z\u00e9ro<\/dt>\n \t<dt>Fizik VENTO Argo X5 140 mm<\/dt>\n<\/dl>","_et_gb_content_width":"","om_disable_all_campaigns":false,"_monsterinsights_skip_tracking":false,"_monsterinsights_sitenote_active":false,"_monsterinsights_sitenote_note":"","_monsterinsights_sitenote_category":0},"pwb-brand":[],"product_brand":[],"product_cat":[945,746],"product_tag":[946],"class_list":{"0":"post-12094","1":"product","2":"type-product","3":"status-publish","4":"has-post-thumbnail","6":"product_cat-gravel-cervelo","7":"product_cat-soldes","8":"product_tag-gravel-cervelo","10":"first","11":"instock","12":"taxable","13":"shipping-taxable","14":"purchasable","15":"product-type-variable"},"aioseo_notices":[],"df_price":2390,"df_sale_price":"","df_regular_price":2390,"df_image_link":"https:\/\/gravel-bikes.cc\/wp-content\/uploads\/2026\/05\/3T-ULTRA-2-ITALIA-GRX-DI2-2026-GLICINE_0e9bcbac-1b16-41c3-b405-b28c3b37b399-300x300.webp","brands":[],"_links":{"self":[{"href":"https:\/\/gravel-bikes.cc\/fr\/wp-json\/wp\/v2\/product\/12094","targetHints":{"allow":["GET"]}}],"collection":[{"href":"https:\/\/gravel-bikes.cc\/fr\/wp-json\/wp\/v2\/product"}],"about":[{"href":"https:\/\/gravel-bikes.cc\/fr\/wp-json\/wp\/v2\/types\/product"}],"wp:featuredmedia":[{"embeddable":true,"href":"https:\/\/gravel-bikes.cc\/fr\/wp-json\/wp\/v2\/media\/12105"}],"wp:attachment":[{"href":"https:\/\/gravel-bikes.cc\/fr\/wp-json\/wp\/v2\/media?parent=12094"}],"wp:term":[{"taxonomy":"pwb-brand","embeddable":true,"href":"https:\/\/gravel-bikes.cc\/fr\/wp-json\/wp\/v2\/pwb-brand?post=12094"},{"taxonomy":"product_brand","embeddable":true,"href":"https:\/\/gravel-bikes.cc\/fr\/wp-json\/wp\/v2\/product_brand?post=12094"},{"taxonomy":"product_cat","embeddable":true,"href":"https:\/\/gravel-bikes.cc\/fr\/wp-json\/wp\/v2\/product_cat?post=12094"},{"taxonomy":"product_tag","embeddable":true,"href":"https:\/\/gravel-bikes.cc\/fr\/wp-json\/wp\/v2\/product_tag?post=12094"}],"curies":[{"name":"wp","href":"https:\/\/api.w.org\/{rel}","templated":true}]}}