{"id":8864,"date":"2025-12-14T18:52:57","date_gmt":"2025-12-14T18:52:57","guid":{"rendered":"https:\/\/gravel-bikes.cc\/produkt\/veste-de-pluie-maap-ascend-pro\/"},"modified":"2025-12-14T18:52:57","modified_gmt":"2025-12-14T18:52:57","slug":"veste-de-pluie-maap-ascend-pro","status":"publish","type":"product","link":"https:\/\/gravel-bikes.cc\/fr\/produkt\/veste-de-pluie-maap-ascend-pro\/","title":{"rendered":"Veste de pluie MAAP Ascend Pro"},"content":{"rendered":"","protected":false},"excerpt":{"rendered":"<p>La veste de pluie Ascend offre le summum de la protection contre la pluie et le vent, alliant performance et fiabilit\u00e9 quand tu affrontes des conditions extr\u00eames. Con\u00e7ue en tissu Sympatex\u00ae avec une membrane lamin\u00e9e \u00e0 3 couches, elle affiche un indice dimperm\u00e9abilit\u00e9 exceptionnel de 45k tout en bloquant le froid avec une protection 100 % coupe-vent. <\/p>\n<p>Tissu Sympatex avec membrane STX \u00e0 3 couches<br \/>\nIndice d\u2019imperm\u00e9abilit\u00e9 45k<br \/>\nIndice de respirabilit\u00e9 0,4 RET<br \/>\nCoupe-vent<br \/>\nCoutures thermocoll\u00e9es<br \/>\nZip \u00e9tanche bidirectionnel YKK Aquaguard<br \/>\nLogos r\u00e9fl\u00e9chissants par transfert<br \/>\nPoche poitrine zipp\u00e9e \u00e9tanche<br \/>\nOurlet arri\u00e8re allong\u00e9 avec bande en silicone<br \/>\nPoignets \u00e9lastiqu\u00e9s<br \/>\nManches articul\u00e9es pour une libert\u00e9 de mouvement totale<\/p>\n","protected":false},"featured_media":4058,"template":"","meta":{"_et_pb_use_builder":"","_et_pb_old_content":"","_et_gb_content_width":"","om_disable_all_campaigns":false,"_monsterinsights_skip_tracking":false,"_monsterinsights_sitenote_active":false,"_monsterinsights_sitenote_note":"","_monsterinsights_sitenote_category":0},"pwb-brand":[],"product_brand":[],"product_cat":[759],"product_tag":[761],"class_list":{"0":"post-8864","1":"product","2":"type-product","3":"status-publish","4":"has-post-thumbnail","6":"product_cat-maap","7":"product_tag-vetements-maap","8":"product_shipping_class-petites-pieces","10":"first","11":"instock","12":"taxable","13":"shipping-taxable","14":"purchasable","15":"product-type-simple"},"aioseo_notices":[],"brands":[],"_links":{"self":[{"href":"https:\/\/gravel-bikes.cc\/fr\/wp-json\/wp\/v2\/product\/8864","targetHints":{"allow":["GET"]}}],"collection":[{"href":"https:\/\/gravel-bikes.cc\/fr\/wp-json\/wp\/v2\/product"}],"about":[{"href":"https:\/\/gravel-bikes.cc\/fr\/wp-json\/wp\/v2\/types\/product"}],"wp:featuredmedia":[{"embeddable":true,"href":"https:\/\/gravel-bikes.cc\/fr\/wp-json\/wp\/v2\/media\/4058"}],"wp:attachment":[{"href":"https:\/\/gravel-bikes.cc\/fr\/wp-json\/wp\/v2\/media?parent=8864"}],"wp:term":[{"taxonomy":"pwb-brand","embeddable":true,"href":"https:\/\/gravel-bikes.cc\/fr\/wp-json\/wp\/v2\/pwb-brand?post=8864"},{"taxonomy":"product_brand","embeddable":true,"href":"https:\/\/gravel-bikes.cc\/fr\/wp-json\/wp\/v2\/product_brand?post=8864"},{"taxonomy":"product_cat","embeddable":true,"href":"https:\/\/gravel-bikes.cc\/fr\/wp-json\/wp\/v2\/product_cat?post=8864"},{"taxonomy":"product_tag","embeddable":true,"href":"https:\/\/gravel-bikes.cc\/fr\/wp-json\/wp\/v2\/product_tag?post=8864"}],"curies":[{"name":"wp","href":"https:\/\/api.w.org\/{rel}","templated":true}]}}