{"id":8881,"date":"2025-12-14T16:28:49","date_gmt":"2025-12-14T16:28:49","guid":{"rendered":"https:\/\/gravel-bikes.cc\/produkt\/3t-racemax\/"},"modified":"2026-03-22T12:10:56","modified_gmt":"2026-03-22T12:10:56","slug":"3t-racemax","status":"publish","type":"product","link":"https:\/\/gravel-bikes.cc\/fr\/produkt\/3t-racemax\/","title":{"rendered":"3T RACEMAX"},"content":{"rendered":"<p>[et_pb_section fb_built=&#8221;1&#8243; _builder_version=&#8221;4.27.5&#8243; _module_preset=&#8221;default&#8221; global_colors_info=&#8221;{}&#8221;][et_pb_row _builder_version=&#8221;4.27.5&#8243; _module_preset=&#8221;default&#8221; global_colors_info=&#8221;{}&#8221;][et_pb_column type=&#8221;4_4&#8243; _builder_version=&#8221;4.27.5&#8243; _module_preset=&#8221;default&#8221; global_colors_info=&#8221;{}&#8221;][et_pb_image src=&#8221;https:\/\/gravel-bikes.cc\/wp-content\/uploads\/2025\/12\/3T_Racemax_WPNT_Zefiro_Rival_DS_900x-1.webp&#8221; title_text=&#8221;3T_Racemax_WPNT_Zefiro_Rival_DS_900x (1)&#8221; _builder_version=&#8221;4.27.5&#8243; _module_preset=&#8221;default&#8221; global_colors_info=&#8221;{}&#8221;][\/et_pb_image][\/et_pb_column][\/et_pb_row][\/et_pb_section][et_pb_section fb_built=&#8221;1&#8243; _builder_version=&#8221;4.16&#8243; custom_padding=&#8221;0px||||false|false&#8221; global_colors_info=&#8221;{}&#8221;][et_pb_row _builder_version=&#8221;4.16&#8243; background_size=&#8221;initial&#8221; background_position=&#8221;top_left&#8221; background_repeat=&#8221;repeat&#8221; width=&#8221;100%&#8221; custom_padding=&#8221;0px||0px||false|false&#8221; global_colors_info=&#8221;{}&#8221;][et_pb_column type=&#8221;4_4&#8243; _builder_version=&#8221;4.16&#8243; custom_padding=&#8221;|||&#8221; global_colors_info=&#8221;{}&#8221; custom_padding__hover=&#8221;|||&#8221;][et_pb_wc_breadcrumb _builder_version=&#8221;4.16&#8243; global_colors_info=&#8221;{}&#8221;][\/et_pb_wc_breadcrumb][et_pb_wc_cart_notice _builder_version=&#8221;4.16&#8243; global_colors_info=&#8221;{}&#8221;][\/et_pb_wc_cart_notice][\/et_pb_column][\/et_pb_row][et_pb_row column_structure=&#8221;1_2,1_2&#8243; _builder_version=&#8221;4.16&#8243; background_size=&#8221;initial&#8221; background_position=&#8221;top_left&#8221; background_repeat=&#8221;repeat&#8221; width=&#8221;100%&#8221; custom_padding=&#8221;0px||||false|false&#8221; global_colors_info=&#8221;{}&#8221;][et_pb_column type=&#8221;1_2&#8243; _builder_version=&#8221;4.16&#8243; custom_padding=&#8221;|||&#8221; global_colors_info=&#8221;{}&#8221; custom_padding__hover=&#8221;|||&#8221;][et_pb_wc_images _builder_version=&#8221;4.16&#8243; global_colors_info=&#8221;{}&#8221;][\/et_pb_wc_images][et_pb_image src=&#8221;https:\/\/gravel-bikes.cc\/wp-content\/uploads\/2025\/12\/3T_Racemax_WPNT_Zefiro_Rival_DS_900x-1.webp&#8221; title_text=&#8221;3T_Racemax_WPNT_Zefiro_Rival_DS_900x (1)&#8221; _builder_version=&#8221;4.27.5&#8243; _module_preset=&#8221;default&#8221; global_colors_info=&#8221;{}&#8221;][\/et_pb_image][\/et_pb_column][et_pb_column type=&#8221;1_2&#8243; _builder_version=&#8221;4.16&#8243; custom_padding=&#8221;|||&#8221; global_colors_info=&#8221;{}&#8221; custom_padding__hover=&#8221;|||&#8221;][et_pb_wc_title _builder_version=&#8221;4.16&#8243; global_colors_info=&#8221;{}&#8221;][\/et_pb_wc_title][et_pb_wc_rating _builder_version=&#8221;4.16&#8243; global_colors_info=&#8221;{}&#8221;][\/et_pb_wc_rating][et_pb_wc_price _builder_version=&#8221;4.16&#8243; global_colors_info=&#8221;{}&#8221;][\/et_pb_wc_price][et_pb_wc_description _builder_version=&#8221;4.16&#8243; global_colors_info=&#8221;{}&#8221;][\/et_pb_wc_description][et_pb_wc_add_to_cart _builder_version=&#8221;4.16&#8243; global_colors_info=&#8221;{}&#8221;][\/et_pb_wc_add_to_cart][et_pb_wc_meta _builder_version=&#8221;4.16&#8243; global_colors_info=&#8221;{}&#8221;][\/et_pb_wc_meta][\/et_pb_column][\/et_pb_row][et_pb_row column_structure=&#8221;1_3,1_3,1_3&#8243; _builder_version=&#8221;4.27.5&#8243; _module_preset=&#8221;default&#8221; global_colors_info=&#8221;{}&#8221;][et_pb_column type=&#8221;1_3&#8243; _builder_version=&#8221;4.27.5&#8243; _module_preset=&#8221;default&#8221; global_colors_info=&#8221;{}&#8221;][et_pb_button button_text=&#8221;LEASING V\u00c9LO&#8221; _builder_version=&#8221;4.27.5&#8243; _module_preset=&#8221;default&#8221; global_colors_info=&#8221;{}&#8221;][\/et_pb_button][\/et_pb_column][et_pb_column type=&#8221;1_3&#8243; _builder_version=&#8221;4.27.5&#8243; _module_preset=&#8221;default&#8221; global_colors_info=&#8221;{}&#8221;][et_pb_button button_text=&#8221;FINANCEMENT&#8221; _builder_version=&#8221;4.27.5&#8243; _module_preset=&#8221;default&#8221; global_colors_info=&#8221;{}&#8221;][\/et_pb_button][\/et_pb_column][et_pb_column type=&#8221;1_3&#8243; _builder_version=&#8221;4.27.5&#8243; _module_preset=&#8221;default&#8221; global_colors_info=&#8221;{}&#8221;][et_pb_button button_text=&#8221;ASSURANCE&#8221; _builder_version=&#8221;4.27.5&#8243; _module_preset=&#8221;default&#8221; global_colors_info=&#8221;{}&#8221;][\/et_pb_button][\/et_pb_column][\/et_pb_row][et_pb_row column_structure=&#8221;1_3,1_3,1_3&#8243; _builder_version=&#8221;4.27.5&#8243; _module_preset=&#8221;default&#8221; global_colors_info=&#8221;{}&#8221;][et_pb_column type=&#8221;1_3&#8243; _builder_version=&#8221;4.27.5&#8243; _module_preset=&#8221;default&#8221; global_colors_info=&#8221;{}&#8221;][et_pb_image src=&#8221;https:\/\/gravel-bikes.cc\/wp-content\/uploads\/2025\/12\/3T_RaceMax_WPNT_Complete_bike_SramRival_XPLR_AXS_Bronzo.webp&#8221; title_text=&#8221;3T_RaceMax_WPNT_Complete_bike_SramRival_XPLR_AXS_Bronzo&#8221; _builder_version=&#8221;4.27.5&#8243; _module_preset=&#8221;default&#8221; global_colors_info=&#8221;{}&#8221;][\/et_pb_image][\/et_pb_column][et_pb_column type=&#8221;1_3&#8243; _builder_version=&#8221;4.27.5&#8243; _module_preset=&#8221;default&#8221; global_colors_info=&#8221;{}&#8221;][et_pb_image src=&#8221;https:\/\/gravel-bikes.cc\/wp-content\/uploads\/2025\/12\/3T_RaceMax_WPNT_Complete_bike_SramRival_XPLR_AXS_Aliseo_900x.webp&#8221; title_text=&#8221;3T_RaceMax_WPNT_Complete_bike_SramRival_XPLR_AXS_Aliseo_900x&#8221; _builder_version=&#8221;4.27.5&#8243; _module_preset=&#8221;default&#8221; global_colors_info=&#8221;{}&#8221;][\/et_pb_image][\/et_pb_column][et_pb_column type=&#8221;1_3&#8243; _builder_version=&#8221;4.27.5&#8243; _module_preset=&#8221;default&#8221; global_colors_info=&#8221;{}&#8221;][et_pb_image src=&#8221;https:\/\/gravel-bikes.cc\/wp-content\/uploads\/2025\/12\/6a9a3-1.webp&#8221; title_text=&#8221;6a9a3&#8243; _builder_version=&#8221;4.27.5&#8243; _module_preset=&#8221;default&#8221; global_colors_info=&#8221;{}&#8221;][\/et_pb_image][\/et_pb_column][\/et_pb_row][et_pb_row _builder_version=&#8221;4.16&#8243; background_size=&#8221;initial&#8221; background_position=&#8221;top_left&#8221; background_repeat=&#8221;repeat&#8221; width=&#8221;100%&#8221; global_colors_info=&#8221;{}&#8221;][et_pb_column type=&#8221;4_4&#8243; _builder_version=&#8221;4.16&#8243; custom_padding=&#8221;|||&#8221; global_colors_info=&#8221;{}&#8221; custom_padding__hover=&#8221;|||&#8221;][et_pb_wc_tabs _builder_version=&#8221;4.16&#8243; global_colors_info=&#8221;{}&#8221;] [\/et_pb_wc_tabs][et_pb_wc_upsells _builder_version=&#8221;4.16&#8243; global_colors_info=&#8221;{}&#8221;][\/et_pb_wc_upsells][et_pb_wc_related_products _builder_version=&#8221;4.16&#8243; global_colors_info=&#8221;{}&#8221;][\/et_pb_wc_related_products][\/et_pb_column][\/et_pb_row][\/et_pb_section]<\/p>\n","protected":false},"excerpt":{"rendered":"<p>3T Racemax<\/p>\n","protected":false},"featured_media":963,"template":"","meta":{"_et_pb_use_builder":"on","_et_pb_old_content":"<h3 class=\"micro-title\">RACEMAX WPNT ~ RIVAL XPLR AXS 1X13<\/h3>\n<dl>\n \t<dt>CADRE<\/dt>\n \t<dd>Racemax Integrale UDH<\/dd>\n \t<dt>MAT\u00c9RIAU DU CADRE<\/dt>\n \t<dd>Carbone pr\u00e9-impr\u00e9gn\u00e9 unidirectionnel, stratification performance en m\u00e9lange haut module\/haute r\u00e9sistance<\/dd>\n \t<dt>FOURCHE<\/dt>\n \t<dd>3T Fango RaceMax Integrale<\/dd>\n \t<dt>Jeu de direction<\/dt>\n \t<dd>3T MinMax Integrale IS42\/34 | IS47\/38 (36\u00b0)<\/dd>\n \t<dt>AXE TRAVERSANT<\/dt>\n \t<dd>100x12 avant - 142x12 arri\u00e8re (sp\u00e9cifique pour patte 3T UDH)<\/dd>\n \t<dt>CINTRE<\/dt>\n \t<dd>3T Aeroghiaia Integrale LTD (XS, S, M : 40 cm - L, XL : 42 cm, XXL : 44 cm)<\/dd>\n \t<dt>RUBAN DE CINTRE<\/dt>\n \t<dd>3T Prendo Speed<\/dd>\n \t<dt>POTENCE<\/dt>\n \t<dd>3T More (support GPS K-Edge inclus) - (S : 80 mm - M : 90 mm - L : 100 mm - XL : 110 mm)<\/dd>\n \t<dt>PORTE-BIDON<\/dt>\n \t<dd>Porte-bidon 3T en nylon \u00e0 chargement frontal<\/dd>\n \t<dt>D\u00c9RAILLEUR ARRI\u00c8RE<\/dt>\n \t<dd>Sram Rival XPLR AXS E1 MAX 46T<\/dd>\n \t<dt>LEVERS DE VITESSES\/FREIN<\/dt>\n \t<dd>Sram Rival AXS E1<\/dd>\n \t<dt>FREINS<\/dt>\n \t<dd>Freins \u00e0 disque hydrauliques Sram Rival E1 avec rotor Sram 160 mm<\/dd>\n \t<dt>P\u00c9DALIER<\/dt>\n \t<dd>Sram Rival E1 XPLR Wide, 40T (XS : 165 mm, S&M : 170 mm, L&XL : 172,5 mm, XXL : 175 mm)<\/dd>\n \t<dt>CASSETTE<\/dt>\n \t<dd>Sram Rival XG 1351 E1 XPLR 10-46T<\/dd>\n \t<dt>ROUES<\/dt>\n \t<dd>Fulcrum Rapid RED 900 700c ou Fulcrum Racing 600 700c selon disponibilit\u00e9<\/dd>\n \t<dt>PNEUS<\/dt>\n \t<dd>Pirelli Cinturato Gravel H 700\u00d740<\/dd>\n \t<dt>TIGE DE SELLE<\/dt>\n \t<dd>Tige de selle 3T RaceMax pour collier Ritchey<\/dd>\n \t<dt>SELLE<\/dt>\n \t<dd>San Marco Shortfit ou San Marco Shortfit 2.0 Off Road selon disponibilit\u00e9<\/dd>\n<\/dl>","_et_gb_content_width":""},"pwb-brand":[],"product_brand":[],"product_cat":[766],"product_tag":[768,767],"class_list":{"0":"post-8881","1":"product","2":"type-product","3":"status-publish","4":"has-post-thumbnail","6":"product_cat-3t","7":"product_tag-3t","8":"product_tag-hamburg-gravel","10":"first","11":"instock","12":"sale","13":"taxable","14":"shipping-taxable","15":"purchasable","16":"product-type-variable"},"aioseo_notices":[],"brands":[],"_links":{"self":[{"href":"https:\/\/gravel-bikes.cc\/fr\/wp-json\/wp\/v2\/product\/8881","targetHints":{"allow":["GET"]}}],"collection":[{"href":"https:\/\/gravel-bikes.cc\/fr\/wp-json\/wp\/v2\/product"}],"about":[{"href":"https:\/\/gravel-bikes.cc\/fr\/wp-json\/wp\/v2\/types\/product"}],"wp:featuredmedia":[{"embeddable":true,"href":"https:\/\/gravel-bikes.cc\/fr\/wp-json\/wp\/v2\/media\/963"}],"wp:attachment":[{"href":"https:\/\/gravel-bikes.cc\/fr\/wp-json\/wp\/v2\/media?parent=8881"}],"wp:term":[{"taxonomy":"pwb-brand","embeddable":true,"href":"https:\/\/gravel-bikes.cc\/fr\/wp-json\/wp\/v2\/pwb-brand?post=8881"},{"taxonomy":"product_brand","embeddable":true,"href":"https:\/\/gravel-bikes.cc\/fr\/wp-json\/wp\/v2\/product_brand?post=8881"},{"taxonomy":"product_cat","embeddable":true,"href":"https:\/\/gravel-bikes.cc\/fr\/wp-json\/wp\/v2\/product_cat?post=8881"},{"taxonomy":"product_tag","embeddable":true,"href":"https:\/\/gravel-bikes.cc\/fr\/wp-json\/wp\/v2\/product_tag?post=8881"}],"curies":[{"name":"wp","href":"https:\/\/api.w.org\/{rel}","templated":true}]}}