{"id":8884,"date":"2025-12-15T09:11:47","date_gmt":"2025-12-15T09:11:47","guid":{"rendered":"https:\/\/gravel-bikes.cc\/produkt\/ultra-dynamico-carva-42-mm\/"},"modified":"2025-12-15T09:11:47","modified_gmt":"2025-12-15T09:11:47","slug":"ultra-dynamico-carva-42-mm","status":"publish","type":"product","link":"https:\/\/gravel-bikes.cc\/fr\/produkt\/ultra-dynamico-carva-42-mm\/","title":{"rendered":"Ultra Dynamico Carva 42 mm"},"content":{"rendered":"","protected":false},"excerpt":{"rendered":"<p>Notre Cava catalan est un grand cru. Un pneu minimaliste pour ceux qui veulent la vitesse pure dun slick gros volume mais ont besoin dun pneu plus pr\u00e9visible dans les virages fuyants. <\/p>\n<p>-La bande de roulement en pointes de diamant 3D <i>masse<\/i> les terrains meubles pour une traction 20 \u00e0 30 % sup\u00e9rieure \u00e0 celle d\u2019un slick<\/p>\n<p>-Deltas a\u00e9ronautiques centraux en creux pour une VITESSE pure et enivrante<\/p>\n<p>-Volume l\u00e9g\u00e8rement sup\u00e9rieur au ROS\u00e9, offrant le m\u00eame diam\u00e8tre ext\u00e9rieur effectif pour ne pas modifier la g\u00e9om\u00e9trie si tu lassocies \u00e0 un ROS\u00e9 \u00e0 lavant.<\/p>\n<p>-Moins sensible aux coupures quun pur slick<\/p>\n<p>-Aucune protection des flancs ni de la bande de roulement pour une qualit\u00e9 de roulage premium. Si tu es un cycliste agressif qui cr\u00e8ve souvent, ne les ach\u00e8te pas. Envisage plut\u00f4t nos <a href=\"https:\/\/ultradynamico.com\/products\/cava-robusto\" target=\"_blank\" rel=\"noopener\"><em>Robusto<\/em><\/a>  <\/p>\n<p>&#8211;<strong><em>JFF<\/em><\/strong> signifie <em><strong>J<\/strong>uste <strong>P<\/strong>our le <strong>P<\/strong>laisir<\/em>, mais pas seulement : ces pneus sont aussi bien taill\u00e9s pour les longues journ\u00e9es de souffrance que pour une vir\u00e9e dominicale dans les boutiques de donuts vegans de Portland.<\/p>\n<p>-Compatible tubeless<\/p>\n<p>-Pneus emball\u00e9s dans du carton FSC recyclable et vendus \u00e0 lunit\u00e9<\/p>\n","protected":false},"featured_media":1031,"template":"","meta":{"_et_pb_use_builder":"","_et_pb_old_content":"","_et_gb_content_width":"","om_disable_all_campaigns":false,"_monsterinsights_skip_tracking":false,"_monsterinsights_sitenote_active":false,"_monsterinsights_sitenote_note":"","_monsterinsights_sitenote_category":0},"pwb-brand":[],"product_brand":[],"product_cat":[764],"product_tag":[769],"class_list":{"0":"post-8884","1":"product","2":"type-product","3":"status-publish","4":"has-post-thumbnail","6":"product_cat-pneus","7":"product_tag-ultradynamico","8":"product_shipping_class-petites-pieces","10":"first","11":"instock","12":"sale","13":"taxable","14":"shipping-taxable","15":"purchasable","16":"product-type-simple"},"aioseo_notices":[],"brands":[],"_links":{"self":[{"href":"https:\/\/gravel-bikes.cc\/fr\/wp-json\/wp\/v2\/product\/8884","targetHints":{"allow":["GET"]}}],"collection":[{"href":"https:\/\/gravel-bikes.cc\/fr\/wp-json\/wp\/v2\/product"}],"about":[{"href":"https:\/\/gravel-bikes.cc\/fr\/wp-json\/wp\/v2\/types\/product"}],"wp:featuredmedia":[{"embeddable":true,"href":"https:\/\/gravel-bikes.cc\/fr\/wp-json\/wp\/v2\/media\/1031"}],"wp:attachment":[{"href":"https:\/\/gravel-bikes.cc\/fr\/wp-json\/wp\/v2\/media?parent=8884"}],"wp:term":[{"taxonomy":"pwb-brand","embeddable":true,"href":"https:\/\/gravel-bikes.cc\/fr\/wp-json\/wp\/v2\/pwb-brand?post=8884"},{"taxonomy":"product_brand","embeddable":true,"href":"https:\/\/gravel-bikes.cc\/fr\/wp-json\/wp\/v2\/product_brand?post=8884"},{"taxonomy":"product_cat","embeddable":true,"href":"https:\/\/gravel-bikes.cc\/fr\/wp-json\/wp\/v2\/product_cat?post=8884"},{"taxonomy":"product_tag","embeddable":true,"href":"https:\/\/gravel-bikes.cc\/fr\/wp-json\/wp\/v2\/product_tag?post=8884"}],"curies":[{"name":"wp","href":"https:\/\/api.w.org\/{rel}","templated":true}]}}