{"id":8889,"date":"2025-12-15T09:15:44","date_gmt":"2025-12-15T09:15:44","guid":{"rendered":"https:\/\/gravel-bikes.cc\/produkt\/ultra-dynamico-carva-42-mm-noir\/"},"modified":"2025-12-15T09:15:44","modified_gmt":"2025-12-15T09:15:44","slug":"ultra-dynamico-carva-42-mm-noir","status":"publish","type":"product","link":"https:\/\/gravel-bikes.cc\/fr\/produkt\/ultra-dynamico-carva-42-mm-noir\/","title":{"rendered":"Ultra Dynamico Carva 42&nbsp;mm Noir"},"content":{"rendered":"","protected":false},"excerpt":{"rendered":"<p>Notre Cava catalan est un excellent cru. Un pneu minimaliste pour celles et ceux qui veulent la vitesse libre dun slick \u00e0 gros volume, mais ont besoin dun pneu plus pr\u00e9visible dans les virages sur terrain meuble. <\/p>\n<p>-Profil \u00e0 lime diamant 3D <i>masse<\/i> les terrains granuleux pour une traction perceptiblement sup\u00e9rieure de 20 \u00e0 30&nbsp;% \u00e0 celle d\u2019un slick<\/p>\n<p>-Espace n\u00e9gatif continu au centre, deltas a\u00e9ronautiques, pour une VITESSE pure et grisante<\/p>\n<p>-Volume l\u00e9g\u00e8rement sup\u00e9rieur au ROS\u00e9, lui donnant le m\u00eame diam\u00e8tre ext\u00e9rieur effectif, pour conserver la g\u00e9om\u00e9trie inchang\u00e9e lorsquil est associ\u00e9 \u00e0 un ROS\u00e9 \u00e0 lavant.<\/p>\n<p>-Moins sensible aux entailles de bande de roulement quun vrai slick<\/p>\n<p>-Z\u00e9ro protection des flancs et aucune protection anti-crevaison sur le dessus, pour une qualit\u00e9 de roulage premium qui masse le terrain. Si tu roules de fa\u00e7on agressive et que tu cr\u00e8ves souvent, n\u2019ach\u00e8te pas \u00e7a. Pr\u00e9f\u00e8re notre <a href=\"https:\/\/ultradynamico.com\/products\/cava-robusto\" target=\"_blank\" rel=\"noopener\"><em>Robusto<\/em><\/a>  <\/p>\n<p>&#8211;<strong><em>JFF<\/em><\/strong> signifie <em><strong>J<\/strong>ust <strong>F<\/strong>or <strong>F<\/strong>un<\/em>, mais pas seulement pour s\u2019amuser&nbsp;: ces pneus sont aussi \u00e0 l\u2019aise pour de longues journ\u00e9es enferm\u00e9es dans le donjon de la douleur que pour une balade dominicale des boutiques de donuts vegan de Portland.<\/p>\n<p>-Compatible tubeless<\/p>\n<p>-Pneus emball\u00e9s dans un joli carton FSC, recyclable, et vendus \u00e0 lunit\u00e9<\/p>\n","protected":false},"featured_media":1036,"template":"","meta":{"_et_pb_use_builder":"","_et_pb_old_content":"","_et_gb_content_width":"","om_disable_all_campaigns":false,"_monsterinsights_skip_tracking":false,"_monsterinsights_sitenote_active":false,"_monsterinsights_sitenote_note":"","_monsterinsights_sitenote_category":0},"pwb-brand":[],"product_brand":[],"product_cat":[764],"product_tag":[769],"class_list":{"0":"post-8889","1":"product","2":"type-product","3":"status-publish","4":"has-post-thumbnail","6":"product_cat-pneus","7":"product_tag-ultradynamico","8":"product_shipping_class-petites-pieces","10":"first","11":"instock","12":"sale","13":"taxable","14":"shipping-taxable","15":"purchasable","16":"product-type-simple"},"aioseo_notices":[],"brands":[],"_links":{"self":[{"href":"https:\/\/gravel-bikes.cc\/fr\/wp-json\/wp\/v2\/product\/8889","targetHints":{"allow":["GET"]}}],"collection":[{"href":"https:\/\/gravel-bikes.cc\/fr\/wp-json\/wp\/v2\/product"}],"about":[{"href":"https:\/\/gravel-bikes.cc\/fr\/wp-json\/wp\/v2\/types\/product"}],"wp:featuredmedia":[{"embeddable":true,"href":"https:\/\/gravel-bikes.cc\/fr\/wp-json\/wp\/v2\/media\/1036"}],"wp:attachment":[{"href":"https:\/\/gravel-bikes.cc\/fr\/wp-json\/wp\/v2\/media?parent=8889"}],"wp:term":[{"taxonomy":"pwb-brand","embeddable":true,"href":"https:\/\/gravel-bikes.cc\/fr\/wp-json\/wp\/v2\/pwb-brand?post=8889"},{"taxonomy":"product_brand","embeddable":true,"href":"https:\/\/gravel-bikes.cc\/fr\/wp-json\/wp\/v2\/product_brand?post=8889"},{"taxonomy":"product_cat","embeddable":true,"href":"https:\/\/gravel-bikes.cc\/fr\/wp-json\/wp\/v2\/product_cat?post=8889"},{"taxonomy":"product_tag","embeddable":true,"href":"https:\/\/gravel-bikes.cc\/fr\/wp-json\/wp\/v2\/product_tag?post=8889"}],"curies":[{"name":"wp","href":"https:\/\/api.w.org\/{rel}","templated":true}]}}