{"id":8899,"date":"2025-12-15T10:21:56","date_gmt":"2025-12-15T10:21:56","guid":{"rendered":"https:\/\/gravel-bikes.cc\/produkt\/levier-shimano-grx-di2-gauche-2-x-11\/"},"modified":"2025-12-15T10:21:56","modified_gmt":"2025-12-15T10:21:56","slug":"levier-shimano-grx-di2-gauche-2-x-11","status":"publish","type":"product","link":"https:\/\/gravel-bikes.cc\/fr\/produkt\/levier-shimano-grx-di2-gauche-2-x-11\/","title":{"rendered":"Levier Shimano GRX Di2 gauche 2 x 11"},"content":{"rendered":"","protected":false},"excerpt":{"rendered":"<p>Les gravel bikes deviennent de plus en plus populaires aupr\u00e8s des cyclistes. Les avantages sont \u00e9vidents. Ils offrent une g\u00e9om\u00e9trie plus confortable que les v\u00e9los de route, excellent aussi hors des routes goudronn\u00e9es et conviennent aux longues sorties. Cependant, les composants classiques de v\u00e9lo de route atteignent leurs limites sur ces v\u00e9los. Cest pourquoi Shimano a d\u00e9velopp\u00e9 ses propres groupes de transmission sp\u00e9cialement pour cette cat\u00e9gorie.    <\/p>\n","protected":false},"featured_media":1054,"template":"","meta":{"_et_pb_use_builder":"","_et_pb_old_content":"","_et_gb_content_width":"","om_disable_all_campaigns":false,"_monsterinsights_skip_tracking":false,"_monsterinsights_sitenote_active":false,"_monsterinsights_sitenote_note":"","_monsterinsights_sitenote_category":0},"pwb-brand":[],"product_brand":[],"product_cat":[757],"product_tag":[],"class_list":{"0":"post-8899","1":"product","2":"type-product","3":"status-publish","4":"has-post-thumbnail","6":"product_cat-shimano-di2","7":"product_shipping_class-petites-pieces","9":"first","10":"instock","11":"sale","12":"taxable","13":"shipping-taxable","14":"purchasable","15":"product-type-simple"},"aioseo_notices":[],"brands":[],"_links":{"self":[{"href":"https:\/\/gravel-bikes.cc\/fr\/wp-json\/wp\/v2\/product\/8899","targetHints":{"allow":["GET"]}}],"collection":[{"href":"https:\/\/gravel-bikes.cc\/fr\/wp-json\/wp\/v2\/product"}],"about":[{"href":"https:\/\/gravel-bikes.cc\/fr\/wp-json\/wp\/v2\/types\/product"}],"wp:featuredmedia":[{"embeddable":true,"href":"https:\/\/gravel-bikes.cc\/fr\/wp-json\/wp\/v2\/media\/1054"}],"wp:attachment":[{"href":"https:\/\/gravel-bikes.cc\/fr\/wp-json\/wp\/v2\/media?parent=8899"}],"wp:term":[{"taxonomy":"pwb-brand","embeddable":true,"href":"https:\/\/gravel-bikes.cc\/fr\/wp-json\/wp\/v2\/pwb-brand?post=8899"},{"taxonomy":"product_brand","embeddable":true,"href":"https:\/\/gravel-bikes.cc\/fr\/wp-json\/wp\/v2\/product_brand?post=8899"},{"taxonomy":"product_cat","embeddable":true,"href":"https:\/\/gravel-bikes.cc\/fr\/wp-json\/wp\/v2\/product_cat?post=8899"},{"taxonomy":"product_tag","embeddable":true,"href":"https:\/\/gravel-bikes.cc\/fr\/wp-json\/wp\/v2\/product_tag?post=8899"}],"curies":[{"name":"wp","href":"https:\/\/api.w.org\/{rel}","templated":true}]}}