{"id":8921,"date":"2025-12-25T14:22:55","date_gmt":"2025-12-25T14:22:55","guid":{"rendered":"https:\/\/gravel-bikes.cc\/produkt\/pirelli-sealant-1-000-ml\/"},"modified":"2025-12-25T14:22:55","modified_gmt":"2025-12-25T14:22:55","slug":"pirelli-sealant-1-000-ml","status":"publish","type":"product","link":"https:\/\/gravel-bikes.cc\/fr\/produkt\/pirelli-sealant-1-000-ml\/","title":{"rendered":"PIRELLI SEALANT 1\u202f000 ml"},"content":{"rendered":"","protected":false},"excerpt":{"rendered":"<ul>\n<li><strong>Sans ammoniaque \u2013 pr\u00e9serve la jante, r\u00e9duit la corrosion<\/strong><\/li>\n<li><strong>Sans latex et sans prot\u00e9ines, pour r\u00e9duire le risque de r\u00e9actions allergiques cutan\u00e9es<\/strong><\/li>\n<li><strong>Ne laisse aucun r\u00e9sidu collant dans le pneu<\/strong><\/li>\n<li><strong>Compatible avec une large plage de temp\u00e9ratures (-20&nbsp;\u00b0C\/68&nbsp;\u00b0F \u00e0 70&nbsp;\u00b0C\/158&nbsp;\u00b0F)<\/strong><\/li>\n<li><strong>Compatible avec une large plage de pression d\u2019air (1 \u00e0 7&nbsp;bar \/ 15&nbsp;PSI \u00e0 100&nbsp;PSI)<\/strong><\/li>\n<li><strong>Compatible avec une r\u00e9paration d\u2019urgence sur place au CO2. (Le CO2 acc\u00e9l\u00e8re la coagulation, il faut donc renouveler le liquide pr\u00e9ventif ensuite <\/strong><\/li>\n<\/ul>\n","protected":false},"featured_media":3305,"template":"","meta":{"_et_pb_use_builder":"","_et_pb_old_content":"","_et_gb_content_width":"","om_disable_all_campaigns":false,"_monsterinsights_skip_tracking":false,"_monsterinsights_sitenote_active":false,"_monsterinsights_sitenote_note":"","_monsterinsights_sitenote_category":0},"pwb-brand":[],"product_brand":[],"product_cat":[786],"product_tag":[787],"class_list":{"0":"post-8921","1":"product","2":"type-product","3":"status-publish","4":"has-post-thumbnail","6":"product_cat-pieces-tubeless","7":"product_tag-pirelli-sealant","9":"first","10":"instock","11":"taxable","12":"shipping-taxable","13":"purchasable","14":"product-type-simple"},"aioseo_notices":[],"brands":[],"_links":{"self":[{"href":"https:\/\/gravel-bikes.cc\/fr\/wp-json\/wp\/v2\/product\/8921","targetHints":{"allow":["GET"]}}],"collection":[{"href":"https:\/\/gravel-bikes.cc\/fr\/wp-json\/wp\/v2\/product"}],"about":[{"href":"https:\/\/gravel-bikes.cc\/fr\/wp-json\/wp\/v2\/types\/product"}],"wp:featuredmedia":[{"embeddable":true,"href":"https:\/\/gravel-bikes.cc\/fr\/wp-json\/wp\/v2\/media\/3305"}],"wp:attachment":[{"href":"https:\/\/gravel-bikes.cc\/fr\/wp-json\/wp\/v2\/media?parent=8921"}],"wp:term":[{"taxonomy":"pwb-brand","embeddable":true,"href":"https:\/\/gravel-bikes.cc\/fr\/wp-json\/wp\/v2\/pwb-brand?post=8921"},{"taxonomy":"product_brand","embeddable":true,"href":"https:\/\/gravel-bikes.cc\/fr\/wp-json\/wp\/v2\/product_brand?post=8921"},{"taxonomy":"product_cat","embeddable":true,"href":"https:\/\/gravel-bikes.cc\/fr\/wp-json\/wp\/v2\/product_cat?post=8921"},{"taxonomy":"product_tag","embeddable":true,"href":"https:\/\/gravel-bikes.cc\/fr\/wp-json\/wp\/v2\/product_tag?post=8921"}],"curies":[{"name":"wp","href":"https:\/\/api.w.org\/{rel}","templated":true}]}}