{"id":8923,"date":"2025-12-25T13:13:47","date_gmt":"2025-12-25T13:13:47","guid":{"rendered":"https:\/\/gravel-bikes.cc\/produkt\/pirelli-cinturato-45-mm-tlr\/"},"modified":"2025-12-25T13:13:47","modified_gmt":"2025-12-25T13:13:47","slug":"pirelli-cinturato-45-mm-tlr","status":"publish","type":"product","link":"https:\/\/gravel-bikes.cc\/fr\/produkt\/pirelli-cinturato-45-mm-tlr\/","title":{"rendered":"PIRELLI CINTURATO 45 mm TLR"},"content":{"rendered":"","protected":false},"excerpt":{"rendered":"<p>Le Cinturato Adventure est con\u00e7u pour tes aventures de bikepacking ; son profil est plus l\u00e9ger au centre et plus agressif sur les \u00e9paules, avec des crampons tout-terrain pens\u00e9s pour am\u00e9liorer le soutien sur terrains vari\u00e9s. Il int\u00e8gre la nouvelle ProWall Gravel, une carcasse tubeless-ready de 60 TPI avec renforts de flancs contre les coupures, tandis que le m\u00e9lange ProCompound Gravel, formul\u00e9 avec des polym\u00e8res, offre une meilleure long\u00e9vit\u00e9. Cest un pneu qui offre traction et accroche sur une multitude de surfaces.  <\/p>\n<p>TPI : 60 TPI<br \/>\nCarcasse : ProWall Gravel<br \/>\nM\u00e9lange : Pro Compound<\/p>\n","protected":false},"featured_media":3291,"template":"","meta":{"_et_pb_use_builder":"","_et_pb_old_content":"","_et_gb_content_width":"","om_disable_all_campaigns":false,"_monsterinsights_skip_tracking":false,"_monsterinsights_sitenote_active":false,"_monsterinsights_sitenote_note":"","_monsterinsights_sitenote_category":0},"pwb-brand":[],"product_brand":[],"product_cat":[764],"product_tag":[788],"class_list":{"0":"post-8923","1":"product","2":"type-product","3":"status-publish","4":"has-post-thumbnail","6":"product_cat-pneus","7":"product_tag-pinarelli","9":"first","10":"instock","11":"taxable","12":"shipping-taxable","13":"purchasable","14":"product-type-simple"},"aioseo_notices":[],"brands":[],"_links":{"self":[{"href":"https:\/\/gravel-bikes.cc\/fr\/wp-json\/wp\/v2\/product\/8923","targetHints":{"allow":["GET"]}}],"collection":[{"href":"https:\/\/gravel-bikes.cc\/fr\/wp-json\/wp\/v2\/product"}],"about":[{"href":"https:\/\/gravel-bikes.cc\/fr\/wp-json\/wp\/v2\/types\/product"}],"wp:featuredmedia":[{"embeddable":true,"href":"https:\/\/gravel-bikes.cc\/fr\/wp-json\/wp\/v2\/media\/3291"}],"wp:attachment":[{"href":"https:\/\/gravel-bikes.cc\/fr\/wp-json\/wp\/v2\/media?parent=8923"}],"wp:term":[{"taxonomy":"pwb-brand","embeddable":true,"href":"https:\/\/gravel-bikes.cc\/fr\/wp-json\/wp\/v2\/pwb-brand?post=8923"},{"taxonomy":"product_brand","embeddable":true,"href":"https:\/\/gravel-bikes.cc\/fr\/wp-json\/wp\/v2\/product_brand?post=8923"},{"taxonomy":"product_cat","embeddable":true,"href":"https:\/\/gravel-bikes.cc\/fr\/wp-json\/wp\/v2\/product_cat?post=8923"},{"taxonomy":"product_tag","embeddable":true,"href":"https:\/\/gravel-bikes.cc\/fr\/wp-json\/wp\/v2\/product_tag?post=8923"}],"curies":[{"name":"wp","href":"https:\/\/api.w.org\/{rel}","templated":true}]}}