{"id":8954,"date":"2026-01-19T08:30:38","date_gmt":"2026-01-19T08:30:38","guid":{"rendered":"https:\/\/gravel-bikes.cc\/produkt\/schwalbe-rs-pro-50-mm\/"},"modified":"2026-01-19T08:30:38","modified_gmt":"2026-01-19T08:30:38","slug":"schwalbe-rs-pro-50-mm","status":"publish","type":"product","link":"https:\/\/gravel-bikes.cc\/fr\/produkt\/schwalbe-rs-pro-50-mm\/","title":{"rendered":"SCHWALBE RS PRO 50 mm"},"content":{"rendered":"<p>Le G-ONE RS PRO est notre pneu gravel le plus rapide. Ce pneu semi-slick est con\u00e7u pour offrir une efficacit\u00e9 maximale sur les surfaces dures. Cest le premier choix pour ceux qui nont quun seul objectif en t\u00eate : la vitesse. De nombreuses victoires dans les courses gravel les plus difficiles du monde entier prouvent ses performances. Sa bande de roulement en forme d\u00e9cailles offre la plus faible r\u00e9sistance au roulement de toute la gamme G-ONE PRO, tandis que les crampons lat\u00e9raux encastr\u00e9s assurent ladh\u00e9rence et la traction en virage.    <\/p>\n","protected":false},"excerpt":{"rendered":"<p>Le G-ONE RS PRO est notre pneu gravel le plus rapide. Ce pneu semi-slick est con\u00e7u pour offrir une efficacit\u00e9 maximale sur les surfaces dures. Cest le premier choix pour ceux qui nont quun seul objectif en t\u00eate : la vitesse. De nombreuses victoires dans les courses gravel les plus difficiles du monde entier prouvent [&hellip;]<\/p>\n","protected":false},"featured_media":5618,"template":"","meta":{"_et_pb_use_builder":"","_et_pb_old_content":"","_et_gb_content_width":"","om_disable_all_campaigns":false,"_monsterinsights_skip_tracking":false,"_monsterinsights_sitenote_active":false,"_monsterinsights_sitenote_note":"","_monsterinsights_sitenote_category":0},"pwb-brand":[],"product_brand":[],"product_cat":[764],"product_tag":[],"class_list":{"0":"post-8954","1":"product","2":"type-product","3":"status-publish","4":"has-post-thumbnail","6":"product_cat-pneus","7":"product_shipping_class-petites-pieces","9":"first","10":"instock","11":"sale","12":"taxable","13":"shipping-taxable","14":"purchasable","15":"product-type-simple"},"aioseo_notices":[],"brands":[],"_links":{"self":[{"href":"https:\/\/gravel-bikes.cc\/fr\/wp-json\/wp\/v2\/product\/8954","targetHints":{"allow":["GET"]}}],"collection":[{"href":"https:\/\/gravel-bikes.cc\/fr\/wp-json\/wp\/v2\/product"}],"about":[{"href":"https:\/\/gravel-bikes.cc\/fr\/wp-json\/wp\/v2\/types\/product"}],"wp:featuredmedia":[{"embeddable":true,"href":"https:\/\/gravel-bikes.cc\/fr\/wp-json\/wp\/v2\/media\/5618"}],"wp:attachment":[{"href":"https:\/\/gravel-bikes.cc\/fr\/wp-json\/wp\/v2\/media?parent=8954"}],"wp:term":[{"taxonomy":"pwb-brand","embeddable":true,"href":"https:\/\/gravel-bikes.cc\/fr\/wp-json\/wp\/v2\/pwb-brand?post=8954"},{"taxonomy":"product_brand","embeddable":true,"href":"https:\/\/gravel-bikes.cc\/fr\/wp-json\/wp\/v2\/product_brand?post=8954"},{"taxonomy":"product_cat","embeddable":true,"href":"https:\/\/gravel-bikes.cc\/fr\/wp-json\/wp\/v2\/product_cat?post=8954"},{"taxonomy":"product_tag","embeddable":true,"href":"https:\/\/gravel-bikes.cc\/fr\/wp-json\/wp\/v2\/product_tag?post=8954"}],"curies":[{"name":"wp","href":"https:\/\/api.w.org\/{rel}","templated":true}]}}