{"id":8961,"date":"2026-01-19T08:34:19","date_gmt":"2026-01-19T08:34:19","guid":{"rendered":"https:\/\/gravel-bikes.cc\/produkt\/schwalbe-rs-pro-42-mm\/"},"modified":"2026-01-19T08:34:19","modified_gmt":"2026-01-19T08:34:19","slug":"schwalbe-rs-pro-42-mm","status":"publish","type":"product","link":"https:\/\/gravel-bikes.cc\/fr\/produkt\/schwalbe-rs-pro-42-mm\/","title":{"rendered":"SCHWALBE RS PRO 42 mm"},"content":{"rendered":"<p>Le G-ONE RS PRO est notre pneu gravel le plus rapide. Ce pneu semi-slick est con\u00e7u pour offrir un rendement maximal sur les surfaces dures. Cest le premier choix pour ceux qui nont quun seul objectif en t\u00eate : la vitesse. De nombreuses victoires dans les courses de gravel les plus exigeantes au monde prouvent sa performance. Son profil en \u00e9cailles offre la plus faible r\u00e9sistance au roulement de toute la gamme G-ONE PRO, tandis que les crampons lat\u00e9raux assurent laccroche en virage et la traction.    <\/p>\n","protected":false},"excerpt":{"rendered":"<p>Le G-ONE RS PRO est notre pneu gravel le plus rapide. Ce pneu semi-slick est con\u00e7u pour offrir un rendement maximal sur les surfaces dures. Cest le premier choix pour ceux qui nont quun seul objectif en t\u00eate : la vitesse. De nombreuses victoires dans les courses de gravel les plus exigeantes au monde prouvent [&hellip;]<\/p>\n","protected":false},"featured_media":5618,"template":"","meta":{"_et_pb_use_builder":"","_et_pb_old_content":"","_et_gb_content_width":"","om_disable_all_campaigns":false,"_monsterinsights_skip_tracking":false,"_monsterinsights_sitenote_active":false,"_monsterinsights_sitenote_note":"","_monsterinsights_sitenote_category":0},"pwb-brand":[],"product_brand":[],"product_cat":[764],"product_tag":[801],"class_list":{"0":"post-8961","1":"product","2":"type-product","3":"status-publish","4":"has-post-thumbnail","6":"product_cat-pneus","7":"product_tag-schwalbe-rs","8":"product_shipping_class-petites-pieces","10":"first","11":"instock","12":"sale","13":"taxable","14":"shipping-taxable","15":"purchasable","16":"product-type-simple"},"aioseo_notices":[],"brands":[],"_links":{"self":[{"href":"https:\/\/gravel-bikes.cc\/fr\/wp-json\/wp\/v2\/product\/8961","targetHints":{"allow":["GET"]}}],"collection":[{"href":"https:\/\/gravel-bikes.cc\/fr\/wp-json\/wp\/v2\/product"}],"about":[{"href":"https:\/\/gravel-bikes.cc\/fr\/wp-json\/wp\/v2\/types\/product"}],"wp:featuredmedia":[{"embeddable":true,"href":"https:\/\/gravel-bikes.cc\/fr\/wp-json\/wp\/v2\/media\/5618"}],"wp:attachment":[{"href":"https:\/\/gravel-bikes.cc\/fr\/wp-json\/wp\/v2\/media?parent=8961"}],"wp:term":[{"taxonomy":"pwb-brand","embeddable":true,"href":"https:\/\/gravel-bikes.cc\/fr\/wp-json\/wp\/v2\/pwb-brand?post=8961"},{"taxonomy":"product_brand","embeddable":true,"href":"https:\/\/gravel-bikes.cc\/fr\/wp-json\/wp\/v2\/product_brand?post=8961"},{"taxonomy":"product_cat","embeddable":true,"href":"https:\/\/gravel-bikes.cc\/fr\/wp-json\/wp\/v2\/product_cat?post=8961"},{"taxonomy":"product_tag","embeddable":true,"href":"https:\/\/gravel-bikes.cc\/fr\/wp-json\/wp\/v2\/product_tag?post=8961"}],"curies":[{"name":"wp","href":"https:\/\/api.w.org\/{rel}","templated":true}]}}