{"id":8968,"date":"2026-01-19T09:46:37","date_gmt":"2026-01-19T09:46:37","guid":{"rendered":"https:\/\/gravel-bikes.cc\/produkt\/acompte-aventure-maroc-30\/"},"modified":"2026-01-19T09:46:37","modified_gmt":"2026-01-19T09:46:37","slug":"acompte-aventure-maroc-30","status":"publish","type":"product","link":"https:\/\/gravel-bikes.cc\/fr\/produkt\/acompte-aventure-maroc-30\/","title":{"rendered":"Acompte Aventure Maroc 30 %"},"content":{"rendered":"<h1 class=\"entry-title main_title\">MARRAKECH 7 jours<\/h1>\n<div class=\"entry-content\">\n<p>7 JOURS DE GRAVEL JUSQUAU DSERT DU SAHARA<\/p>\n<p>UN VOYAGE DES MONTAGNES DE LATLAS AU CUR DU DSERT DU SAHARA<\/p>\n<p>APER\u00c7U :<br \/>\nCette exp\u00e9dition inoubliable de 7 jours en gravel t\u2019emm\u00e8ne pour une aventure palpitante de la ville vibrante de Marrakech, \u00e0 travers les montagnes imposantes de l\u2019Atlas, jusqu\u2019\u00e0 la beaut\u00e9 sereine du d\u00e9sert du Sahara. Con\u00e7ue pour les cyclistes de niveau interm\u00e9diaire \u00e0 avanc\u00e9, cette aventure offre un m\u00e9lange rare de parcours exigeants, de paysages \u00e0 couper le souffle et d\u2019exp\u00e9riences culturelles authentiques qui te plongeront au c\u0153ur du Maroc.<br \/>\nQue tu parcoures des routes de montagne escarp\u00e9es, traverses des vall\u00e9es ancestrales ou glisses sur les dunes du d\u00e9sert, cette exp\u00e9dition promet une exp\u00e9rience exaltante pour ceux qui recherchent plus qu\u2019un simple tour \u00e0 v\u00e9lo. Tu d\u00e9couvriras d\u2019anciennes routes commerciales, s\u00e9journeras dans des villages berb\u00e8res traditionnels et termineras ton p\u00e9riple en dormant sous les \u00e9toiles dans un campement magique au d\u00e9sert. C\u2019est bien plus qu\u2019une sortie \u00e0 v\u00e9lo \u2014 c\u2019est une exp\u00e9dition \u00e0 travers les paysages les plus spectaculaires et diversifi\u00e9s du Maroc, impr\u00e9gn\u00e9s d\u2019histoire et de culture.   <\/p>\n<\/div>\n","protected":false},"excerpt":{"rendered":"<p>Ce paiement garantit ton voyage DU 01 AU 07 AVRIL 2026<\/p>\n","protected":false},"featured_media":3338,"template":"","meta":{"_et_pb_use_builder":"","_et_pb_old_content":"","_et_gb_content_width":""},"pwb-brand":[],"product_brand":[],"product_cat":[803],"product_tag":[804],"class_list":{"0":"post-8968","1":"product","2":"type-product","3":"status-publish","4":"has-post-thumbnail","6":"product_cat-voyage","7":"product_tag-voyage","9":"first","10":"instock","11":"taxable","12":"shipping-taxable","13":"purchasable","14":"product-type-simple"},"aioseo_notices":[],"brands":[],"_links":{"self":[{"href":"https:\/\/gravel-bikes.cc\/fr\/wp-json\/wp\/v2\/product\/8968","targetHints":{"allow":["GET"]}}],"collection":[{"href":"https:\/\/gravel-bikes.cc\/fr\/wp-json\/wp\/v2\/product"}],"about":[{"href":"https:\/\/gravel-bikes.cc\/fr\/wp-json\/wp\/v2\/types\/product"}],"wp:featuredmedia":[{"embeddable":true,"href":"https:\/\/gravel-bikes.cc\/fr\/wp-json\/wp\/v2\/media\/3338"}],"wp:attachment":[{"href":"https:\/\/gravel-bikes.cc\/fr\/wp-json\/wp\/v2\/media?parent=8968"}],"wp:term":[{"taxonomy":"pwb-brand","embeddable":true,"href":"https:\/\/gravel-bikes.cc\/fr\/wp-json\/wp\/v2\/pwb-brand?post=8968"},{"taxonomy":"product_brand","embeddable":true,"href":"https:\/\/gravel-bikes.cc\/fr\/wp-json\/wp\/v2\/product_brand?post=8968"},{"taxonomy":"product_cat","embeddable":true,"href":"https:\/\/gravel-bikes.cc\/fr\/wp-json\/wp\/v2\/product_cat?post=8968"},{"taxonomy":"product_tag","embeddable":true,"href":"https:\/\/gravel-bikes.cc\/fr\/wp-json\/wp\/v2\/product_tag?post=8968"}],"curies":[{"name":"wp","href":"https:\/\/api.w.org\/{rel}","templated":true}]}}