{"id":8987,"date":"2026-02-01T10:53:27","date_gmt":"2026-02-01T10:53:27","guid":{"rendered":"https:\/\/gravel-bikes.cc\/produkt\/chaussures-mtb-shimano-s-phyre\/"},"modified":"2026-02-01T10:53:27","modified_gmt":"2026-02-01T10:53:27","slug":"chaussures-mtb-shimano-s-phyre","status":"publish","type":"product","link":"https:\/\/gravel-bikes.cc\/fr\/produkt\/chaussures-mtb-shimano-s-phyre\/","title":{"rendered":"Chaussures MTB Shimano S-Phyre"},"content":{"rendered":"","protected":false},"excerpt":{"rendered":"<h2><span id=\"js-descripcion\" class=\"title-page\">Description du produit des chaussures gravel Shimano RX600 Wide<\/span><\/h2>\n<div id=\"js-description_summary\" class=\"description_summary\">\n<p class=\"txt-subtitle \">R\u00e9sum\u00e9 de la description<\/p>\n<p id=\"resume_desc\" class=\"txt-base \">D\u00e9couvre l\u2019\u00e9quilibre parfait entre rigidit\u00e9 et facilit\u00e9 de marche avec les chaussures gravel SHIMANO RX600 Wide. Con\u00e7ues pour les longues sorties, la semelle renforc\u00e9e de carbone offre une rigidit\u00e9 niveau course pour une efficacit\u00e9 de p\u00e9dalage maximale. Une fois descendu du v\u00e9lo, une semelle ext\u00e9rieure large avec des crampons en TPU assure une adh\u00e9rence s\u00fbre et un grand confort. La tige enveloppante et la molette BOA\u00ae L6K, rapide et pr\u00e9cise, garantissent un ajustement s\u00fbr, sans jeu. L\u00e9g\u00e8res et con\u00e7ues en syst\u00e8me avec des p\u00e9dales SPD, ces chaussures sont la cl\u00e9 d\u2019une performance durable et d\u2019une stabilit\u00e9 \u00e0 toute \u00e9preuve sur toutes tes aventures gravel.    <\/p>\n<\/div>\n","protected":false},"featured_media":513,"template":"","meta":{"_et_pb_use_builder":"","_et_pb_old_content":"","_et_gb_content_width":"","om_disable_all_campaigns":false,"_monsterinsights_skip_tracking":false,"_monsterinsights_sitenote_active":false,"_monsterinsights_sitenote_note":"","_monsterinsights_sitenote_category":0},"pwb-brand":[],"product_brand":[],"product_cat":[811],"product_tag":[812],"class_list":{"0":"post-8987","1":"product","2":"type-product","3":"status-publish","4":"has-post-thumbnail","6":"product_cat-chaussures-shimano","7":"product_tag-chaussures-shimano","9":"first","10":"instock","11":"sale","12":"taxable","13":"shipping-taxable","14":"purchasable","15":"product-type-variable"},"aioseo_notices":[],"brands":[],"_links":{"self":[{"href":"https:\/\/gravel-bikes.cc\/fr\/wp-json\/wp\/v2\/product\/8987","targetHints":{"allow":["GET"]}}],"collection":[{"href":"https:\/\/gravel-bikes.cc\/fr\/wp-json\/wp\/v2\/product"}],"about":[{"href":"https:\/\/gravel-bikes.cc\/fr\/wp-json\/wp\/v2\/types\/product"}],"wp:featuredmedia":[{"embeddable":true,"href":"https:\/\/gravel-bikes.cc\/fr\/wp-json\/wp\/v2\/media\/513"}],"wp:attachment":[{"href":"https:\/\/gravel-bikes.cc\/fr\/wp-json\/wp\/v2\/media?parent=8987"}],"wp:term":[{"taxonomy":"pwb-brand","embeddable":true,"href":"https:\/\/gravel-bikes.cc\/fr\/wp-json\/wp\/v2\/pwb-brand?post=8987"},{"taxonomy":"product_brand","embeddable":true,"href":"https:\/\/gravel-bikes.cc\/fr\/wp-json\/wp\/v2\/product_brand?post=8987"},{"taxonomy":"product_cat","embeddable":true,"href":"https:\/\/gravel-bikes.cc\/fr\/wp-json\/wp\/v2\/product_cat?post=8987"},{"taxonomy":"product_tag","embeddable":true,"href":"https:\/\/gravel-bikes.cc\/fr\/wp-json\/wp\/v2\/product_tag?post=8987"}],"curies":[{"name":"wp","href":"https:\/\/api.w.org\/{rel}","templated":true}]}}