{"id":8991,"date":"2026-02-01T10:58:04","date_gmt":"2026-02-01T10:58:04","guid":{"rendered":"https:\/\/gravel-bikes.cc\/produkt\/chaussures-route-shimano-shyre\/"},"modified":"2026-02-01T10:58:04","modified_gmt":"2026-02-01T10:58:04","slug":"chaussures-route-shimano-shyre","status":"publish","type":"product","link":"https:\/\/gravel-bikes.cc\/fr\/produkt\/chaussures-route-shimano-shyre\/","title":{"rendered":"Chaussures Route Shimano Shyre"},"content":{"rendered":"","protected":false},"excerpt":{"rendered":"<h2><span id=\"js-descripcion\" class=\"title-page\">Description du produit des Chaussures Gravel Shimano RX600 Wide<\/span><\/h2>\n<div id=\"js-description_summary\" class=\"description_summary\">\n<p class=\"txt-subtitle \">R\u00e9sum\u00e9 de la description<\/p>\n<p id=\"resume_desc\" class=\"txt-base \">D\u00e9couvre l&#8217;\u00e9quilibre parfait entre rigidit\u00e9 et marchabilit\u00e9 avec les Chaussures Gravel SHIMANO RX600 Wide. Con\u00e7ue pour les longues sorties, la semelle renforc\u00e9e en carbone offre une rigidit\u00e9 de niveau course pour une efficacit\u00e9 de p\u00e9dalage maximale. Lorsque tu descends du v\u00e9lo, une semelle ext\u00e9rieure large avec crampons TPU assure une adh\u00e9rence et un confort optimaux. La tige enveloppante et le serrage BOA\u00ae L6K rapide et pr\u00e9cis garantissent un ajustement s\u00fbr et sans espace. L\u00e9g\u00e8res et con\u00e7ues en synergie avec les p\u00e9dales SPD, ces chaussures sont la cl\u00e9 de performances durables et de stabilit\u00e9 lors de toutes tes aventures gravel    <\/p>\n<\/div>\n","protected":false},"featured_media":519,"template":"","meta":{"_et_pb_use_builder":"","_et_pb_old_content":"","_et_gb_content_width":"","om_disable_all_campaigns":false,"_monsterinsights_skip_tracking":false,"_monsterinsights_sitenote_active":false,"_monsterinsights_sitenote_note":"","_monsterinsights_sitenote_category":0},"pwb-brand":[],"product_brand":[],"product_cat":[811],"product_tag":[812],"class_list":{"0":"post-8991","1":"product","2":"type-product","3":"status-publish","4":"has-post-thumbnail","6":"product_cat-chaussures-shimano","7":"product_tag-chaussures-shimano","9":"first","10":"instock","11":"sale","12":"taxable","13":"shipping-taxable","14":"purchasable","15":"product-type-variable"},"aioseo_notices":[],"brands":[],"_links":{"self":[{"href":"https:\/\/gravel-bikes.cc\/fr\/wp-json\/wp\/v2\/product\/8991","targetHints":{"allow":["GET"]}}],"collection":[{"href":"https:\/\/gravel-bikes.cc\/fr\/wp-json\/wp\/v2\/product"}],"about":[{"href":"https:\/\/gravel-bikes.cc\/fr\/wp-json\/wp\/v2\/types\/product"}],"wp:featuredmedia":[{"embeddable":true,"href":"https:\/\/gravel-bikes.cc\/fr\/wp-json\/wp\/v2\/media\/519"}],"wp:attachment":[{"href":"https:\/\/gravel-bikes.cc\/fr\/wp-json\/wp\/v2\/media?parent=8991"}],"wp:term":[{"taxonomy":"pwb-brand","embeddable":true,"href":"https:\/\/gravel-bikes.cc\/fr\/wp-json\/wp\/v2\/pwb-brand?post=8991"},{"taxonomy":"product_brand","embeddable":true,"href":"https:\/\/gravel-bikes.cc\/fr\/wp-json\/wp\/v2\/product_brand?post=8991"},{"taxonomy":"product_cat","embeddable":true,"href":"https:\/\/gravel-bikes.cc\/fr\/wp-json\/wp\/v2\/product_cat?post=8991"},{"taxonomy":"product_tag","embeddable":true,"href":"https:\/\/gravel-bikes.cc\/fr\/wp-json\/wp\/v2\/product_tag?post=8991"}],"curies":[{"name":"wp","href":"https:\/\/api.w.org\/{rel}","templated":true}]}}