{"id":9002,"date":"2026-02-01T10:49:17","date_gmt":"2026-02-01T10:49:17","guid":{"rendered":"https:\/\/gravel-bikes.cc\/produkt\/shimano-105-11-vitesses-pieces-drsquousure\/"},"modified":"2026-02-01T10:49:17","modified_gmt":"2026-02-01T10:49:17","slug":"shimano-105-11-vitesses-pieces-drsquousure","status":"publish","type":"product","link":"https:\/\/gravel-bikes.cc\/fr\/produkt\/shimano-105-11-vitesses-pieces-drsquousure\/","title":{"rendered":"Shimano 105 11 vitesses Pi\u00e8ces d&amp;rsquo;usure"},"content":{"rendered":"<h2 class=\"product-detail-description__title\">Kit d&amp;rsquo;usure Shimano 105 11 vitesses &#8211; Cassette CS-R7000 + Cha\u00eene CN-HG601<\/h2>\n<div class=\"product-detail-description__content\">\n<div class=\"cms-content\">\n<h4>Rafra\u00eechis ta transmission !<\/h4>\n<p>Ce kit dusure toffre un ensemble complet fiable pour remplacer ta cassette et ta cha\u00eene Shimano 105 11 vitesses.<\/p>\n<h3>Cassette Shimano 105 CS-R7000<\/h3>\n<p>La cassette <strong>Shimano CS-R7000<\/strong> offre une gamme \u00e9tendue de combinaisons de vitesses ax\u00e9es sur la performance. Celles-ci pr\u00e9sentent de petits \u00e9carts de pignons pour optimiser la cadence et ainsi le rythme de p\u00e9dalage. <\/p>\n<p><span class=\"text-bold\">Remarque : La cassette avec la gradation 11-32 est uniquement compatible avec les d\u00e9railleurs arri\u00e8re Shimano \u00e0 chape moyenne ou longue.<\/span><\/p>\n<h3><strong><span class=\"text-bold\">Cha\u00eene Shimano CN-HG601 11 vitesses &#8211; avec Quick Link<\/span><\/strong><\/h3>\n<p>Cha\u00eene Shimano pour syst\u00e8mes de changement de vitesse 11 vitesses. Avec rev\u00eatement SIL-TEC pour des valeurs de friction minimales et une durabilit\u00e9 maximale dans toutes les conditions. Inclut lattache rapide SM-CN900. 116 maillons.    <\/p>\n<p>Contenu de la livraison : 1x cassette, 1x cha\u00eene<\/p>\n<\/div>\n<\/div>\n","protected":false},"excerpt":{"rendered":"<p>Kit d&amp;rsquo;usure Shimano 105 11 vitesses &#8211; Cassette CS-R7000 + Cha\u00eene CN-HG601 Rafra\u00eechis ta transmission ! Ce kit dusure toffre un ensemble complet fiable pour remplacer ta cassette et ta cha\u00eene Shimano 105 11 vitesses. Cassette Shimano 105 CS-R7000 La cassette Shimano CS-R7000 offre une gamme \u00e9tendue de combinaisons de vitesses ax\u00e9es sur la performance. [&hellip;]<\/p>\n","protected":false},"featured_media":7056,"template":"","meta":{"_et_pb_use_builder":"","_et_pb_old_content":"","_et_gb_content_width":"","om_disable_all_campaigns":false,"_monsterinsights_skip_tracking":false,"_monsterinsights_sitenote_active":false,"_monsterinsights_sitenote_note":"","_monsterinsights_sitenote_category":0},"pwb-brand":[],"product_brand":[],"product_cat":[805,756],"product_tag":[],"class_list":{"0":"post-9002","1":"product","2":"type-product","3":"status-publish","4":"has-post-thumbnail","6":"product_cat-chaine-cassettes","7":"product_cat-non-classe","9":"first","10":"instock","11":"taxable","12":"shipping-taxable","13":"product-type-variable"},"aioseo_notices":[],"brands":[],"_links":{"self":[{"href":"https:\/\/gravel-bikes.cc\/fr\/wp-json\/wp\/v2\/product\/9002","targetHints":{"allow":["GET"]}}],"collection":[{"href":"https:\/\/gravel-bikes.cc\/fr\/wp-json\/wp\/v2\/product"}],"about":[{"href":"https:\/\/gravel-bikes.cc\/fr\/wp-json\/wp\/v2\/types\/product"}],"wp:featuredmedia":[{"embeddable":true,"href":"https:\/\/gravel-bikes.cc\/fr\/wp-json\/wp\/v2\/media\/7056"}],"wp:attachment":[{"href":"https:\/\/gravel-bikes.cc\/fr\/wp-json\/wp\/v2\/media?parent=9002"}],"wp:term":[{"taxonomy":"pwb-brand","embeddable":true,"href":"https:\/\/gravel-bikes.cc\/fr\/wp-json\/wp\/v2\/pwb-brand?post=9002"},{"taxonomy":"product_brand","embeddable":true,"href":"https:\/\/gravel-bikes.cc\/fr\/wp-json\/wp\/v2\/product_brand?post=9002"},{"taxonomy":"product_cat","embeddable":true,"href":"https:\/\/gravel-bikes.cc\/fr\/wp-json\/wp\/v2\/product_cat?post=9002"},{"taxonomy":"product_tag","embeddable":true,"href":"https:\/\/gravel-bikes.cc\/fr\/wp-json\/wp\/v2\/product_tag?post=9002"}],"curies":[{"name":"wp","href":"https:\/\/api.w.org\/{rel}","templated":true}]}}