{"id":9014,"date":"2026-03-01T13:15:07","date_gmt":"2026-03-01T13:15:07","guid":{"rendered":"https:\/\/gravel-bikes.cc\/produkt\/nova-ride-ccd-evo-12s-shimano-105\/"},"modified":"2026-03-01T13:15:07","modified_gmt":"2026-03-01T13:15:07","slug":"nova-ride-ccd-evo-12s-shimano-105","status":"publish","type":"product","link":"https:\/\/gravel-bikes.cc\/fr\/produkt\/nova-ride-ccd-evo-12s-shimano-105\/","title":{"rendered":"Nova Ride CCD EVO 12s Shimano 105"},"content":{"rendered":"<p class=\"h2\">UNE EXP\u00c9RIENCE OPTIMIS\u00c9E.<\/p>\n<p>Con\u00e7ue par notre \u00e9quipe d\u2019ing\u00e9nieurs, la chape de d\u00e9railleur arri\u00e8re surdimensionn\u00e9e en carbone Nova Ride optimise la transmission de ta cha\u00eene, s\u2019installe facilement sur ton d\u00e9railleur et ajoute une touche de couleur \u00e0 ton v\u00e9lo.<\/p>\n<p>Fabriqu\u00e9e avec des mat\u00e9riaux tr\u00e8s haut de gamme pour durer dans le temps sans entretien : fibre de carbone ultra-l\u00e9g\u00e8re, galets en alliage 7075 et roulements enti\u00e8rement c\u00e9ramiques \u00e9tanches.<\/p>\n","protected":false},"excerpt":{"rendered":"<p>UNE EXP\u00c9RIENCE OPTIMIS\u00c9E. Con\u00e7ue par notre \u00e9quipe d\u2019ing\u00e9nieurs, la chape de d\u00e9railleur arri\u00e8re surdimensionn\u00e9e en carbone Nova Ride optimise la transmission de ta cha\u00eene, s\u2019installe facilement sur ton d\u00e9railleur et ajoute une touche de couleur \u00e0 ton v\u00e9lo. Fabriqu\u00e9e avec des mat\u00e9riaux tr\u00e8s haut de gamme pour durer dans le temps sans entretien : fibre [&hellip;]<\/p>\n","protected":false},"featured_media":8317,"template":"","meta":{"_et_pb_use_builder":"","_et_pb_old_content":"","_et_gb_content_width":""},"pwb-brand":[],"product_brand":[],"product_cat":[817],"product_tag":[],"class_list":{"0":"post-9014","1":"product","2":"type-product","3":"status-publish","4":"has-post-thumbnail","6":"product_cat-nova-ride","8":"first","9":"instock","10":"sale","11":"taxable","12":"shipping-taxable","13":"purchasable","14":"product-type-simple"},"aioseo_notices":[],"brands":[],"_links":{"self":[{"href":"https:\/\/gravel-bikes.cc\/fr\/wp-json\/wp\/v2\/product\/9014","targetHints":{"allow":["GET"]}}],"collection":[{"href":"https:\/\/gravel-bikes.cc\/fr\/wp-json\/wp\/v2\/product"}],"about":[{"href":"https:\/\/gravel-bikes.cc\/fr\/wp-json\/wp\/v2\/types\/product"}],"wp:featuredmedia":[{"embeddable":true,"href":"https:\/\/gravel-bikes.cc\/fr\/wp-json\/wp\/v2\/media\/8317"}],"wp:attachment":[{"href":"https:\/\/gravel-bikes.cc\/fr\/wp-json\/wp\/v2\/media?parent=9014"}],"wp:term":[{"taxonomy":"pwb-brand","embeddable":true,"href":"https:\/\/gravel-bikes.cc\/fr\/wp-json\/wp\/v2\/pwb-brand?post=9014"},{"taxonomy":"product_brand","embeddable":true,"href":"https:\/\/gravel-bikes.cc\/fr\/wp-json\/wp\/v2\/product_brand?post=9014"},{"taxonomy":"product_cat","embeddable":true,"href":"https:\/\/gravel-bikes.cc\/fr\/wp-json\/wp\/v2\/product_cat?post=9014"},{"taxonomy":"product_tag","embeddable":true,"href":"https:\/\/gravel-bikes.cc\/fr\/wp-json\/wp\/v2\/product_tag?post=9014"}],"curies":[{"name":"wp","href":"https:\/\/api.w.org\/{rel}","templated":true}]}}