{"id":9035,"date":"2026-03-01T12:19:17","date_gmt":"2026-03-01T12:19:17","guid":{"rendered":"https:\/\/gravel-bikes.cc\/produkt\/vittoria-terreno-45-mm-flancs-tan\/"},"modified":"2026-03-01T12:19:17","modified_gmt":"2026-03-01T12:19:17","slug":"vittoria-terreno-45-mm-flancs-tan","status":"publish","type":"product","link":"https:\/\/gravel-bikes.cc\/fr\/produkt\/vittoria-terreno-45-mm-flancs-tan\/","title":{"rendered":"VITTORIA Terreno 45 mm FLANCS TAN"},"content":{"rendered":"<p><strong> VITTORIA Terreno 45 mm<\/strong><\/p>\n<p>Le pneu Terreno T60 Mixed Gravel Endurance est con\u00e7u pour les terrains exigeants, impr\u00e9visibles et vari\u00e9s. Avec un T-Score de 60, le Terreno T60 est le choix id\u00e9al pour les cyclistes sattaquant \u00e0 des terrains mixtes difficiles et cherchant un pneu capable de suivre le rythme. <\/p>\n<p>Le profil en V \u00e9prouv\u00e9 du T60 et sa bande de roulement r\u00e9guli\u00e8re assurent une prise de virage sereine et une maniabilit\u00e9 constante sur les surfaces complexes  de la terre compact\u00e9e au gravier grossier, en passant par les sentiers meubles ou durs. Des lamelles strat\u00e9giquement plac\u00e9es et un espacement \u00e9quilibr\u00e9 des crampons garantissent une adh\u00e9rence fiable dans des conditions changeantes, toffrant le contr\u00f4le n\u00e9cessaire quand cest le plus important. <\/p>\n<p>Le T60 est dot\u00e9 de la carcasse Endurance de Vittoria, alliant grande adaptabilit\u00e9 et robustesse renforc\u00e9e pour un confort et une protection tout au long de la journ\u00e9e. La protection des flancs en nylon et une ceinture anti-crevaison offrent une r\u00e9sistance cruciale face aux rochers tranchants, aux orni\u00e8res et aux chocs impr\u00e9vus des v\u00e9ritables aventures gravel. <\/p>\n<p>Ladh\u00e9rence provient de notre formulation Endurance avec technologie Graph\u00e8ne, offrant des performances r\u00e9sistantes aux intemp\u00e9ries, une durabilit\u00e9 accrue et la confiance n\u00e9cessaire pour taventurer loin en terrain sauvage, quil pleuve ou quil vente.<\/p>\n<p>Con\u00e7u pour lentre-deux impr\u00e9visible entre conditions s\u00e8ches et meubles, le T60 est id\u00e9al pour les adeptes du gravel, les comp\u00e9titeurs et les athl\u00e8tes dendurance qui exigent confiance et performance \u00e0 chaque kilom\u00e8tre.<\/p>\n<p>&nbsp;<\/p>\n","protected":false},"excerpt":{"rendered":"<p>VITTORIA Terreno 45 mm Le pneu Terreno T60 Mixed Gravel Endurance est con\u00e7u pour les terrains exigeants, impr\u00e9visibles et vari\u00e9s. Avec un T-Score de 60, le Terreno T60 est le choix id\u00e9al pour les cyclistes sattaquant \u00e0 des terrains mixtes difficiles et cherchant un pneu capable de suivre le rythme. Le profil en V \u00e9prouv\u00e9 [&hellip;]<\/p>\n","protected":false},"featured_media":8222,"template":"","meta":{"_et_pb_use_builder":"","_et_pb_old_content":"","_et_gb_content_width":"","om_disable_all_campaigns":false,"_monsterinsights_skip_tracking":false,"_monsterinsights_sitenote_active":false,"_monsterinsights_sitenote_note":"","_monsterinsights_sitenote_category":0},"pwb-brand":[],"product_brand":[],"product_cat":[764],"product_tag":[819,825],"class_list":{"0":"post-9035","1":"product","2":"type-product","3":"status-publish","4":"has-post-thumbnail","6":"product_cat-pneus","7":"product_tag-pneus-gravel","8":"product_tag-pneus-gravel-vittoria","9":"product_shipping_class-petites-pieces","11":"first","12":"instock","13":"taxable","14":"shipping-taxable","15":"purchasable","16":"product-type-variable"},"aioseo_notices":[],"brands":[],"_links":{"self":[{"href":"https:\/\/gravel-bikes.cc\/fr\/wp-json\/wp\/v2\/product\/9035","targetHints":{"allow":["GET"]}}],"collection":[{"href":"https:\/\/gravel-bikes.cc\/fr\/wp-json\/wp\/v2\/product"}],"about":[{"href":"https:\/\/gravel-bikes.cc\/fr\/wp-json\/wp\/v2\/types\/product"}],"wp:featuredmedia":[{"embeddable":true,"href":"https:\/\/gravel-bikes.cc\/fr\/wp-json\/wp\/v2\/media\/8222"}],"wp:attachment":[{"href":"https:\/\/gravel-bikes.cc\/fr\/wp-json\/wp\/v2\/media?parent=9035"}],"wp:term":[{"taxonomy":"pwb-brand","embeddable":true,"href":"https:\/\/gravel-bikes.cc\/fr\/wp-json\/wp\/v2\/pwb-brand?post=9035"},{"taxonomy":"product_brand","embeddable":true,"href":"https:\/\/gravel-bikes.cc\/fr\/wp-json\/wp\/v2\/product_brand?post=9035"},{"taxonomy":"product_cat","embeddable":true,"href":"https:\/\/gravel-bikes.cc\/fr\/wp-json\/wp\/v2\/product_cat?post=9035"},{"taxonomy":"product_tag","embeddable":true,"href":"https:\/\/gravel-bikes.cc\/fr\/wp-json\/wp\/v2\/product_tag?post=9035"}],"curies":[{"name":"wp","href":"https:\/\/api.w.org\/{rel}","templated":true}]}}