{"id":9039,"date":"2026-03-01T11:49:12","date_gmt":"2026-03-01T11:49:12","guid":{"rendered":"https:\/\/gravel-bikes.cc\/produkt\/schwalbe-g-one-tubeless-kit-40mm-tan-walled\/"},"modified":"2026-03-01T11:49:12","modified_gmt":"2026-03-01T11:49:12","slug":"schwalbe-g-one-tubeless-kit-40mm-tan-walled","status":"publish","type":"product","link":"https:\/\/gravel-bikes.cc\/fr\/produkt\/schwalbe-g-one-tubeless-kit-40mm-tan-walled\/","title":{"rendered":"SCHWALBE G One TUBELESS KIT 40mm TAN WALLED"},"content":{"rendered":"<p>2 x Schwalbe G One 40mm<\/p>\n<p>Valves Tubeless Pirelli<\/p>\n<p>Les nouvelles valves tubeless Pirelli offrent une compatibilit\u00e9 universelle et une fiabilit\u00e9 maximale pour tous types de roues. Chaque pack contient deux valves Presta avec noyaux de valve amovibles (RVC), un outil d&#8217;installation et des capuchons en plastique. <\/p>\n<p>Disponibles en trois longueurs (40 mm, 60 mm, 80 mm), elles sont l\u00e9g\u00e8res, robustes et garantissent une \u00e9tanch\u00e9it\u00e9 optimale. Fabriqu\u00e9es en Italie, elles sont le choix id\u00e9al pour ceux qui recherchent qualit\u00e9, efficacit\u00e9 et installation tubeless facile. <\/p>\n<p>Liquide pr\u00e9ventif Tubeless Pirelli pour deux pneus 125ml<\/p>\n<ul>\n<li><strong>Sans ammoniaque \u2013 prot\u00e8ge la jante, r\u00e9duit l&#8217;usure et la corrosion<\/strong><\/li>\n<li><strong>Sans latex et sans prot\u00e9ines pour r\u00e9duire le risque de r\u00e9actions allergiques cutan\u00e9es<\/strong><\/li>\n<li><strong>Ne laisse aucun r\u00e9sidu collant dans le pneu<\/strong><\/li>\n<li><strong>Compatible avec une large plage de temp\u00e9ratures (-20\u00b0C \u00e0 70\u00b0C)<\/strong><\/li>\n<li><strong>Compatible avec une large plage de pression d&#8217;air (1 \u00e0 7 bar \/ 15PSI \u00e0 100PSI)<\/strong><\/li>\n<li><strong>Compatible avec une r\u00e9paration d&#8217;urgence au CO2. (Le CO2 acc\u00e9l\u00e8re la coagulation, le liquide pr\u00e9ventif doit donc \u00eatre remplac\u00e9 ensuite) <\/strong><\/li>\n<\/ul>\n<p>Fond de jante Tubeless Schwalbe<\/p>\n","protected":false},"excerpt":{"rendered":"<p>2 x Schwalbe G One 40mm Valves Tubeless Pirelli Les nouvelles valves tubeless Pirelli offrent une compatibilit\u00e9 universelle et une fiabilit\u00e9 maximale pour tous types de roues. Chaque pack contient deux valves Presta avec noyaux de valve amovibles (RVC), un outil d&#8217;installation et des capuchons en plastique. Disponibles en trois longueurs (40 mm, 60 mm, [&hellip;]<\/p>\n","protected":false},"featured_media":8192,"template":"","meta":{"_et_pb_use_builder":"","_et_pb_old_content":"","_et_gb_content_width":"","om_disable_all_campaigns":false,"_monsterinsights_skip_tracking":false,"_monsterinsights_sitenote_active":false,"_monsterinsights_sitenote_note":"","_monsterinsights_sitenote_category":0},"pwb-brand":[],"product_brand":[],"product_cat":[764,824],"product_tag":[819,826],"class_list":{"0":"post-9039","1":"product","2":"type-product","3":"status-publish","4":"has-post-thumbnail","6":"product_cat-pneus","7":"product_cat-pneus-kits-tubeless","8":"product_tag-pneus-gravel","9":"product_tag-pneus-gravel-schwalbe","10":"product_shipping_class-petites-pieces","12":"first","13":"instock","14":"sale","15":"taxable","16":"shipping-taxable","17":"purchasable","18":"product-type-variable"},"aioseo_notices":[],"brands":[],"_links":{"self":[{"href":"https:\/\/gravel-bikes.cc\/fr\/wp-json\/wp\/v2\/product\/9039","targetHints":{"allow":["GET"]}}],"collection":[{"href":"https:\/\/gravel-bikes.cc\/fr\/wp-json\/wp\/v2\/product"}],"about":[{"href":"https:\/\/gravel-bikes.cc\/fr\/wp-json\/wp\/v2\/types\/product"}],"wp:featuredmedia":[{"embeddable":true,"href":"https:\/\/gravel-bikes.cc\/fr\/wp-json\/wp\/v2\/media\/8192"}],"wp:attachment":[{"href":"https:\/\/gravel-bikes.cc\/fr\/wp-json\/wp\/v2\/media?parent=9039"}],"wp:term":[{"taxonomy":"pwb-brand","embeddable":true,"href":"https:\/\/gravel-bikes.cc\/fr\/wp-json\/wp\/v2\/pwb-brand?post=9039"},{"taxonomy":"product_brand","embeddable":true,"href":"https:\/\/gravel-bikes.cc\/fr\/wp-json\/wp\/v2\/product_brand?post=9039"},{"taxonomy":"product_cat","embeddable":true,"href":"https:\/\/gravel-bikes.cc\/fr\/wp-json\/wp\/v2\/product_cat?post=9039"},{"taxonomy":"product_tag","embeddable":true,"href":"https:\/\/gravel-bikes.cc\/fr\/wp-json\/wp\/v2\/product_tag?post=9039"}],"curies":[{"name":"wp","href":"https:\/\/api.w.org\/{rel}","templated":true}]}}