{"id":9043,"date":"2026-03-01T13:25:18","date_gmt":"2026-03-01T13:25:18","guid":{"rendered":"https:\/\/gravel-bikes.cc\/produkt\/nova-ride-ccd-evo-12v-sram-axs\/"},"modified":"2026-03-01T13:25:18","modified_gmt":"2026-03-01T13:25:18","slug":"nova-ride-ccd-evo-12v-sram-axs","status":"publish","type":"product","link":"https:\/\/gravel-bikes.cc\/fr\/produkt\/nova-ride-ccd-evo-12v-sram-axs\/","title":{"rendered":"Nova Ride CCD EVO 12v Sram AXS"},"content":{"rendered":"<p class=\"h2 hyphenate\">D\u00e9railleur Evo carbone c\u00e9ramique<\/p>\n<div>\n<p>Le composant ultime. Con\u00e7u avec pr\u00e9cision \u00e0 partir de mat\u00e9riaux avanc\u00e9s, le CCD EVO int\u00e8gre des roulements 100&nbsp;% c\u00e9ramique pour une efficacit\u00e9 maximale de la transmission. Sa structure enti\u00e8rement en carbone, usin\u00e9e avec une grande pr\u00e9cision, offre une l\u00e9g\u00e8ret\u00e9 sans compromis et une rigidit\u00e9 optimale. Il garantit des performances ultra-fluides et durables, avec un entretien minimal.   <\/p>\n<\/div>\n","protected":false},"excerpt":{"rendered":"<p>D\u00e9railleur Evo carbone c\u00e9ramique Le composant ultime. Con\u00e7u avec pr\u00e9cision \u00e0 partir de mat\u00e9riaux avanc\u00e9s, le CCD EVO int\u00e8gre des roulements 100&nbsp;% c\u00e9ramique pour une efficacit\u00e9 maximale de la transmission. Sa structure enti\u00e8rement en carbone, usin\u00e9e avec une grande pr\u00e9cision, offre une l\u00e9g\u00e8ret\u00e9 sans compromis et une rigidit\u00e9 optimale. Il garantit des performances ultra-fluides et [&hellip;]<\/p>\n","protected":false},"featured_media":8345,"template":"","meta":{"_et_pb_use_builder":"","_et_pb_old_content":"","_et_gb_content_width":""},"pwb-brand":[],"product_brand":[],"product_cat":[817],"product_tag":[827],"class_list":{"0":"post-9043","1":"product","2":"type-product","3":"status-publish","4":"has-post-thumbnail","6":"product_cat-nova-ride","7":"product_tag-nova-ride","8":"product_shipping_class-petites-pieces","10":"first","11":"instock","12":"sale","13":"taxable","14":"shipping-taxable","15":"purchasable","16":"product-type-simple"},"aioseo_notices":[],"brands":[],"_links":{"self":[{"href":"https:\/\/gravel-bikes.cc\/fr\/wp-json\/wp\/v2\/product\/9043","targetHints":{"allow":["GET"]}}],"collection":[{"href":"https:\/\/gravel-bikes.cc\/fr\/wp-json\/wp\/v2\/product"}],"about":[{"href":"https:\/\/gravel-bikes.cc\/fr\/wp-json\/wp\/v2\/types\/product"}],"wp:featuredmedia":[{"embeddable":true,"href":"https:\/\/gravel-bikes.cc\/fr\/wp-json\/wp\/v2\/media\/8345"}],"wp:attachment":[{"href":"https:\/\/gravel-bikes.cc\/fr\/wp-json\/wp\/v2\/media?parent=9043"}],"wp:term":[{"taxonomy":"pwb-brand","embeddable":true,"href":"https:\/\/gravel-bikes.cc\/fr\/wp-json\/wp\/v2\/pwb-brand?post=9043"},{"taxonomy":"product_brand","embeddable":true,"href":"https:\/\/gravel-bikes.cc\/fr\/wp-json\/wp\/v2\/product_brand?post=9043"},{"taxonomy":"product_cat","embeddable":true,"href":"https:\/\/gravel-bikes.cc\/fr\/wp-json\/wp\/v2\/product_cat?post=9043"},{"taxonomy":"product_tag","embeddable":true,"href":"https:\/\/gravel-bikes.cc\/fr\/wp-json\/wp\/v2\/product_tag?post=9043"}],"curies":[{"name":"wp","href":"https:\/\/api.w.org\/{rel}","templated":true}]}}