{"id":9048,"date":"2026-03-01T12:02:08","date_gmt":"2026-03-01T12:02:08","guid":{"rendered":"https:\/\/gravel-bikes.cc\/produkt\/vittoria-terreno-kit-tubeless-45-mm-flancs-tan\/"},"modified":"2026-03-01T12:02:08","modified_gmt":"2026-03-01T12:02:08","slug":"vittoria-terreno-kit-tubeless-45-mm-flancs-tan","status":"publish","type":"product","link":"https:\/\/gravel-bikes.cc\/fr\/produkt\/vittoria-terreno-kit-tubeless-45-mm-flancs-tan\/","title":{"rendered":"VITTORIA Terreno KIT TUBELESS 45&nbsp;mm FLANCS TAN"},"content":{"rendered":"<p><strong>2 x VITTORIA Terreno 45&nbsp;mm<\/strong><\/p>\n<p>Le pneu Terreno T60 Mixed Gravel Endurance est con\u00e7u pour les terrains exigeants, impr\u00e9visibles et vari\u00e9s. Avec un T-Score de 60, le Terreno T60 est le bon choix pour les riders qui affrontent des terrains mixtes difficiles et cherchent un pneu capable de suivre le rythme. <\/p>\n<p>Le profil en V \u00e9prouv\u00e9 du T60 et sa bande de roulement homog\u00e8ne assurent une prise dangle en confiance et un comportement constant sur les surfaces complexes \u2014 de la terre compact\u00e9e et du gravier grossier aux sentiers meubles et hardpack. Des lamelles plac\u00e9es strat\u00e9giquement et un espacement \u00e9quilibr\u00e9 des crampons garantissent une adh\u00e9rence fiable quand les conditions changent vite, en donnant le contr\u00f4le n\u00e9cessaire quand \u00e7a compte le plus. <\/p>\n<p>Le T60 int\u00e8gre la carcasse Endurance de Vittoria, qui combine une grande adaptabilit\u00e9 \u00e0 une solidit\u00e9 renforc\u00e9e pour un confort et une protection toute la journ\u00e9e. La protection des flancs en nylon et la bande anti-crevaison offrent une r\u00e9sistance essentielle face aux rochers tranchants, aux orni\u00e8res et aux chocs impr\u00e9vus des vraies aventures gravel. <\/p>\n<p>Ladh\u00e9rence vient de notre gomme Endurance avec technologie Graphene, qui offre des performances r\u00e9sistantes aux intemp\u00e9ries, une durabilit\u00e9 longue dur\u00e9e et la confiance pour senfoncer dans des terrains sauvages \u2014 pluie ou soleil.<\/p>\n<p>Con\u00e7u pour la zone interm\u00e9diaire impr\u00e9visible entre conditions s\u00e8ches et meubles, le T60 est id\u00e9al pour les gravel riders aventureux, les coureurs et les athl\u00e8tes dendurance qui ont besoin de confiance et de performance sur chaque kilom\u00e8tre.<\/p>\n<p><strong>Valves tubeless Pirelli<\/strong><\/p>\n<p>Les nouvelles valves tubeless Pirelli offrent une compatibilit\u00e9 universelle et une fiabilit\u00e9 maximale pour tous les types de roues. Chaque pack contient deux valves Presta avec obus de valve amovible (RVC), un outil dinstallation et des capuchons en plastique. <\/p>\n<p>Disponibles en trois longueurs (40&nbsp;mm, 60&nbsp;mm, 80&nbsp;mm), elles sont l\u00e9g\u00e8res, robustes et assurent une \u00e9tanch\u00e9it\u00e9 optimale. Fabriqu\u00e9es en Italie, cest le choix id\u00e9al pour celles et ceux qui recherchent qualit\u00e9, efficacit\u00e9 et une installation tubeless facile. <\/p>\n<p><strong>Liquide pr\u00e9ventif tubeless Pirelli pour deux pneus<\/strong><\/p>\n<ul>\n<li><strong>Sans ammoniaque \u2013 prot\u00e8ge la jante, r\u00e9duit lusure et la corrosion<\/strong><\/li>\n<li><strong>Sans latex et sans prot\u00e9ines pour r\u00e9duire le risque de r\u00e9actions allergiques cutan\u00e9es<\/strong><\/li>\n<li><strong>Ne laisse aucun r\u00e9sidu collant dans le pneu<\/strong><\/li>\n<li><strong>Compatible avec une large plage de temp\u00e9ratures (-20&nbsp;\u00b0C\/68&nbsp;\u00b0F \u00e0 70&nbsp;\u00b0C\/158&nbsp;\u00b0F)<\/strong><\/li>\n<li><strong>Compatible avec une large plage de pression dair (1 \u00e0 7&nbsp;bar \/ 15&nbsp;PSI \u00e0 100&nbsp;PSI)<\/strong><\/li>\n<li><strong>Compatible avec une r\u00e9paration durgence au CO2. (Le CO2 acc\u00e9l\u00e8re la coagulation, le liquide pr\u00e9ventif doit donc \u00eatre remplac\u00e9 ensuite) <\/strong><\/li>\n<\/ul>\n<p><strong>Fond de jante tubeless Schwalbe.<\/strong><\/p>\n","protected":false},"excerpt":{"rendered":"<p>2 x VITTORIA Terreno 45&nbsp;mm Le pneu Terreno T60 Mixed Gravel Endurance est con\u00e7u pour les terrains exigeants, impr\u00e9visibles et vari\u00e9s. Avec un T-Score de 60, le Terreno T60 est le bon choix pour les riders qui affrontent des terrains mixtes difficiles et cherchent un pneu capable de suivre le rythme. Le profil en V [&hellip;]<\/p>\n","protected":false},"featured_media":8222,"template":"","meta":{"_et_pb_use_builder":"","_et_pb_old_content":"","_et_gb_content_width":"","om_disable_all_campaigns":false,"_monsterinsights_skip_tracking":false,"_monsterinsights_sitenote_active":false,"_monsterinsights_sitenote_note":"","_monsterinsights_sitenote_category":0},"pwb-brand":[],"product_brand":[],"product_cat":[824],"product_tag":[819,825],"class_list":{"0":"post-9048","1":"product","2":"type-product","3":"status-publish","4":"has-post-thumbnail","6":"product_cat-pneus-kits-tubeless","7":"product_tag-pneus-gravel","8":"product_tag-pneus-gravel-vittoria","9":"product_shipping_class-petites-pieces","11":"first","12":"instock","13":"sale","14":"taxable","15":"shipping-taxable","16":"purchasable","17":"product-type-variable"},"aioseo_notices":[],"brands":[],"_links":{"self":[{"href":"https:\/\/gravel-bikes.cc\/fr\/wp-json\/wp\/v2\/product\/9048","targetHints":{"allow":["GET"]}}],"collection":[{"href":"https:\/\/gravel-bikes.cc\/fr\/wp-json\/wp\/v2\/product"}],"about":[{"href":"https:\/\/gravel-bikes.cc\/fr\/wp-json\/wp\/v2\/types\/product"}],"wp:featuredmedia":[{"embeddable":true,"href":"https:\/\/gravel-bikes.cc\/fr\/wp-json\/wp\/v2\/media\/8222"}],"wp:attachment":[{"href":"https:\/\/gravel-bikes.cc\/fr\/wp-json\/wp\/v2\/media?parent=9048"}],"wp:term":[{"taxonomy":"pwb-brand","embeddable":true,"href":"https:\/\/gravel-bikes.cc\/fr\/wp-json\/wp\/v2\/pwb-brand?post=9048"},{"taxonomy":"product_brand","embeddable":true,"href":"https:\/\/gravel-bikes.cc\/fr\/wp-json\/wp\/v2\/product_brand?post=9048"},{"taxonomy":"product_cat","embeddable":true,"href":"https:\/\/gravel-bikes.cc\/fr\/wp-json\/wp\/v2\/product_cat?post=9048"},{"taxonomy":"product_tag","embeddable":true,"href":"https:\/\/gravel-bikes.cc\/fr\/wp-json\/wp\/v2\/product_tag?post=9048"}],"curies":[{"name":"wp","href":"https:\/\/api.w.org\/{rel}","templated":true}]}}