{"id":9051,"date":"2026-03-05T11:28:49","date_gmt":"2026-03-05T11:28:49","guid":{"rendered":"https:\/\/gravel-bikes.cc\/produkt\/valves-tubeless-pirelli-60-mm\/"},"modified":"2026-03-05T11:28:49","modified_gmt":"2026-03-05T11:28:49","slug":"valves-tubeless-pirelli-60-mm","status":"publish","type":"product","link":"https:\/\/gravel-bikes.cc\/fr\/produkt\/valves-tubeless-pirelli-60-mm\/","title":{"rendered":"Valves Tubeless PIRELLI 60 mm"},"content":{"rendered":"<p>Les nouvelles valves tubeless Pirelli offrent une compatibilit\u00e9 universelle et une fiabilit\u00e9 maximale pour tous types de roues. Chaque pack contient deux valves Presta avec noyaux d\u00e9montables (RVC), un outil dinstallation et des capuchons en plastique. <\/p>\n<p>Disponibles en trois longueurs (40 mm, 60 mm, 80 mm), elles sont l\u00e9g\u00e8res, robustes et garantissent une \u00e9tanch\u00e9it\u00e9 optimale. Fabriqu\u00e9es en Italie, elles sont le choix id\u00e9al pour ceux qui recherchent qualit\u00e9, efficacit\u00e9 et installation tubeless facile. <\/p>\n","protected":false},"excerpt":{"rendered":"<p>Les nouvelles valves tubeless Pirelli offrent une compatibilit\u00e9 universelle et une fiabilit\u00e9 maximale pour tous types de roues. Chaque pack contient deux valves Presta avec noyaux d\u00e9montables (RVC), un outil dinstallation et des capuchons en plastique. Disponibles en trois longueurs (40 mm, 60 mm, 80 mm), elles sont l\u00e9g\u00e8res, robustes et garantissent une \u00e9tanch\u00e9it\u00e9 optimale. [&hellip;]<\/p>\n","protected":false},"featured_media":8172,"template":"","meta":{"_et_pb_use_builder":"","_et_pb_old_content":"","_et_gb_content_width":"","om_disable_all_campaigns":false,"_monsterinsights_skip_tracking":false,"_monsterinsights_sitenote_active":false,"_monsterinsights_sitenote_note":"","_monsterinsights_sitenote_category":0},"pwb-brand":[],"product_brand":[],"product_cat":[756,786],"product_tag":[828],"class_list":{"0":"post-9051","1":"product","2":"type-product","3":"status-publish","4":"has-post-thumbnail","6":"product_cat-non-classe","7":"product_cat-pieces-tubeless","8":"product_tag-pirelli","10":"first","11":"instock","12":"sale","13":"taxable","14":"shipping-taxable","15":"purchasable","16":"product-type-simple"},"aioseo_notices":[],"df_price":19.9,"df_sale_price":19.9,"df_regular_price":24.9,"df_image_link":"https:\/\/gravel-bikes.cc\/wp-content\/uploads\/2026\/03\/940303_0.jpg","brands":[],"_links":{"self":[{"href":"https:\/\/gravel-bikes.cc\/fr\/wp-json\/wp\/v2\/product\/9051","targetHints":{"allow":["GET"]}}],"collection":[{"href":"https:\/\/gravel-bikes.cc\/fr\/wp-json\/wp\/v2\/product"}],"about":[{"href":"https:\/\/gravel-bikes.cc\/fr\/wp-json\/wp\/v2\/types\/product"}],"wp:featuredmedia":[{"embeddable":true,"href":"https:\/\/gravel-bikes.cc\/fr\/wp-json\/wp\/v2\/media\/8172"}],"wp:attachment":[{"href":"https:\/\/gravel-bikes.cc\/fr\/wp-json\/wp\/v2\/media?parent=9051"}],"wp:term":[{"taxonomy":"pwb-brand","embeddable":true,"href":"https:\/\/gravel-bikes.cc\/fr\/wp-json\/wp\/v2\/pwb-brand?post=9051"},{"taxonomy":"product_brand","embeddable":true,"href":"https:\/\/gravel-bikes.cc\/fr\/wp-json\/wp\/v2\/product_brand?post=9051"},{"taxonomy":"product_cat","embeddable":true,"href":"https:\/\/gravel-bikes.cc\/fr\/wp-json\/wp\/v2\/product_cat?post=9051"},{"taxonomy":"product_tag","embeddable":true,"href":"https:\/\/gravel-bikes.cc\/fr\/wp-json\/wp\/v2\/product_tag?post=9051"}],"curies":[{"name":"wp","href":"https:\/\/api.w.org\/{rel}","templated":true}]}}