{"id":9054,"date":"2026-03-05T11:30:15","date_gmt":"2026-03-05T11:30:15","guid":{"rendered":"https:\/\/gravel-bikes.cc\/produkt\/valves-tubeless-pirelli-40-mm\/"},"modified":"2026-03-05T11:30:15","modified_gmt":"2026-03-05T11:30:15","slug":"valves-tubeless-pirelli-40-mm","status":"publish","type":"product","link":"https:\/\/gravel-bikes.cc\/fr\/produkt\/valves-tubeless-pirelli-40-mm\/","title":{"rendered":"Valves Tubeless PIRELLI 40 mm"},"content":{"rendered":"<p>Les nouvelles valves tubeless Pirelli offrent une compatibilit\u00e9 universelle et une fiabilit\u00e9 maximale pour tous les types de roues. Chaque pack contient deux valves Presta avec noyaux de valve amovibles (RVC), un outil dinstallation et des capuchons en plastique. <\/p>\n<p>Disponibles en trois longueurs (40 mm, 60 mm, 80 mm), elles sont l\u00e9g\u00e8res, robustes et garantissent une \u00e9tanch\u00e9it\u00e9 optimale. Fabriqu\u00e9es en Italie, elles sont le choix id\u00e9al pour ceux qui recherchent qualit\u00e9, efficacit\u00e9 et installation tubeless facile. <\/p>\n","protected":false},"excerpt":{"rendered":"<p>Les nouvelles valves tubeless Pirelli offrent une compatibilit\u00e9 universelle et une fiabilit\u00e9 maximale pour tous les types de roues. Chaque pack contient deux valves Presta avec noyaux de valve amovibles (RVC), un outil dinstallation et des capuchons en plastique. Disponibles en trois longueurs (40 mm, 60 mm, 80 mm), elles sont l\u00e9g\u00e8res, robustes et garantissent [&hellip;]<\/p>\n","protected":false},"featured_media":8172,"template":"","meta":{"_et_pb_use_builder":"","_et_pb_old_content":"","_et_gb_content_width":"","om_disable_all_campaigns":false,"_monsterinsights_skip_tracking":false,"_monsterinsights_sitenote_active":false,"_monsterinsights_sitenote_note":"","_monsterinsights_sitenote_category":0},"pwb-brand":[],"product_brand":[],"product_cat":[786],"product_tag":[828],"class_list":{"0":"post-9054","1":"product","2":"type-product","3":"status-publish","4":"has-post-thumbnail","6":"product_cat-pieces-tubeless","7":"product_tag-pirelli","9":"first","10":"instock","11":"sale","12":"taxable","13":"shipping-taxable","14":"purchasable","15":"product-type-simple"},"aioseo_notices":[],"brands":[],"_links":{"self":[{"href":"https:\/\/gravel-bikes.cc\/fr\/wp-json\/wp\/v2\/product\/9054","targetHints":{"allow":["GET"]}}],"collection":[{"href":"https:\/\/gravel-bikes.cc\/fr\/wp-json\/wp\/v2\/product"}],"about":[{"href":"https:\/\/gravel-bikes.cc\/fr\/wp-json\/wp\/v2\/types\/product"}],"wp:featuredmedia":[{"embeddable":true,"href":"https:\/\/gravel-bikes.cc\/fr\/wp-json\/wp\/v2\/media\/8172"}],"wp:attachment":[{"href":"https:\/\/gravel-bikes.cc\/fr\/wp-json\/wp\/v2\/media?parent=9054"}],"wp:term":[{"taxonomy":"pwb-brand","embeddable":true,"href":"https:\/\/gravel-bikes.cc\/fr\/wp-json\/wp\/v2\/pwb-brand?post=9054"},{"taxonomy":"product_brand","embeddable":true,"href":"https:\/\/gravel-bikes.cc\/fr\/wp-json\/wp\/v2\/product_brand?post=9054"},{"taxonomy":"product_cat","embeddable":true,"href":"https:\/\/gravel-bikes.cc\/fr\/wp-json\/wp\/v2\/product_cat?post=9054"},{"taxonomy":"product_tag","embeddable":true,"href":"https:\/\/gravel-bikes.cc\/fr\/wp-json\/wp\/v2\/product_tag?post=9054"}],"curies":[{"name":"wp","href":"https:\/\/api.w.org\/{rel}","templated":true}]}}