{"id":9059,"date":"2026-03-05T11:38:36","date_gmt":"2026-03-05T11:38:36","guid":{"rendered":"https:\/\/gravel-bikes.cc\/produkt\/nova-ride-ccd-evo-11s-shimano-ultegra-dura-ace\/"},"modified":"2026-03-05T11:38:36","modified_gmt":"2026-03-05T11:38:36","slug":"nova-ride-ccd-evo-11s-shimano-ultegra-dura-ace","status":"publish","type":"product","link":"https:\/\/gravel-bikes.cc\/fr\/produkt\/nova-ride-ccd-evo-11s-shimano-ultegra-dura-ace\/","title":{"rendered":"Nova Ride CCD EVO 11s Shimano Ultegra Dura Ace"},"content":{"rendered":"<h2 class=\"h2\">D\u00e9tails du produit<\/h2>\n<p>Avec son design \u00e9pur\u00e9, la chape surdimensionn\u00e9e sint\u00e8gre parfaitement \u00e0 lesth\u00e9tique de ton v\u00e9lo, lui apportant une touche de couleur.<\/p>\n<p>Fabriqu\u00e9e \u00e0 la main avec des mat\u00e9riaux de haute qualit\u00e9, elle allie l\u00e9g\u00e8ret\u00e9 et durabilit\u00e9. Que tu sois cycliste professionnel ou amateur passionn\u00e9, la chape surdimensionn\u00e9e Nova Ride am\u00e9liore ton exp\u00e9rience de cyclisme en offrant des performances accrues et des changements de vitesse plus pr\u00e9cis. <\/p>\n","protected":false},"excerpt":{"rendered":"<p>D\u00e9tails du produit Avec son design \u00e9pur\u00e9, la chape surdimensionn\u00e9e sint\u00e8gre parfaitement \u00e0 lesth\u00e9tique de ton v\u00e9lo, lui apportant une touche de couleur. Fabriqu\u00e9e \u00e0 la main avec des mat\u00e9riaux de haute qualit\u00e9, elle allie l\u00e9g\u00e8ret\u00e9 et durabilit\u00e9. Que tu sois cycliste professionnel ou amateur passionn\u00e9, la chape surdimensionn\u00e9e Nova Ride am\u00e9liore ton exp\u00e9rience de [&hellip;]<\/p>\n","protected":false},"featured_media":8351,"template":"","meta":{"_et_pb_use_builder":"","_et_pb_old_content":"","_et_gb_content_width":""},"pwb-brand":[],"product_brand":[],"product_cat":[817],"product_tag":[],"class_list":{"0":"post-9059","1":"product","2":"type-product","3":"status-publish","4":"has-post-thumbnail","6":"product_cat-nova-ride","8":"first","9":"instock","10":"sale","11":"taxable","12":"shipping-taxable","13":"purchasable","14":"product-type-simple"},"aioseo_notices":[],"brands":[],"_links":{"self":[{"href":"https:\/\/gravel-bikes.cc\/fr\/wp-json\/wp\/v2\/product\/9059","targetHints":{"allow":["GET"]}}],"collection":[{"href":"https:\/\/gravel-bikes.cc\/fr\/wp-json\/wp\/v2\/product"}],"about":[{"href":"https:\/\/gravel-bikes.cc\/fr\/wp-json\/wp\/v2\/types\/product"}],"wp:featuredmedia":[{"embeddable":true,"href":"https:\/\/gravel-bikes.cc\/fr\/wp-json\/wp\/v2\/media\/8351"}],"wp:attachment":[{"href":"https:\/\/gravel-bikes.cc\/fr\/wp-json\/wp\/v2\/media?parent=9059"}],"wp:term":[{"taxonomy":"pwb-brand","embeddable":true,"href":"https:\/\/gravel-bikes.cc\/fr\/wp-json\/wp\/v2\/pwb-brand?post=9059"},{"taxonomy":"product_brand","embeddable":true,"href":"https:\/\/gravel-bikes.cc\/fr\/wp-json\/wp\/v2\/product_brand?post=9059"},{"taxonomy":"product_cat","embeddable":true,"href":"https:\/\/gravel-bikes.cc\/fr\/wp-json\/wp\/v2\/product_cat?post=9059"},{"taxonomy":"product_tag","embeddable":true,"href":"https:\/\/gravel-bikes.cc\/fr\/wp-json\/wp\/v2\/product_tag?post=9059"}],"curies":[{"name":"wp","href":"https:\/\/api.w.org\/{rel}","templated":true}]}}