{"id":9064,"date":"2026-03-05T12:21:18","date_gmt":"2026-03-05T12:21:18","guid":{"rendered":"https:\/\/gravel-bikes.cc\/produkt\/acompte-voyage-nepal\/"},"modified":"2026-03-05T12:21:18","modified_gmt":"2026-03-05T12:21:18","slug":"acompte-voyage-nepal","status":"publish","type":"product","link":"https:\/\/gravel-bikes.cc\/fr\/produkt\/acompte-voyage-nepal\/","title":{"rendered":"Acompte Voyage N\u00e9pal"},"content":{"rendered":"<p>C\u2019est le parcours ultime du N\u00e9pal, le circuit des Annapurnas r\u00e9invent\u00e9 pour la g\u00e9n\u00e9ration gravel<br \/>\n. C\u2019est grand, brut et authentique : un voyage de deux semaines \u00e0 travers des climats, des cultures<br \/>\net des cols de montagne qui d\u00e9finissent le mot \u00ab \u00e9pique \u00bb. Tu monteras des rizi\u00e8res<br \/>\ndes moyennes collines aux paysages arides et \u00e9lev\u00e9s de Manang, traverseras le<br \/>\nl\u00e9gendaire col de Thorong La (5 416 m) et descendras \u00e0 travers les vall\u00e9es balay\u00e9es par le vent<br \/>\ndu Mustang jusqu\u2019aux contreforts luxuriants de Pokhara.<br \/>\nEn chemin, tu rouleras sur toutes sortes de terrains, du gravier compact aux pistes de jeep et<br \/>\naux anciens chemins de pierre, en passant par des villages intemporels, des monast\u00e8res bouddhistes,<br \/>\ndes vergers de pommiers et des vall\u00e9es fluviales. C\u2019est difficile mais magnifiquement gratifiant, un v\u00e9ritable test<br \/>\nd\u2019endurance, d\u2019esprit et d\u2019enthousiasme.<br \/>\nPour les cyclistes qui manquent de temps, demande-nous la version de 10 jours de ce programme.   <\/p>\n","protected":false},"excerpt":{"rendered":"<p>C\u2019est le parcours ultime du N\u00e9pal, le circuit des Annapurnas r\u00e9invent\u00e9 pour la g\u00e9n\u00e9ration gravel . C\u2019est grand, brut et authentique : un voyage de deux semaines \u00e0 travers des climats, des cultures et des cols de montagne qui d\u00e9finissent le mot \u00ab \u00e9pique \u00bb. Tu monteras des rizi\u00e8res des moyennes collines aux paysages arides [&hellip;]<\/p>\n","protected":false},"featured_media":7986,"template":"","meta":{"_et_pb_use_builder":"","_et_pb_old_content":"","_et_gb_content_width":"","om_disable_all_campaigns":false,"_monsterinsights_skip_tracking":false,"_monsterinsights_sitenote_active":false,"_monsterinsights_sitenote_note":"","_monsterinsights_sitenote_category":0},"pwb-brand":[],"product_brand":[],"product_cat":[803],"product_tag":[832],"class_list":{"0":"post-9064","1":"product","2":"type-product","3":"status-publish","4":"has-post-thumbnail","6":"product_cat-voyage","7":"product_tag-gravel-nepal","9":"first","10":"instock","11":"taxable","12":"shipping-taxable","13":"purchasable","14":"product-type-simple"},"aioseo_notices":[],"brands":[],"_links":{"self":[{"href":"https:\/\/gravel-bikes.cc\/fr\/wp-json\/wp\/v2\/product\/9064","targetHints":{"allow":["GET"]}}],"collection":[{"href":"https:\/\/gravel-bikes.cc\/fr\/wp-json\/wp\/v2\/product"}],"about":[{"href":"https:\/\/gravel-bikes.cc\/fr\/wp-json\/wp\/v2\/types\/product"}],"wp:featuredmedia":[{"embeddable":true,"href":"https:\/\/gravel-bikes.cc\/fr\/wp-json\/wp\/v2\/media\/7986"}],"wp:attachment":[{"href":"https:\/\/gravel-bikes.cc\/fr\/wp-json\/wp\/v2\/media?parent=9064"}],"wp:term":[{"taxonomy":"pwb-brand","embeddable":true,"href":"https:\/\/gravel-bikes.cc\/fr\/wp-json\/wp\/v2\/pwb-brand?post=9064"},{"taxonomy":"product_brand","embeddable":true,"href":"https:\/\/gravel-bikes.cc\/fr\/wp-json\/wp\/v2\/product_brand?post=9064"},{"taxonomy":"product_cat","embeddable":true,"href":"https:\/\/gravel-bikes.cc\/fr\/wp-json\/wp\/v2\/product_cat?post=9064"},{"taxonomy":"product_tag","embeddable":true,"href":"https:\/\/gravel-bikes.cc\/fr\/wp-json\/wp\/v2\/product_tag?post=9064"}],"curies":[{"name":"wp","href":"https:\/\/api.w.org\/{rel}","templated":true}]}}