{"id":9066,"date":"2026-03-15T10:06:55","date_gmt":"2026-03-15T10:06:55","guid":{"rendered":"https:\/\/gravel-bikes.cc\/produkt\/acompte-voyage-au-tibet\/"},"modified":"2026-03-15T10:06:55","modified_gmt":"2026-03-15T10:06:55","slug":"acompte-voyage-au-tibet","status":"publish","type":"product","link":"https:\/\/gravel-bikes.cc\/fr\/produkt\/acompte-voyage-au-tibet\/","title":{"rendered":"ACOMPTE VOYAGE AU TIBET"},"content":{"rendered":"<h3 class=\"wp-block-heading\">Dates<\/h3>\n<p>29 avril \u2013 10 mai 2026<br \/>\n11 \u2013 23 mai 2026 <a href=\"https:\/\/www.serk.cc\/everestingtibet\/\">(\u00e9dition sp\u00e9ciale)<\/a><br \/>\n3 \u2013 14 ao\u00fbt 2026<br \/>\n1er \u2013 12 septembre 2026<\/p>\n<h3 class=\"wp-block-heading\">Distance<\/h3>\n<p>12 jours<br \/>\n7 jours de v\u00e9lo<br \/>\n700 km+ (beaucoup de km \u00e0 une altitude moyenne de 4 000 m)<br \/>\n5 770 m+ de d\u00e9nivel\u00e9 positif<\/p>\n<h3 class=\"wp-block-heading\">Altitude<\/h3>\n<p>Min : 3 000 m<br \/>\nMax : 5 100 m<br \/>\nMoyenne : 4 000 m<\/p>\n<h3 class=\"wp-block-heading\">Prix<\/h3>\n<p>6 000 $ US<\/p>\n<p>Le Tibet est lune des plus grandes exp\u00e9riences de voyage au monde. Serk toffre la chance de timmerger dans les cultures anciennes du Tibet et de rouler \u00e0 travers ses paysages \u00e9poustouflants jusquau camp de base embl\u00e9matique de lEverest. <\/p>\n<p>Depuis 2014, nous avons soigneusement con\u00e7u des exp\u00e9riences qui te coupent r\u00e9guli\u00e8rement le souffle et te donnent le privil\u00e8ge davoir explor\u00e9 cette r\u00e9gion unique \u2013 avant quelle ne tombe compl\u00e8tement sous les griffes de la modernisation.<\/p>\n<p>Nous combinons un itin\u00e9raire cycliste stimulant et spectaculaire avec une s\u00e9lection des sites culturels et naturels les plus enrichissants.<\/p>\n<p>Pousse-toi \u00e0 gravir certaines des routes goudronn\u00e9es les plus hautes du monde, puis souris de toutes tes dents en d\u00e9valant lautre c\u00f4t\u00e9 dun col de 5 000 m. Tu repartiras non seulement avec 9 jours incroyables de cyclisme en haute altitude dans les jambes, mais aussi avec une nouvelle compr\u00e9hension de lune des cultures les plus incroyables de la plan\u00e8te. <\/p>\n","protected":false},"excerpt":{"rendered":"<p>Dates 29 avril \u2013 10 mai 2026 11 \u2013 23 mai 2026 (\u00e9dition sp\u00e9ciale) 3 \u2013 14 ao\u00fbt 2026 1er \u2013 12 septembre 2026 Distance 12 jours 7 jours de v\u00e9lo 700 km+ (beaucoup de km \u00e0 une altitude moyenne de 4 000 m) 5 770 m+ de d\u00e9nivel\u00e9 positif Altitude Min : 3 000 [&hellip;]<\/p>\n","protected":false},"featured_media":8480,"template":"","meta":{"_et_pb_use_builder":"","_et_pb_old_content":"","_et_gb_content_width":"","om_disable_all_campaigns":false,"_monsterinsights_skip_tracking":false,"_monsterinsights_sitenote_active":false,"_monsterinsights_sitenote_note":"","_monsterinsights_sitenote_category":0},"pwb-brand":[],"product_brand":[],"product_cat":[803],"product_tag":[833],"class_list":{"0":"post-9066","1":"product","2":"type-product","3":"status-publish","4":"has-post-thumbnail","6":"product_cat-voyage","7":"product_tag-tibet","9":"first","10":"instock","11":"taxable","12":"shipping-taxable","13":"purchasable","14":"product-type-simple"},"aioseo_notices":[],"df_price":1800,"df_sale_price":"","df_regular_price":1800,"df_image_link":"https:\/\/gravel-bikes.cc\/wp-content\/uploads\/2026\/03\/RoadtrippingEverest_a18w6092-300x200.jpg","brands":[],"_links":{"self":[{"href":"https:\/\/gravel-bikes.cc\/fr\/wp-json\/wp\/v2\/product\/9066","targetHints":{"allow":["GET"]}}],"collection":[{"href":"https:\/\/gravel-bikes.cc\/fr\/wp-json\/wp\/v2\/product"}],"about":[{"href":"https:\/\/gravel-bikes.cc\/fr\/wp-json\/wp\/v2\/types\/product"}],"wp:featuredmedia":[{"embeddable":true,"href":"https:\/\/gravel-bikes.cc\/fr\/wp-json\/wp\/v2\/media\/8480"}],"wp:attachment":[{"href":"https:\/\/gravel-bikes.cc\/fr\/wp-json\/wp\/v2\/media?parent=9066"}],"wp:term":[{"taxonomy":"pwb-brand","embeddable":true,"href":"https:\/\/gravel-bikes.cc\/fr\/wp-json\/wp\/v2\/pwb-brand?post=9066"},{"taxonomy":"product_brand","embeddable":true,"href":"https:\/\/gravel-bikes.cc\/fr\/wp-json\/wp\/v2\/product_brand?post=9066"},{"taxonomy":"product_cat","embeddable":true,"href":"https:\/\/gravel-bikes.cc\/fr\/wp-json\/wp\/v2\/product_cat?post=9066"},{"taxonomy":"product_tag","embeddable":true,"href":"https:\/\/gravel-bikes.cc\/fr\/wp-json\/wp\/v2\/product_tag?post=9066"}],"curies":[{"name":"wp","href":"https:\/\/api.w.org\/{rel}","templated":true}]}}