{"id":9086,"date":"2026-03-22T11:19:52","date_gmt":"2026-03-22T11:19:52","guid":{"rendered":"https:\/\/gravel-bikes.cc\/produkt\/abus-bordo-6200k\/"},"modified":"2026-03-22T11:19:52","modified_gmt":"2026-03-22T11:19:52","slug":"abus-bordo-6200k","status":"publish","type":"product","link":"https:\/\/gravel-bikes.cc\/fr\/produkt\/abus-bordo-6200k\/","title":{"rendered":"ABUS BORDO 6200K"},"content":{"rendered":"<div class=\"copy\"><span class=\"copy--bold\">Verrouille ton pr\u00e9cieux v\u00e9lo en toute s\u00e9curit\u00e9 et confort : avec le BORDO 6200K, tu trouveras tr\u00e8s vite un endroit appropri\u00e9 pour lattacher, m\u00eame avec des objets encombrants.<\/span><\/div>\n<div class=\"copy\">Cela est d\u00fb dune part \u00e0 sa grande longueur de verrouillage de 94 cm ou m\u00eame 127 cm \u2013 selon la variante. Dautre part, \u00e0 la flexibilit\u00e9 de ce cadenas pliant, gr\u00e2ce \u00e0 son corps de serrure rotatif. Tu peux ainsi orienter louverture pour la tige de verrouillage l\u00e0 o\u00f9 tu en as besoin.  <\/div>\n<div class=\"copy\">Pour le transport, plie le cadenas comme un m\u00e8tre pliant pour obtenir une taille compacte. Ensuite, range-le dans le support de cadenas fourni, qui peut \u00eatre facilement mont\u00e9 sur le cadre du v\u00e9lo. Particuli\u00e8rement pratique : le support contient un compartiment pour ranger la cl\u00e9, et le cadenas senclenche facilement dans le support en exer\u00e7ant une pression sur les tiges \u2013 rapidement et sans te pincer les doigts. Le support du Bordo 6200K\/120 offre en plus un compartiment de rangement pour un AirTag* ou un SmartTag**. Ceux-ci permettent de localiser le cadenas ou le v\u00e9lo.     <\/div>\n<div class=\"copy\">Le 6200K\/120 dispose \u00e9galement dune position de transport et dune position de verrouillage. Cela signifie quil y a deux possibilit\u00e9s dinsertion dans le corps du cadenas, dont lext\u00e9rieure est uniquement destin\u00e9e au transport et lint\u00e9rieure au verrouillage du cadenas. <\/div>\n<div class=\"copy\">La haute s\u00e9curit\u00e9 du BORDO 6200K, fabriqu\u00e9 en Allemagne, est assur\u00e9e notamment par le cylindre ABUS XPlus et les robustes tiges en acier tremp\u00e9 avec profilage suppl\u00e9mentaire. Des disques en acier prot\u00e8gent les rivets contre les attaques \u00e0 la scie. Pour prot\u00e9ger la peinture du v\u00e9lo, les tiges sont gain\u00e9es.  <\/div>\n","protected":false},"excerpt":{"rendered":"<h1 class=\"hyphenate\">BORDO\u2122 6200K<\/h1>\n<p>D\u00e9couvre \u00e0 quel point la s\u00e9curit\u00e9 peut \u00eatre flexible : le corps robuste de ce cadenas pliant pivote \u00e0 360\u00b0. Cela offre une tr\u00e8s grande libert\u00e9 de mouvement lors de lattache du v\u00e9lo. <\/p>\n","protected":false},"featured_media":8645,"template":"","meta":{"_et_pb_use_builder":"","_et_pb_old_content":"","_et_gb_content_width":"","om_disable_all_campaigns":false,"_monsterinsights_skip_tracking":false,"_monsterinsights_sitenote_active":false,"_monsterinsights_sitenote_note":"","_monsterinsights_sitenote_category":0},"pwb-brand":[],"product_brand":[],"product_cat":[797,756],"product_tag":[837],"class_list":{"0":"post-9086","1":"product","2":"type-product","3":"status-publish","4":"has-post-thumbnail","6":"product_cat-cadenas-abus","7":"product_cat-non-classe","8":"product_tag-abus-bordo","10":"first","11":"instock","12":"taxable","13":"shipping-taxable","14":"purchasable","15":"product-type-simple"},"aioseo_notices":[],"brands":[],"_links":{"self":[{"href":"https:\/\/gravel-bikes.cc\/fr\/wp-json\/wp\/v2\/product\/9086","targetHints":{"allow":["GET"]}}],"collection":[{"href":"https:\/\/gravel-bikes.cc\/fr\/wp-json\/wp\/v2\/product"}],"about":[{"href":"https:\/\/gravel-bikes.cc\/fr\/wp-json\/wp\/v2\/types\/product"}],"wp:featuredmedia":[{"embeddable":true,"href":"https:\/\/gravel-bikes.cc\/fr\/wp-json\/wp\/v2\/media\/8645"}],"wp:attachment":[{"href":"https:\/\/gravel-bikes.cc\/fr\/wp-json\/wp\/v2\/media?parent=9086"}],"wp:term":[{"taxonomy":"pwb-brand","embeddable":true,"href":"https:\/\/gravel-bikes.cc\/fr\/wp-json\/wp\/v2\/pwb-brand?post=9086"},{"taxonomy":"product_brand","embeddable":true,"href":"https:\/\/gravel-bikes.cc\/fr\/wp-json\/wp\/v2\/product_brand?post=9086"},{"taxonomy":"product_cat","embeddable":true,"href":"https:\/\/gravel-bikes.cc\/fr\/wp-json\/wp\/v2\/product_cat?post=9086"},{"taxonomy":"product_tag","embeddable":true,"href":"https:\/\/gravel-bikes.cc\/fr\/wp-json\/wp\/v2\/product_tag?post=9086"}],"curies":[{"name":"wp","href":"https:\/\/api.w.org\/{rel}","templated":true}]}}