{"id":9088,"date":"2026-03-22T11:16:14","date_gmt":"2026-03-22T11:16:14","guid":{"rendered":"https:\/\/gravel-bikes.cc\/produkt\/abus-bordo-one\/"},"modified":"2026-03-22T12:19:43","modified_gmt":"2026-03-22T12:19:43","slug":"abus-bordo-one","status":"publish","type":"product","link":"https:\/\/gravel-bikes.cc\/fr\/produkt\/abus-bordo-one\/","title":{"rendered":"ABUS BORDO ONE"},"content":{"rendered":"<h3 class=\"like-h2\">LABSENCE DE CL\u00c9 FAIT TOUTE LA DIFF\u00c9RENCE<\/h3>\n<div class=\"copy\"><span class=\"copy--bold\">Profite des avantages de la technologie innovante SmartX, alliant s\u00e9curit\u00e9 et confort : plus besoin de cl\u00e9s, ton smartphone dans ta poche suffit.<\/span><\/div>\n<div class=\"copy\">Associ\u00e9 \u00e0 une alarme de 100 dB, cet antivol s\u00e9curise les v\u00e9los haut de gamme, comme les VAE et les v\u00e9los-cargos. Gr\u00e2ce \u00e0 lapplication ABUS One et \u00e0 la technologie Bluetooth SmartX \u00e9prouv\u00e9e, il fonctionne sans aucune cl\u00e9. <\/div>\n<div class=\"copy\">Pour une solution moins connect\u00e9e mais tout aussi pratique, le BORDO One 6500A peut \u00eatre pilot\u00e9 par t\u00e9l\u00e9commande. Incluse dans la version RC (Remote Control), elle est vendue s\u00e9par\u00e9ment pour les autres mod\u00e8les. <\/div>\n","protected":false},"excerpt":{"rendered":"<h1 class=\"hyphenate\">BORDO One 6500A<\/h1>\n<p>La s\u00e9curit\u00e9 connect\u00e9e r\u00e9invent\u00e9e. Lalliance dune technologie innovante, dune flexibilit\u00e9 maximale, dune s\u00e9curit\u00e9 m\u00e9canique et de lapplication ABUS One fait du 6500A lantivol le plus intelligent de sa cat\u00e9gorie. <\/p>\n","protected":false},"featured_media":8643,"template":"","meta":{"_et_pb_use_builder":"","_et_pb_old_content":"","_et_gb_content_width":"","om_disable_all_campaigns":false,"_monsterinsights_skip_tracking":false,"_monsterinsights_sitenote_active":false,"_monsterinsights_sitenote_note":"","_monsterinsights_sitenote_category":0},"pwb-brand":[],"product_brand":[],"product_cat":[797],"product_tag":[],"class_list":{"0":"post-9088","1":"product","2":"type-product","3":"status-publish","4":"has-post-thumbnail","6":"product_cat-cadenas-abus","8":"first","9":"instock","10":"taxable","11":"shipping-taxable","12":"product-type-simple"},"aioseo_notices":[],"df_price":"","df_sale_price":"","df_regular_price":"","df_image_link":"https:\/\/gravel-bikes.cc\/wp-content\/uploads\/2026\/03\/61495_6500A_110_SmartX_front_abus_640-132x300.png","brands":[],"_links":{"self":[{"href":"https:\/\/gravel-bikes.cc\/fr\/wp-json\/wp\/v2\/product\/9088","targetHints":{"allow":["GET"]}}],"collection":[{"href":"https:\/\/gravel-bikes.cc\/fr\/wp-json\/wp\/v2\/product"}],"about":[{"href":"https:\/\/gravel-bikes.cc\/fr\/wp-json\/wp\/v2\/types\/product"}],"wp:featuredmedia":[{"embeddable":true,"href":"https:\/\/gravel-bikes.cc\/fr\/wp-json\/wp\/v2\/media\/8643"}],"wp:attachment":[{"href":"https:\/\/gravel-bikes.cc\/fr\/wp-json\/wp\/v2\/media?parent=9088"}],"wp:term":[{"taxonomy":"pwb-brand","embeddable":true,"href":"https:\/\/gravel-bikes.cc\/fr\/wp-json\/wp\/v2\/pwb-brand?post=9088"},{"taxonomy":"product_brand","embeddable":true,"href":"https:\/\/gravel-bikes.cc\/fr\/wp-json\/wp\/v2\/product_brand?post=9088"},{"taxonomy":"product_cat","embeddable":true,"href":"https:\/\/gravel-bikes.cc\/fr\/wp-json\/wp\/v2\/product_cat?post=9088"},{"taxonomy":"product_tag","embeddable":true,"href":"https:\/\/gravel-bikes.cc\/fr\/wp-json\/wp\/v2\/product_tag?post=9088"}],"curies":[{"name":"wp","href":"https:\/\/api.w.org\/{rel}","templated":true}]}}