{"id":9115,"date":"2025-12-25T14:28:32","date_gmt":"2025-12-25T14:28:32","guid":{"rendered":"https:\/\/gravel-bikes.cc\/produkt\/pirelli-sealant-250-ml\/"},"modified":"2025-12-25T14:28:32","modified_gmt":"2025-12-25T14:28:32","slug":"pirelli-sealant-250-ml","status":"publish","type":"product","link":"https:\/\/gravel-bikes.cc\/fr\/produkt\/pirelli-sealant-250-ml\/","title":{"rendered":"PIRELLI SEALANT 250 ml"},"content":{"rendered":"","protected":false},"excerpt":{"rendered":"<ul>\n<li><strong>Sans ammoniaque \u2013 pr\u00e9serve la jante, r\u00e9duit la corrosion<\/strong><\/li>\n<li><strong>Sans latex et sans prot\u00e9ines, pour r\u00e9duire le risque de r\u00e9actions allergiques cutan\u00e9es<\/strong><\/li>\n<li><strong>Ne laisse aucun r\u00e9sidu collant dans le pneu<\/strong><\/li>\n<li><strong>Compatible avec une large plage de temp\u00e9ratures (-20 \u00b0C\/68 \u00b0F \u00e0 70 \u00b0C\/158 \u00b0F)<\/strong><\/li>\n<li><strong>Compatible avec une large plage de pression dair (1 \u00e0 7 bar \/ 15 PSI \u00e0 100 PSI)<\/strong><\/li>\n<li><strong>Compatible avec une r\u00e9paration durgence au CO2 sur place. (Le CO2 acc\u00e9l\u00e8re la coagulation, il faut donc renouveler le liquide pr\u00e9ventif ensuite <\/strong><\/li>\n<\/ul>\n","protected":false},"featured_media":3309,"template":"","meta":{"_et_pb_use_builder":"","_et_pb_old_content":"","_et_gb_content_width":"","om_disable_all_campaigns":false,"_monsterinsights_skip_tracking":false,"_monsterinsights_sitenote_active":false,"_monsterinsights_sitenote_note":"","_monsterinsights_sitenote_category":0},"pwb-brand":[],"product_brand":[],"product_cat":[786],"product_tag":[787],"class_list":{"0":"post-9115","1":"product","2":"type-product","3":"status-publish","4":"has-post-thumbnail","6":"product_cat-pieces-tubeless","7":"product_tag-pirelli-sealant","9":"first","10":"instock","11":"taxable","12":"shipping-taxable","13":"purchasable","14":"product-type-simple"},"aioseo_notices":[],"brands":[],"_links":{"self":[{"href":"https:\/\/gravel-bikes.cc\/fr\/wp-json\/wp\/v2\/product\/9115","targetHints":{"allow":["GET"]}}],"collection":[{"href":"https:\/\/gravel-bikes.cc\/fr\/wp-json\/wp\/v2\/product"}],"about":[{"href":"https:\/\/gravel-bikes.cc\/fr\/wp-json\/wp\/v2\/types\/product"}],"wp:featuredmedia":[{"embeddable":true,"href":"https:\/\/gravel-bikes.cc\/fr\/wp-json\/wp\/v2\/media\/3309"}],"wp:attachment":[{"href":"https:\/\/gravel-bikes.cc\/fr\/wp-json\/wp\/v2\/media?parent=9115"}],"wp:term":[{"taxonomy":"pwb-brand","embeddable":true,"href":"https:\/\/gravel-bikes.cc\/fr\/wp-json\/wp\/v2\/pwb-brand?post=9115"},{"taxonomy":"product_brand","embeddable":true,"href":"https:\/\/gravel-bikes.cc\/fr\/wp-json\/wp\/v2\/product_brand?post=9115"},{"taxonomy":"product_cat","embeddable":true,"href":"https:\/\/gravel-bikes.cc\/fr\/wp-json\/wp\/v2\/product_cat?post=9115"},{"taxonomy":"product_tag","embeddable":true,"href":"https:\/\/gravel-bikes.cc\/fr\/wp-json\/wp\/v2\/product_tag?post=9115"}],"curies":[{"name":"wp","href":"https:\/\/api.w.org\/{rel}","templated":true}]}}