{"id":9116,"date":"2025-12-14T16:40:11","date_gmt":"2025-12-14T16:40:11","guid":{"rendered":"https:\/\/gravel-bikes.cc\/produkt\/3t-extrema-italia\/"},"modified":"2026-03-22T12:20:57","modified_gmt":"2026-03-22T12:20:57","slug":"3t-extrema-italia","status":"publish","type":"product","link":"https:\/\/gravel-bikes.cc\/fr\/produkt\/3t-extrema-italia\/","title":{"rendered":"3T EXTREMA Italia"},"content":{"rendered":"<p>[et_pb_section fb_built=&#8221;1&#8243; _builder_version=&#8221;4.27.5&#8243; _module_preset=&#8221;default&#8221; global_colors_info=&#8221;{}&#8221;][et_pb_row _builder_version=&#8221;4.27.5&#8243; _module_preset=&#8221;default&#8221; global_colors_info=&#8221;{}&#8221;][et_pb_column type=&#8221;4_4&#8243; _builder_version=&#8221;4.27.5&#8243; _module_preset=&#8221;default&#8221; global_colors_info=&#8221;{}&#8221;][et_pb_image src=&#8221;https:\/\/gravel-bikes.cc\/wp-content\/uploads\/2025\/12\/3T_Extrema_Italia_Complete_bike_GRX_ProjectX.webp&#8221; title_text=&#8221;3T_Extrema_Italia_Complete_bike_GRX_ProjectX&#8221; _builder_version=&#8221;4.27.5&#8243; _module_preset=&#8221;default&#8221; global_colors_info=&#8221;{}&#8221;][\/et_pb_image][\/et_pb_column][\/et_pb_row][\/et_pb_section][et_pb_section fb_built=&#8221;1&#8243; _builder_version=&#8221;4.16&#8243; custom_padding=&#8221;0px||||false|false&#8221; global_colors_info=&#8221;{}&#8221;][et_pb_row _builder_version=&#8221;4.16&#8243; background_size=&#8221;initial&#8221; background_position=&#8221;top_left&#8221; background_repeat=&#8221;repeat&#8221; width=&#8221;100%&#8221; custom_padding=&#8221;0px||0px||false|false&#8221; global_colors_info=&#8221;{}&#8221;][et_pb_column type=&#8221;4_4&#8243; _builder_version=&#8221;4.16&#8243; custom_padding=&#8221;|||&#8221; global_colors_info=&#8221;{}&#8221; custom_padding__hover=&#8221;|||&#8221;][et_pb_wc_breadcrumb _builder_version=&#8221;4.16&#8243; global_colors_info=&#8221;{}&#8221;][\/et_pb_wc_breadcrumb][et_pb_wc_cart_notice _builder_version=&#8221;4.16&#8243; global_colors_info=&#8221;{}&#8221;][\/et_pb_wc_cart_notice][\/et_pb_column][\/et_pb_row][et_pb_row column_structure=&#8221;1_2,1_2&#8243; _builder_version=&#8221;4.16&#8243; background_size=&#8221;initial&#8221; background_position=&#8221;top_left&#8221; background_repeat=&#8221;repeat&#8221; width=&#8221;100%&#8221; custom_padding=&#8221;0px||||false|false&#8221; global_colors_info=&#8221;{}&#8221;][et_pb_column type=&#8221;1_2&#8243; _builder_version=&#8221;4.16&#8243; custom_padding=&#8221;|||&#8221; global_colors_info=&#8221;{}&#8221; custom_padding__hover=&#8221;|||&#8221;][et_pb_wc_images _builder_version=&#8221;4.16&#8243; global_colors_info=&#8221;{}&#8221;][\/et_pb_wc_images][et_pb_image src=&#8221;https:\/\/gravel-bikes.cc\/wp-content\/uploads\/2025\/12\/3T_Extrema_Italia_Complete_bike_GRX_ProjectX.webp&#8221; title_text=&#8221;3T_Extrema_Italia_Complete_bike_GRX_ProjectX&#8221; _builder_version=&#8221;4.27.5&#8243; _module_preset=&#8221;default&#8221; global_colors_info=&#8221;{}&#8221;][\/et_pb_image][\/et_pb_column][et_pb_column type=&#8221;1_2&#8243; _builder_version=&#8221;4.16&#8243; custom_padding=&#8221;|||&#8221; global_colors_info=&#8221;{}&#8221; custom_padding__hover=&#8221;|||&#8221;][et_pb_wc_title _builder_version=&#8221;4.16&#8243; global_colors_info=&#8221;{}&#8221;][\/et_pb_wc_title][et_pb_wc_rating _builder_version=&#8221;4.16&#8243; global_colors_info=&#8221;{}&#8221;][\/et_pb_wc_rating][et_pb_wc_price _builder_version=&#8221;4.16&#8243; global_colors_info=&#8221;{}&#8221;][\/et_pb_wc_price][et_pb_wc_description _builder_version=&#8221;4.16&#8243; global_colors_info=&#8221;{}&#8221;][\/et_pb_wc_description][et_pb_wc_add_to_cart _builder_version=&#8221;4.16&#8243; global_colors_info=&#8221;{}&#8221;][\/et_pb_wc_add_to_cart][et_pb_wc_meta _builder_version=&#8221;4.16&#8243; global_colors_info=&#8221;{}&#8221;][\/et_pb_wc_meta][\/et_pb_column][\/et_pb_row][et_pb_row column_structure=&#8221;1_3,1_3,1_3&#8243; _builder_version=&#8221;4.27.5&#8243; _module_preset=&#8221;default&#8221; global_colors_info=&#8221;{}&#8221;][et_pb_column type=&#8221;1_3&#8243; _builder_version=&#8221;4.27.5&#8243; _module_preset=&#8221;default&#8221; global_colors_info=&#8221;{}&#8221;][et_pb_button button_text=&#8221;LOCATION DE V\u00c9LO&#8221; _builder_version=&#8221;4.27.5&#8243; _module_preset=&#8221;default&#8221; global_colors_info=&#8221;{}&#8221;][\/et_pb_button][\/et_pb_column][et_pb_column type=&#8221;1_3&#8243; _builder_version=&#8221;4.27.5&#8243; _module_preset=&#8221;default&#8221; global_colors_info=&#8221;{}&#8221;][et_pb_button button_text=&#8221;FINANCEMENT&#8221; _builder_version=&#8221;4.27.5&#8243; _module_preset=&#8221;default&#8221; global_colors_info=&#8221;{}&#8221;][\/et_pb_button][\/et_pb_column][et_pb_column type=&#8221;1_3&#8243; _builder_version=&#8221;4.27.5&#8243; _module_preset=&#8221;default&#8221; global_colors_info=&#8221;{}&#8221;][et_pb_button button_text=&#8221;ASSURANCE&#8221; _builder_version=&#8221;4.27.5&#8243; _module_preset=&#8221;default&#8221; global_colors_info=&#8221;{}&#8221;][\/et_pb_button][\/et_pb_column][\/et_pb_row][et_pb_row column_structure=&#8221;1_3,1_3,1_3&#8243; _builder_version=&#8221;4.27.5&#8243; _module_preset=&#8221;default&#8221; global_colors_info=&#8221;{}&#8221;][et_pb_column type=&#8221;1_3&#8243; _builder_version=&#8221;4.27.5&#8243; _module_preset=&#8221;default&#8221; global_colors_info=&#8221;{}&#8221;][et_pb_image src=&#8221;https:\/\/gravel-bikes.cc\/wp-content\/uploads\/2025\/12\/3T_RaceMax_WPNT_Complete_bike_SramRival_XPLR_AXS_Bronzo.webp&#8221; title_text=&#8221;3T_RaceMax_WPNT_Complete_bike_SramRival_XPLR_AXS_Bronzo&#8221; _builder_version=&#8221;4.27.5&#8243; _module_preset=&#8221;default&#8221; global_colors_info=&#8221;{}&#8221;][\/et_pb_image][\/et_pb_column][et_pb_column type=&#8221;1_3&#8243; _builder_version=&#8221;4.27.5&#8243; _module_preset=&#8221;default&#8221; global_colors_info=&#8221;{}&#8221;][et_pb_image src=&#8221;https:\/\/gravel-bikes.cc\/wp-content\/uploads\/2025\/12\/3T_RaceMax_WPNT_Complete_bike_SramRival_XPLR_AXS_Aliseo_900x.webp&#8221; title_text=&#8221;3T_RaceMax_WPNT_Complete_bike_SramRival_XPLR_AXS_Aliseo_900x&#8221; _builder_version=&#8221;4.27.5&#8243; _module_preset=&#8221;default&#8221; global_colors_info=&#8221;{}&#8221;][\/et_pb_image][\/et_pb_column][et_pb_column type=&#8221;1_3&#8243; _builder_version=&#8221;4.27.5&#8243; _module_preset=&#8221;default&#8221; global_colors_info=&#8221;{}&#8221;][et_pb_image src=&#8221;https:\/\/gravel-bikes.cc\/wp-content\/uploads\/2025\/12\/6a9a3-1.webp&#8221; title_text=&#8221;6a9a3&#8243; _builder_version=&#8221;4.27.5&#8243; _module_preset=&#8221;default&#8221; global_colors_info=&#8221;{}&#8221;][\/et_pb_image][\/et_pb_column][\/et_pb_row][et_pb_row _builder_version=&#8221;4.16&#8243; background_size=&#8221;initial&#8221; background_position=&#8221;top_left&#8221; background_repeat=&#8221;repeat&#8221; width=&#8221;100%&#8221; global_colors_info=&#8221;{}&#8221;][et_pb_column type=&#8221;4_4&#8243; _builder_version=&#8221;4.16&#8243; custom_padding=&#8221;|||&#8221; global_colors_info=&#8221;{}&#8221; custom_padding__hover=&#8221;|||&#8221;][et_pb_wc_tabs _builder_version=&#8221;4.16&#8243; global_colors_info=&#8221;{}&#8221;] [\/et_pb_wc_tabs][et_pb_wc_upsells _builder_version=&#8221;4.16&#8243; global_colors_info=&#8221;{}&#8221;][\/et_pb_wc_upsells][et_pb_wc_related_products _builder_version=&#8221;4.16&#8243; global_colors_info=&#8221;{}&#8221;][\/et_pb_wc_related_products][\/et_pb_column][\/et_pb_row][\/et_pb_section]<\/p>\n","protected":false},"excerpt":{"rendered":"<p>3T EXtrema Italia<\/p>\n","protected":false},"featured_media":969,"template":"","meta":{"_et_pb_use_builder":"on","_et_pb_old_content":"<h3 class=\"micro-title\">EXTREMA ITALIA ~ GRX Di2 1X12 DISCUS 45|40<\/h3>\n<dl>\n \t<dt>CADRE<\/dt>\n \t<dd>Extrema ITALIA Integrale (UDH)<\/dd>\n \t<dt>MAT\u00c9RIAU DU CADRE<\/dt>\n \t<dd>Jazz Carbon : bobinage de filament interne de 3T utilisant une combinaison de fibres \u00e0 haute r\u00e9sistance\/haute rigidit\u00e9, combin\u00e9 \u00e0 l\u2019injection de r\u00e9sine RTM. Fabriqu\u00e9 en Italie <\/dd>\n \t<dt>FOURCHE<\/dt>\n \t<dd>3T Fango Extrema Integrale avec couronne compacte et supports d\u2019accessoires<\/dd>\n \t<dt>JEU DE DIRECTION<\/dt>\n \t<dd>3T MinMax Integrale IS42\/34 | IS52\/40 (36deg)<\/dd>\n \t<dt>AXE TRAVERSANT<\/dt>\n \t<dd>100x12 avant - 142x12 arri\u00e8re (sp\u00e9cifique pour patte de d\u00e9railleur UDH 3T)<\/dd>\n \t<dt>CINTRE<\/dt>\n \t<dd>3T Superghiaia Integrale LTD (S&M : 40 cm - L&XL : 42 cm)<\/dd>\n \t<dt>GUIDOLINE<\/dt>\n \t<dd>3T Prendo Tough<\/dd>\n \t<dt>POTENCE<\/dt>\n \t<dd>3T More (support GPS K-Edge inclus) - (S : 80 mm - M : 90 mm - L : 100 mm - XL : 110 mm)<\/dd>\n \t<dt>PORTE-BIDON<\/dt>\n \t<dd>PORTE-BIDON LAT\u00c9RAL EN CARBONE 3T (DROIT)<\/dd>\n \t<dt>D\u00c9RAILLEUR ARRI\u00c8RE<\/dt>\n \t<dd>Shimano GRX Di2 RD-RX827 12s<\/dd>\n \t<dt>LEVIERS DE VITESSE\/FREIN<\/dt>\n \t<dd>Shimano GRX Di2 BL-RX820(L) + ST-RX825(R) 12s<\/dd>\n \t<dt>FREINS<\/dt>\n \t<dd>Shimano GRX BR-RX820 avec disques Shimano RT-CL800 160 mm<\/dd>\n \t<dt>P\u00c9DALIER<\/dt>\n \t<dd>Shimano GRX FC-RX820-1 40T (S&M : 170 mm - L&XL : 172,5 mm)<\/dd>\n \t<dt>CASSETTE<\/dt>\n \t<dd>Shimano Deore XT CS-M8200-12 10-51T<\/dd>\n \t<dt>ROUES<\/dt>\n \t<dd>3T Discus 45|40 LTD<\/dd>\n \t<dt>PNEUS<\/dt>\n \t<dd>Continental Terra Adventure 700x55<\/dd>\n \t<dt>TIGE DE SELLE<\/dt>\n \t<dd>Tige de selle ronde en carbone 3T 27,2 - Sans d\u00e9port<\/dd>\n \t<dt>SELLE<\/dt>\n \t<dd>Fizik ARGO X1 140 mm<\/dd>\n<\/dl>","_et_gb_content_width":""},"pwb-brand":[],"product_brand":[],"product_cat":[766],"product_tag":[768,767],"class_list":{"0":"post-9116","1":"product","2":"type-product","3":"status-publish","4":"has-post-thumbnail","6":"product_cat-3t","7":"product_tag-3t","8":"product_tag-hamburg-gravel","10":"first","11":"instock","12":"taxable","13":"shipping-taxable","14":"purchasable","15":"product-type-variable"},"aioseo_notices":[],"brands":[],"_links":{"self":[{"href":"https:\/\/gravel-bikes.cc\/fr\/wp-json\/wp\/v2\/product\/9116","targetHints":{"allow":["GET"]}}],"collection":[{"href":"https:\/\/gravel-bikes.cc\/fr\/wp-json\/wp\/v2\/product"}],"about":[{"href":"https:\/\/gravel-bikes.cc\/fr\/wp-json\/wp\/v2\/types\/product"}],"wp:featuredmedia":[{"embeddable":true,"href":"https:\/\/gravel-bikes.cc\/fr\/wp-json\/wp\/v2\/media\/969"}],"wp:attachment":[{"href":"https:\/\/gravel-bikes.cc\/fr\/wp-json\/wp\/v2\/media?parent=9116"}],"wp:term":[{"taxonomy":"pwb-brand","embeddable":true,"href":"https:\/\/gravel-bikes.cc\/fr\/wp-json\/wp\/v2\/pwb-brand?post=9116"},{"taxonomy":"product_brand","embeddable":true,"href":"https:\/\/gravel-bikes.cc\/fr\/wp-json\/wp\/v2\/product_brand?post=9116"},{"taxonomy":"product_cat","embeddable":true,"href":"https:\/\/gravel-bikes.cc\/fr\/wp-json\/wp\/v2\/product_cat?post=9116"},{"taxonomy":"product_tag","embeddable":true,"href":"https:\/\/gravel-bikes.cc\/fr\/wp-json\/wp\/v2\/product_tag?post=9116"}],"curies":[{"name":"wp","href":"https:\/\/api.w.org\/{rel}","templated":true}]}}