{"id":9119,"date":"2026-01-16T17:51:38","date_gmt":"2026-01-16T17:51:38","guid":{"rendered":"https:\/\/gravel-bikes.cc\/produkt\/paire-de-roues-enve-ar40\/"},"modified":"2026-03-22T12:21:02","modified_gmt":"2026-03-22T12:21:02","slug":"paire-de-roues-enve-ar40","status":"publish","type":"product","link":"https:\/\/gravel-bikes.cc\/fr\/produkt\/paire-de-roues-enve-ar40\/","title":{"rendered":"Paire de roues ENVE AR40"},"content":{"rendered":"<p>L&#8217;AR40 est le dernier ajout \u00e0 la gamme Foundation. Dot\u00e9e d&#8217;une profondeur de jante optimis\u00e9e a\u00e9rodynamiquement de 40 mm \u00e0 l&#8217;avant et \u00e0 l&#8217;arri\u00e8re avec une largeur interne de 25 mm, l&#8217;AR40 est con\u00e7ue pour offrir une polyvalence ultime aux cyclistes sur route et aux comp\u00e9titeurs recherchant la performance sur route comme hors route. <\/p>\n","protected":false},"excerpt":{"rendered":"<p>L&#8217;AR40 est le dernier ajout \u00e0 la gamme Foundation. Dot\u00e9e d&#8217;une profondeur de jante optimis\u00e9e a\u00e9rodynamiquement de 40 mm \u00e0 l&#8217;avant et \u00e0 l&#8217;arri\u00e8re avec une largeur interne de 25 mm, l&#8217;AR40 est con\u00e7ue pour offrir une polyvalence ultime aux cyclistes sur route et aux comp\u00e9titeurs recherchant la performance sur route comme hors route.<\/p>\n","protected":false},"featured_media":5449,"template":"","meta":{"_et_pb_use_builder":"","_et_pb_old_content":"","_et_gb_content_width":""},"pwb-brand":[],"product_brand":[],"product_cat":[747],"product_tag":[],"class_list":{"0":"post-9119","1":"product","2":"type-product","3":"status-publish","4":"has-post-thumbnail","6":"product_cat-roues","7":"product_shipping_class-petites-pieces","9":"first","10":"instock","11":"sale","12":"taxable","13":"shipping-taxable","14":"purchasable","15":"product-type-simple"},"aioseo_notices":[],"brands":[],"_links":{"self":[{"href":"https:\/\/gravel-bikes.cc\/fr\/wp-json\/wp\/v2\/product\/9119","targetHints":{"allow":["GET"]}}],"collection":[{"href":"https:\/\/gravel-bikes.cc\/fr\/wp-json\/wp\/v2\/product"}],"about":[{"href":"https:\/\/gravel-bikes.cc\/fr\/wp-json\/wp\/v2\/types\/product"}],"wp:featuredmedia":[{"embeddable":true,"href":"https:\/\/gravel-bikes.cc\/fr\/wp-json\/wp\/v2\/media\/5449"}],"wp:attachment":[{"href":"https:\/\/gravel-bikes.cc\/fr\/wp-json\/wp\/v2\/media?parent=9119"}],"wp:term":[{"taxonomy":"pwb-brand","embeddable":true,"href":"https:\/\/gravel-bikes.cc\/fr\/wp-json\/wp\/v2\/pwb-brand?post=9119"},{"taxonomy":"product_brand","embeddable":true,"href":"https:\/\/gravel-bikes.cc\/fr\/wp-json\/wp\/v2\/product_brand?post=9119"},{"taxonomy":"product_cat","embeddable":true,"href":"https:\/\/gravel-bikes.cc\/fr\/wp-json\/wp\/v2\/product_cat?post=9119"},{"taxonomy":"product_tag","embeddable":true,"href":"https:\/\/gravel-bikes.cc\/fr\/wp-json\/wp\/v2\/product_tag?post=9119"}],"curies":[{"name":"wp","href":"https:\/\/api.w.org\/{rel}","templated":true}]}}