{"id":9122,"date":"2025-12-25T13:28:07","date_gmt":"2025-12-25T13:28:07","guid":{"rendered":"https:\/\/gravel-bikes.cc\/produkt\/produit-detancheite-pirelli-125-ml\/"},"modified":"2025-12-25T13:28:07","modified_gmt":"2025-12-25T13:28:07","slug":"produit-detancheite-pirelli-125-ml","status":"publish","type":"product","link":"https:\/\/gravel-bikes.cc\/fr\/produkt\/produit-detancheite-pirelli-125-ml\/","title":{"rendered":"Produit d\u00e9tanch\u00e9it\u00e9 PIRELLI 125 ml"},"content":{"rendered":"","protected":false},"excerpt":{"rendered":"<ul>\n<li><strong>Sans ammoniaque  prot\u00e8ge la jante, r\u00e9duit la corrosion<\/strong><\/li>\n<li><strong>Sans latex et sans prot\u00e9ines, pour r\u00e9duire le risque de r\u00e9actions allergiques cutan\u00e9es<\/strong><\/li>\n<li><strong>Ne laisse pas de r\u00e9sidus collants dans le pneu<\/strong><\/li>\n<li><strong>Compatible avec une large plage de temp\u00e9ratures (-20 \u00b0C\/68 \u00b0F \u00e0 70 \u00b0C\/158 \u00b0F)<\/strong><\/li>\n<li><strong>Compatible avec une large plage de pressions dair (1 \u00e0 7 bars \/ 15 PSI \u00e0 100 PSI)<\/strong><\/li>\n<li><strong>Compatible avec une r\u00e9paration durgence au CO2 sur place. (Le CO2 acc\u00e9l\u00e8re la coagulation, le produit d\u00e9tanch\u00e9it\u00e9 doit donc \u00eatre renouvel\u00e9 apr\u00e8s utilisation) <\/strong><\/li>\n<\/ul>\n","protected":false},"featured_media":3300,"template":"","meta":{"_et_pb_use_builder":"","_et_pb_old_content":"","_et_gb_content_width":"","om_disable_all_campaigns":false,"_monsterinsights_skip_tracking":false,"_monsterinsights_sitenote_active":false,"_monsterinsights_sitenote_note":"","_monsterinsights_sitenote_category":0},"pwb-brand":[],"product_brand":[],"product_cat":[786],"product_tag":[787],"class_list":{"0":"post-9122","1":"product","2":"type-product","3":"status-publish","4":"has-post-thumbnail","6":"product_cat-pieces-tubeless","7":"product_tag-pirelli-sealant","9":"first","10":"instock","11":"taxable","12":"shipping-taxable","13":"purchasable","14":"product-type-simple"},"aioseo_notices":[],"brands":[],"_links":{"self":[{"href":"https:\/\/gravel-bikes.cc\/fr\/wp-json\/wp\/v2\/product\/9122","targetHints":{"allow":["GET"]}}],"collection":[{"href":"https:\/\/gravel-bikes.cc\/fr\/wp-json\/wp\/v2\/product"}],"about":[{"href":"https:\/\/gravel-bikes.cc\/fr\/wp-json\/wp\/v2\/types\/product"}],"wp:featuredmedia":[{"embeddable":true,"href":"https:\/\/gravel-bikes.cc\/fr\/wp-json\/wp\/v2\/media\/3300"}],"wp:attachment":[{"href":"https:\/\/gravel-bikes.cc\/fr\/wp-json\/wp\/v2\/media?parent=9122"}],"wp:term":[{"taxonomy":"pwb-brand","embeddable":true,"href":"https:\/\/gravel-bikes.cc\/fr\/wp-json\/wp\/v2\/pwb-brand?post=9122"},{"taxonomy":"product_brand","embeddable":true,"href":"https:\/\/gravel-bikes.cc\/fr\/wp-json\/wp\/v2\/product_brand?post=9122"},{"taxonomy":"product_cat","embeddable":true,"href":"https:\/\/gravel-bikes.cc\/fr\/wp-json\/wp\/v2\/product_cat?post=9122"},{"taxonomy":"product_tag","embeddable":true,"href":"https:\/\/gravel-bikes.cc\/fr\/wp-json\/wp\/v2\/product_tag?post=9122"}],"curies":[{"name":"wp","href":"https:\/\/api.w.org\/{rel}","templated":true}]}}