{"id":9127,"date":"2026-01-20T18:56:20","date_gmt":"2026-01-20T18:56:20","guid":{"rendered":"https:\/\/gravel-bikes.cc\/produkt\/bike-ahead-composites-biturbo-gravel\/"},"modified":"2026-03-22T12:21:25","modified_gmt":"2026-03-22T12:21:25","slug":"bike-ahead-composites-biturbo-gravel","status":"publish","type":"product","link":"https:\/\/gravel-bikes.cc\/fr\/produkt\/bike-ahead-composites-biturbo-gravel\/","title":{"rendered":"BIKE AHEAD COMPOSITES BITURBO GRAVEL"},"content":{"rendered":"<p>[et_pb_section fb_built=&#8221;1&#8243; _builder_version=&#8221;4.27.5&#8243; _module_preset=&#8221;default&#8221; global_colors_info=&#8221;{}&#8221;][et_pb_row _builder_version=&#8221;4.27.5&#8243; _module_preset=&#8221;default&#8221; global_colors_info=&#8221;{}&#8221;][et_pb_column type=&#8221;4_4&#8243; _builder_version=&#8221;4.27.5&#8243; _module_preset=&#8221;default&#8221; global_colors_info=&#8221;{}&#8221;][et_pb_image src=&#8221;https:\/\/gravel-bikes.cc\/wp-content\/uploads\/2026\/01\/image003.png&#8221; title_text=&#8221;image003&#8243; _builder_version=&#8221;4.27.5&#8243; _module_preset=&#8221;default&#8221; global_colors_info=&#8221;{}&#8221;][\/et_pb_image][\/et_pb_column][\/et_pb_row][\/et_pb_section][et_pb_section fb_built=&#8221;1&#8243; _builder_version=&#8221;4.16&#8243; custom_padding=&#8221;0px||||false|false&#8221; global_colors_info=&#8221;{}&#8221;][et_pb_row _builder_version=&#8221;4.16&#8243; background_size=&#8221;initial&#8221; background_position=&#8221;top_left&#8221; background_repeat=&#8221;repeat&#8221; width=&#8221;100%&#8221; custom_padding=&#8221;0px||0px||false|false&#8221; global_colors_info=&#8221;{}&#8221;][et_pb_column type=&#8221;4_4&#8243; _builder_version=&#8221;4.16&#8243; custom_padding=&#8221;|||&#8221; global_colors_info=&#8221;{}&#8221; custom_padding__hover=&#8221;|||&#8221;][et_pb_wc_breadcrumb _builder_version=&#8221;4.16&#8243; global_colors_info=&#8221;{}&#8221;][\/et_pb_wc_breadcrumb][et_pb_wc_cart_notice _builder_version=&#8221;4.16&#8243; global_colors_info=&#8221;{}&#8221;][\/et_pb_wc_cart_notice][\/et_pb_column][\/et_pb_row][et_pb_row column_structure=&#8221;1_2,1_2&#8243; _builder_version=&#8221;4.16&#8243; background_size=&#8221;initial&#8221; background_position=&#8221;top_left&#8221; background_repeat=&#8221;repeat&#8221; width=&#8221;100%&#8221; custom_padding=&#8221;0px||||false|false&#8221; global_colors_info=&#8221;{}&#8221;][et_pb_column type=&#8221;1_2&#8243; _builder_version=&#8221;4.16&#8243; custom_padding=&#8221;|||&#8221; global_colors_info=&#8221;{}&#8221; custom_padding__hover=&#8221;|||&#8221;][et_pb_wc_images _builder_version=&#8221;4.16&#8243; global_colors_info=&#8221;{}&#8221;][\/et_pb_wc_images][\/et_pb_column][et_pb_column type=&#8221;1_2&#8243; _builder_version=&#8221;4.16&#8243; custom_padding=&#8221;|||&#8221; global_colors_info=&#8221;{}&#8221; custom_padding__hover=&#8221;|||&#8221;][et_pb_wc_title _builder_version=&#8221;4.16&#8243; global_colors_info=&#8221;{}&#8221;][\/et_pb_wc_title][et_pb_wc_rating _builder_version=&#8221;4.16&#8243; global_colors_info=&#8221;{}&#8221;][\/et_pb_wc_rating][et_pb_wc_price _builder_version=&#8221;4.16&#8243; global_colors_info=&#8221;{}&#8221;][\/et_pb_wc_price][et_pb_wc_description _builder_version=&#8221;4.16&#8243; global_colors_info=&#8221;{}&#8221;][\/et_pb_wc_description][et_pb_wc_add_to_cart _builder_version=&#8221;4.16&#8243; global_colors_info=&#8221;{}&#8221;][\/et_pb_wc_add_to_cart][et_pb_wc_meta _builder_version=&#8221;4.16&#8243; global_colors_info=&#8221;{}&#8221;][\/et_pb_wc_meta][\/et_pb_column][\/et_pb_row][et_pb_row column_structure=&#8221;1_3,1_3,1_3&#8243; _builder_version=&#8221;4.27.5&#8243; _module_preset=&#8221;default&#8221; global_colors_info=&#8221;{}&#8221;][et_pb_column type=&#8221;1_3&#8243; _builder_version=&#8221;4.27.5&#8243; _module_preset=&#8221;default&#8221; global_colors_info=&#8221;{}&#8221;][et_pb_button button_text=&#8221;LOCATION DE V\u00c9LO&#8221; _builder_version=&#8221;4.27.5&#8243; _module_preset=&#8221;default&#8221; global_colors_info=&#8221;{}&#8221;][\/et_pb_button][\/et_pb_column][et_pb_column type=&#8221;1_3&#8243; _builder_version=&#8221;4.27.5&#8243; _module_preset=&#8221;default&#8221; global_colors_info=&#8221;{}&#8221;][et_pb_button button_text=&#8221;FINANCEMENT&#8221; _builder_version=&#8221;4.27.5&#8243; _module_preset=&#8221;default&#8221; global_colors_info=&#8221;{}&#8221;][\/et_pb_button][\/et_pb_column][et_pb_column type=&#8221;1_3&#8243; _builder_version=&#8221;4.27.5&#8243; _module_preset=&#8221;default&#8221; global_colors_info=&#8221;{}&#8221;][et_pb_button button_text=&#8221;ASSURANCE&#8221; _builder_version=&#8221;4.27.5&#8243; _module_preset=&#8221;default&#8221; global_colors_info=&#8221;{}&#8221;][\/et_pb_button][\/et_pb_column][\/et_pb_row][et_pb_row column_structure=&#8221;1_3,1_3,1_3&#8243; _builder_version=&#8221;4.27.5&#8243; _module_preset=&#8221;default&#8221; global_colors_info=&#8221;{}&#8221;][et_pb_column type=&#8221;1_3&#8243; _builder_version=&#8221;4.27.5&#8243; _module_preset=&#8221;default&#8221; global_colors_info=&#8221;{}&#8221;][et_pb_image src=&#8221;https:\/\/gravel-bikes.cc\/wp-content\/uploads\/2026\/01\/DSC08274-554925cb.jpg&#8221; title_text=&#8221;DSC08274-554925cb&#8221; _builder_version=&#8221;4.27.5&#8243; _module_preset=&#8221;default&#8221; global_colors_info=&#8221;{}&#8221;][\/et_pb_image][\/et_pb_column][et_pb_column type=&#8221;1_3&#8243; _builder_version=&#8221;4.27.5&#8243; _module_preset=&#8221;default&#8221; global_colors_info=&#8221;{}&#8221;][et_pb_image src=&#8221;https:\/\/gravel-bikes.cc\/wp-content\/uploads\/2026\/01\/made_02-1.jpg&#8221; title_text=&#8221;made_02 (1)&#8221; _builder_version=&#8221;4.27.5&#8243; _module_preset=&#8221;default&#8221; global_colors_info=&#8221;{}&#8221;][\/et_pb_image][\/et_pb_column][et_pb_column type=&#8221;1_3&#8243; _builder_version=&#8221;4.27.5&#8243; _module_preset=&#8221;default&#8221; global_colors_info=&#8221;{}&#8221;][et_pb_image src=&#8221;https:\/\/gravel-bikes.cc\/wp-content\/uploads\/2026\/01\/image003.png&#8221; title_text=&#8221;image003&#8243; _builder_version=&#8221;4.27.5&#8243; _module_preset=&#8221;default&#8221; global_colors_info=&#8221;{}&#8221;][\/et_pb_image][\/et_pb_column][\/et_pb_row][et_pb_row _builder_version=&#8221;4.16&#8243; background_size=&#8221;initial&#8221; background_position=&#8221;top_left&#8221; background_repeat=&#8221;repeat&#8221; width=&#8221;100%&#8221; global_colors_info=&#8221;{}&#8221;][et_pb_column type=&#8221;4_4&#8243; _builder_version=&#8221;4.16&#8243; custom_padding=&#8221;|||&#8221; global_colors_info=&#8221;{}&#8221; custom_padding__hover=&#8221;|||&#8221;][et_pb_wc_tabs _builder_version=&#8221;4.16&#8243; global_colors_info=&#8221;{}&#8221;] [\/et_pb_wc_tabs][et_pb_wc_upsells _builder_version=&#8221;4.16&#8243; global_colors_info=&#8221;{}&#8221;][\/et_pb_wc_upsells][et_pb_wc_related_products _builder_version=&#8221;4.16&#8243; global_colors_info=&#8221;{}&#8221;][\/et_pb_wc_related_products][\/et_pb_column][\/et_pb_row][\/et_pb_section]<\/p>\n","protected":false},"excerpt":{"rendered":"<div class=\"wpb_column pos-top pos-center align_left column_parent col-lg-6 single-internal-gutter\">\n<div class=\"uncol style-light\">\n<div class=\"uncoltable\">\n<div class=\"uncell no-block-padding\">\n<div class=\"uncont\">\n<div class=\"uncode_text_column text-lead\">\n<div class=\"wpb_column pos-top pos-center align_left column_parent col-lg-6 single-internal-gutter\">\n<div class=\"uncol style-light\">\n<div class=\"uncoltable\">\n<div class=\"uncell no-block-padding\">\n<div class=\"uncont\">\n<div class=\"uncode_text_column text-lead\">\n<h3>Description<\/h3>\n<div class=\"product__description__text\">\n<p>Quest-ce qui fait le v\u00e9lo gravel ultime ? \u00c9videmment, il rend le cycliste heureux. La r\u00e9ponse est simple. Mais cela a toujours pos\u00e9 un d\u00e9fi majeur aux d\u00e9partements de d\u00e9veloppement. Surtout pour les v\u00e9los en carbone. La fabrication est complexe et n\u00e9cessite des moules co\u00fbteux. La production nest rentable quen grandes quantit\u00e9s. Cependant, cela exclut la personnalisation individuelle. Soit le v\u00e9lo te convient, soit non. Les compromis font g\u00e9n\u00e9ralement partie de lachat dun v\u00e9lo de s\u00e9rie.         <\/p>\n<p>Avec THE SUPERFAST, tu nas pas \u00e0 faire de compromis. Il combine les avantages de la production en s\u00e9rie et de la fabrication sur mesure. Que ce soit en tant que cadre ou v\u00e9lo complet.  <\/p>\n<p>Notre v\u00e9lo gravel innovant nimpressionne pas seulement par sa qualit\u00e9 exceptionnelle. Tu peux aussi personnaliser de nombreux d\u00e9tails toi-m\u00eame. Cela fait de THE SUPERFAST le v\u00e9lo ultime pour toi.  <\/p>\n<p>\u00c0 lautomne 2024, nous avons lanc\u00e9 le projet unique THE SUPERFAST. Lobjectif \u00e9tait de cr\u00e9er le v\u00e9lo gravel ultime fabriqu\u00e9 en Allemagne. Le v\u00e9lo ne devait pas \u00eatre d\u00e9velopp\u00e9 \u00e0 huis clos, mais avec lavis de la communaut\u00e9. Gr\u00e2ce \u00e0 des sondages sur les r\u00e9seaux sociaux, toute personne int\u00e9ress\u00e9e a eu loccasion de voter sur les points cl\u00e9s importants. Cela incluait des questions fondamentales telles que lutilisation pr\u00e9vue, mais aussi des d\u00e9tails importants tels que le type de routage des c\u00e2bles. Les r\u00e9sultats ont \u00e9t\u00e9 directement int\u00e9gr\u00e9s au processus de d\u00e9veloppement. Tout \u00e9tait compl\u00e8tement transparent. Chaque \u00e9tape de la cr\u00e9ation du v\u00e9lo a \u00e9t\u00e9 publi\u00e9e sur Instagram et Facebook, ainsi que sur le blog THE SUPERFAST de notre site web.       <\/p>\n<h4><\/h4>\n<p>La communaut\u00e9 voulait un v\u00e9lo gravel de cat\u00e9gorie course. Super, car nous aimons les v\u00e9los rapides. Le d\u00e9fi : un v\u00e9lo de course exige des caract\u00e9ristiques qui semblent mutuellement exclusives. Poids minimal et stabilit\u00e9 maximale. Bonne rigidit\u00e9 et confort notable. Pour atteindre cet objectif, le cadre, la fourche et le cockpit ont \u00e9t\u00e9 con\u00e7us comme une unit\u00e9 technique. Les composants sont parfaitement assortis et se fondent \u00e9galement visuellement.      <\/p>\n<p>Le cadre principal est fabriqu\u00e9 en une seule pi\u00e8ce. Cette m\u00e9thode de construction est appel\u00e9e monocoque monobloc. Tous les pr\u00e9impr\u00e9gn\u00e9s de carbone se lient de mani\u00e8re optimale pendant la cuisson sous pression et fusionnent en une unit\u00e9 de haute r\u00e9sistance. En raison de sa complexit\u00e9, seuls quelques fabricants utilisent ce processus de fabrication. Il diff\u00e8re grandement de la production de cadres courante dans les grandes usines, o\u00f9 des segments fabriqu\u00e9s individuellement sont coll\u00e9s ensemble.    <\/p>\n<p>La fourche et le cockpit sont \u00e9galement fabriqu\u00e9s selon la m\u00e9thode de construction monocoque monobloc. Le cadre a un routage de c\u00e2bles enti\u00e8rement int\u00e9gr\u00e9. Les c\u00e2bles passent par le guidon dans la potence et de l\u00e0 directement dans le cadre ou la fourche.  <\/p>\n<p>THE SUPERFAST est synonyme de construction l\u00e9g\u00e8re fonctionnelle. Chaque composant est con\u00e7u pour \u00eatre aussi l\u00e9ger que possible. Laccent est mis sur la fonction. La qualit\u00e9 de fabrication est si \u00e9lev\u00e9e quaucune peinture nest requise. Cela permet d\u00e9conomiser du poids et assure laspect carbone mat et chatoyant typique. Les vis de porte-bidon sont en titane perc\u00e9 et ne p\u00e8sent que 1,06 gramme chacune. Tous ces d\u00e9tails sadditionnent pour faire de THE SUPERFAST lun des v\u00e9los gravel les plus l\u00e9gers au monde. Le cadre sans compartiment de rangement ne p\u00e8se que 789 grammes en taille M, franchissant la barre magique des 800 grammes. Le v\u00e9lo complet avec des composants haut de gamme ne p\u00e8se que 6,85 kilogrammes.        <\/p>\n<h4>De nombreuses options de personnalisation<\/h4>\n<p>THE SUPERFAST est disponible en tant que cadre et en tant que v\u00e9lo complet. Le syst\u00e8me modulaire ing\u00e9nieux te permet de personnaliser le v\u00e9lo selon tes pr\u00e9f\u00e9rences personnelles. <\/p>\n<p>&gt;&gt; Le cockpit est disponible dans toutes les tailles standard. Avec des drops pour la course ou le gravel. LE COCKPIT offre \u00e9galement une option exclusive. Il peut \u00eatre personnalis\u00e9. Tu peux librement combiner toutes les longueurs de potence, largeurs de guidon et variantes de drops. Cela garantit une position de conduite parfaite. Notre processus de fabrication et nos outils de production innovants rendent cela possible.      <\/p>\n<p>&gt;&gt; THE SUPERFAST peut \u00eatre command\u00e9 avec ou sans compartiment de rangement. Le compartiment de rangement est scell\u00e9 et amovible. Le levier de verrouillage est situ\u00e9 sur le dessus du tube diagonal et peut \u00eatre actionn\u00e9 sans outils. Le compartiment de rangement est \u00e9quip\u00e9 de tous les outils importants et dune chambre \u00e0 air de rechange.   <\/p>\n<p>&gt;&gt; Le cadre est disponible pour les bo\u00eetiers de p\u00e9dalier filet\u00e9s (T47) et les roulements press-fit. La haute qualit\u00e9 de fabrication et lajustement parfait des roulements font des roulements press-fit le premier choix. Cependant, selon un sondage, de nombreux cyclistes gravel pr\u00e9f\u00e8rent un bo\u00eetier de p\u00e9dalier filet\u00e9. Cest pourquoi les deux versions sont disponibles.   <\/p>\n<p>&gt;&gt; Monoplateau ou d\u00e9railleur ? THE SUPERFAST offre les deux options avec un support de d\u00e9railleur enti\u00e8rement r\u00e9glable. \u00c0 tout moment. Sans compromis techniques ou visuels.<br \/>\nChaque acheteur de THE SUPERFAST re\u00e7oit un livre de haute qualit\u00e9 d\u00e9taillant l\u2019histoire du v\u00e9lo. Le livre compte 80 pages et contient de nombreuses photos exclusives.    <\/p>\n<\/div>\n<\/div>\n<\/div>\n<\/div>\n<\/div>\n<\/div>\n<\/div>\n<div class=\"wpb_column pos-top pos-center align_left column_parent col-lg-6 single-internal-gutter\">\n<div class=\"uncol style-light\">\n<div class=\"uncoltable\">\n<div class=\"uncell no-block-padding\">\n<div class=\"uncont\">\n<div class=\"uncode_text_column text-lead\"><\/div>\n<\/div>\n<\/div>\n<\/div>\n<\/div>\n<\/div>\n<p>&nbsp;<\/p>\n<\/div>\n<\/div>\n<\/div>\n<\/div>\n<\/div>\n<\/div>\n<div class=\"wpb_column pos-top pos-center align_left column_parent col-lg-6 single-internal-gutter\">\n<div class=\"uncol style-light\">\n<div class=\"uncoltable\">\n<div class=\"uncell no-block-padding\">\n<div class=\"uncont\">\n<div class=\"uncode_text_column text-lead\">\n<p data-is-only-node=\"\" data-is-last-node=\"\" data-end=\"1102\" data-start=\"962\">\n<\/div>\n<\/div>\n<\/div>\n<\/div>\n<\/div>\n<\/div>\n","protected":false},"featured_media":5781,"template":"","meta":{"_et_pb_use_builder":"on","_et_pb_old_content":"","_et_gb_content_width":""},"pwb-brand":[],"product_brand":[],"product_cat":[840],"product_tag":[794],"class_list":{"0":"post-9127","1":"product","2":"type-product","3":"status-publish","4":"has-post-thumbnail","6":"product_cat-bike-ahead-composites","7":"product_tag-hambourg","9":"first","10":"instock","11":"taxable","12":"shipping-taxable","13":"purchasable","14":"product-type-simple"},"aioseo_notices":[],"brands":[],"_links":{"self":[{"href":"https:\/\/gravel-bikes.cc\/fr\/wp-json\/wp\/v2\/product\/9127","targetHints":{"allow":["GET"]}}],"collection":[{"href":"https:\/\/gravel-bikes.cc\/fr\/wp-json\/wp\/v2\/product"}],"about":[{"href":"https:\/\/gravel-bikes.cc\/fr\/wp-json\/wp\/v2\/types\/product"}],"wp:featuredmedia":[{"embeddable":true,"href":"https:\/\/gravel-bikes.cc\/fr\/wp-json\/wp\/v2\/media\/5781"}],"wp:attachment":[{"href":"https:\/\/gravel-bikes.cc\/fr\/wp-json\/wp\/v2\/media?parent=9127"}],"wp:term":[{"taxonomy":"pwb-brand","embeddable":true,"href":"https:\/\/gravel-bikes.cc\/fr\/wp-json\/wp\/v2\/pwb-brand?post=9127"},{"taxonomy":"product_brand","embeddable":true,"href":"https:\/\/gravel-bikes.cc\/fr\/wp-json\/wp\/v2\/product_brand?post=9127"},{"taxonomy":"product_cat","embeddable":true,"href":"https:\/\/gravel-bikes.cc\/fr\/wp-json\/wp\/v2\/product_cat?post=9127"},{"taxonomy":"product_tag","embeddable":true,"href":"https:\/\/gravel-bikes.cc\/fr\/wp-json\/wp\/v2\/product_tag?post=9127"}],"curies":[{"name":"wp","href":"https:\/\/api.w.org\/{rel}","templated":true}]}}