{"id":9251,"date":"2025-12-13T20:28:02","date_gmt":"2025-12-13T20:28:02","guid":{"rendered":"https:\/\/gravel-bikes.cc\/produkt\/blastwave-galaxy\/"},"modified":"2025-12-13T20:28:02","modified_gmt":"2025-12-13T20:28:02","slug":"blastwave-galaxy","status":"publish","type":"product","link":"https:\/\/gravel-bikes.cc\/fr\/produkt\/blastwave-galaxy\/","title":{"rendered":"BLASTWAVE Galaxy"},"content":{"rendered":"","protected":false},"excerpt":{"rendered":"<p>Galaxy \u2014 La performance forg\u00e9e par la simplicit\u00e9<\/p>\n<p class=\"\">Con\u00e7ue avec pr\u00e9cision gr\u00e2ce \u00e0 la technologie de moulage monocoque de troisi\u00e8me g\u00e9n\u00e9ration de Galaxy, la Galaxy pr\u00e9sente une structure de jante sans soudure, sans per\u00e7age secondaire, sans polissage et sans peinture \u2014 juste du carbone brut, sculpt\u00e9 \u00e0 la perfection.<\/p>\n<p>Sa texture \u00abstarburst\u00bb embl\u00e9matique refl\u00e8te \u00e0 la fois linnovation et le minimalisme, n\u00e9e directement du moule.<\/p>\n<p>Avec seulement 1 270 g, la Galaxy est ultra-l\u00e9g\u00e8re mais rigide, ce qui en fait ta paire de roues id\u00e9ale pour grimper, sprinter et tout le reste.<\/p>\n<p>Roule pur. Roule en Galaxy. <\/p>\n","protected":false},"featured_media":825,"template":"","meta":{"_et_pb_use_builder":"","_et_pb_old_content":"","_et_gb_content_width":""},"pwb-brand":[],"product_brand":[],"product_cat":[747],"product_tag":[],"class_list":{"0":"post-9251","1":"product","2":"type-product","3":"status-publish","4":"has-post-thumbnail","6":"product_cat-roues","8":"first","9":"instock","10":"taxable","11":"shipping-taxable","12":"purchasable","13":"product-type-simple"},"aioseo_notices":[],"brands":[],"_links":{"self":[{"href":"https:\/\/gravel-bikes.cc\/fr\/wp-json\/wp\/v2\/product\/9251","targetHints":{"allow":["GET"]}}],"collection":[{"href":"https:\/\/gravel-bikes.cc\/fr\/wp-json\/wp\/v2\/product"}],"about":[{"href":"https:\/\/gravel-bikes.cc\/fr\/wp-json\/wp\/v2\/types\/product"}],"wp:featuredmedia":[{"embeddable":true,"href":"https:\/\/gravel-bikes.cc\/fr\/wp-json\/wp\/v2\/media\/825"}],"wp:attachment":[{"href":"https:\/\/gravel-bikes.cc\/fr\/wp-json\/wp\/v2\/media?parent=9251"}],"wp:term":[{"taxonomy":"pwb-brand","embeddable":true,"href":"https:\/\/gravel-bikes.cc\/fr\/wp-json\/wp\/v2\/pwb-brand?post=9251"},{"taxonomy":"product_brand","embeddable":true,"href":"https:\/\/gravel-bikes.cc\/fr\/wp-json\/wp\/v2\/product_brand?post=9251"},{"taxonomy":"product_cat","embeddable":true,"href":"https:\/\/gravel-bikes.cc\/fr\/wp-json\/wp\/v2\/product_cat?post=9251"},{"taxonomy":"product_tag","embeddable":true,"href":"https:\/\/gravel-bikes.cc\/fr\/wp-json\/wp\/v2\/product_tag?post=9251"}],"curies":[{"name":"wp","href":"https:\/\/api.w.org\/{rel}","templated":true}]}}