{"id":9253,"date":"2025-12-14T11:07:20","date_gmt":"2025-12-14T11:07:20","guid":{"rendered":"https:\/\/gravel-bikes.cc\/produkt\/enve-mog-shimano-grx-812\/"},"modified":"2026-03-22T12:26:40","modified_gmt":"2026-03-22T12:26:40","slug":"enve-mog-shimano-grx-812","status":"publish","type":"product","link":"https:\/\/gravel-bikes.cc\/fr\/produkt\/enve-mog-shimano-grx-812\/","title":{"rendered":"ENVE MOG &#8211; Shimano GRX 812"},"content":{"rendered":"<p>[et_pb_section fb_built=&#8221;1&#8243; _builder_version=&#8221;4.27.5&#8243; _module_preset=&#8221;default&#8221; global_colors_info=&#8221;{}&#8221;][et_pb_row _builder_version=&#8221;4.27.5&#8243; _module_preset=&#8221;default&#8221; global_colors_info=&#8221;{}&#8221;][et_pb_column type=&#8221;4_4&#8243; _builder_version=&#8221;4.27.5&#8243; _module_preset=&#8221;default&#8221; global_colors_info=&#8221;{}&#8221;][et_pb_image src=&#8221;https:\/\/gravel-bikes.cc\/wp-content\/uploads\/2025\/12\/complete-bike-enve-mog-sand-shimano.jpg&#8221; title_text=&#8221;v\u00e9lo-complet-enve-mog-sable-shimano&#8221; _builder_version=&#8221;4.27.5&#8243; _module_preset=&#8221;default&#8221; global_colors_info=&#8221;{}&#8221;][\/et_pb_image][\/et_pb_column][\/et_pb_row][\/et_pb_section][et_pb_section fb_built=&#8221;1&#8243; _builder_version=&#8221;4.16&#8243; custom_padding=&#8221;0px||||false|false&#8221; global_colors_info=&#8221;{}&#8221;][et_pb_row _builder_version=&#8221;4.16&#8243; background_size=&#8221;initial&#8221; background_position=&#8221;top_left&#8221; background_repeat=&#8221;repeat&#8221; width=&#8221;100%&#8221; custom_padding=&#8221;0px||0px||false|false&#8221; global_colors_info=&#8221;{}&#8221;][et_pb_column type=&#8221;4_4&#8243; _builder_version=&#8221;4.16&#8243; custom_padding=&#8221;|||&#8221; global_colors_info=&#8221;{}&#8221; custom_padding__hover=&#8221;|||&#8221;][et_pb_wc_breadcrumb _builder_version=&#8221;4.16&#8243; global_colors_info=&#8221;{}&#8221;][\/et_pb_wc_breadcrumb][et_pb_wc_cart_notice _builder_version=&#8221;4.16&#8243; global_colors_info=&#8221;{}&#8221;][\/et_pb_wc_cart_notice][\/et_pb_column][\/et_pb_row][et_pb_row column_structure=&#8221;1_2,1_2&#8243; _builder_version=&#8221;4.16&#8243; background_size=&#8221;initial&#8221; background_position=&#8221;top_left&#8221; background_repeat=&#8221;repeat&#8221; width=&#8221;100%&#8221; custom_padding=&#8221;0px||||false|false&#8221; global_colors_info=&#8221;{}&#8221;][et_pb_column type=&#8221;1_2&#8243; _builder_version=&#8221;4.16&#8243; custom_padding=&#8221;|||&#8221; global_colors_info=&#8221;{}&#8221; custom_padding__hover=&#8221;|||&#8221;][et_pb_wc_images _builder_version=&#8221;4.16&#8243; global_colors_info=&#8221;{}&#8221;][\/et_pb_wc_images][et_pb_image src=&#8221;https:\/\/gravel-bikes.cc\/wp-content\/uploads\/2025\/12\/complete-bike-enve-mog-sand-shimano-2.jpg&#8221; title_text=&#8221;v\u00e9lo-complet-enve-mog-sable-shimano (2)&#8221; _builder_version=&#8221;4.27.5&#8243; _module_preset=&#8221;default&#8221; global_colors_info=&#8221;{}&#8221;][\/et_pb_image][\/et_pb_column][et_pb_column type=&#8221;1_2&#8243; _builder_version=&#8221;4.16&#8243; custom_padding=&#8221;|||&#8221; global_colors_info=&#8221;{}&#8221; custom_padding__hover=&#8221;|||&#8221;][et_pb_wc_title _builder_version=&#8221;4.16&#8243; global_colors_info=&#8221;{}&#8221;][\/et_pb_wc_title][et_pb_wc_rating _builder_version=&#8221;4.16&#8243; global_colors_info=&#8221;{}&#8221;][\/et_pb_wc_rating][et_pb_wc_price _builder_version=&#8221;4.16&#8243; global_colors_info=&#8221;{}&#8221;][\/et_pb_wc_price][et_pb_wc_description _builder_version=&#8221;4.16&#8243; global_colors_info=&#8221;{}&#8221;][\/et_pb_wc_description][et_pb_wc_add_to_cart _builder_version=&#8221;4.16&#8243; global_colors_info=&#8221;{}&#8221;][\/et_pb_wc_add_to_cart][et_pb_wc_meta _builder_version=&#8221;4.16&#8243; global_colors_info=&#8221;{}&#8221;][\/et_pb_wc_meta][\/et_pb_column][\/et_pb_row][et_pb_row column_structure=&#8221;1_3,1_3,1_3&#8243; _builder_version=&#8221;4.27.5&#8243; _module_preset=&#8221;default&#8221; global_colors_info=&#8221;{}&#8221;][et_pb_column type=&#8221;1_3&#8243; _builder_version=&#8221;4.27.5&#8243; _module_preset=&#8221;default&#8221; global_colors_info=&#8221;{}&#8221;][et_pb_button button_text=&#8221;LOCATION DE V\u00c9LO&#8221; _builder_version=&#8221;4.27.5&#8243; _module_preset=&#8221;default&#8221; global_colors_info=&#8221;{}&#8221;][\/et_pb_button][\/et_pb_column][et_pb_column type=&#8221;1_3&#8243; _builder_version=&#8221;4.27.5&#8243; _module_preset=&#8221;default&#8221; global_colors_info=&#8221;{}&#8221;][et_pb_button button_text=&#8221;FINANCEMENT&#8221; _builder_version=&#8221;4.27.5&#8243; _module_preset=&#8221;default&#8221; global_colors_info=&#8221;{}&#8221;][\/et_pb_button][\/et_pb_column][et_pb_column type=&#8221;1_3&#8243; _builder_version=&#8221;4.27.5&#8243; _module_preset=&#8221;default&#8221; global_colors_info=&#8221;{}&#8221;][et_pb_button button_text=&#8221;ASSURANCE&#8221; _builder_version=&#8221;4.27.5&#8243; _module_preset=&#8221;default&#8221; global_colors_info=&#8221;{}&#8221;][\/et_pb_button][\/et_pb_column][\/et_pb_row][et_pb_row column_structure=&#8221;1_3,1_3,1_3&#8243; _builder_version=&#8221;4.27.5&#8243; _module_preset=&#8221;default&#8221; global_colors_info=&#8221;{}&#8221;][et_pb_column type=&#8221;1_3&#8243; _builder_version=&#8221;4.27.5&#8243; _module_preset=&#8221;default&#8221; global_colors_info=&#8221;{}&#8221;][et_pb_image src=&#8221;https:\/\/gravel-bikes.cc\/wp-content\/uploads\/2025\/12\/complete-bike-enve-mog-sand-shimano-1.jpg&#8221; title_text=&#8221;v\u00e9lo-complet-enve-mog-sable-shimano (1)&#8221; _builder_version=&#8221;4.27.5&#8243; _module_preset=&#8221;default&#8221; global_colors_info=&#8221;{}&#8221;][\/et_pb_image][\/et_pb_column][et_pb_column type=&#8221;1_3&#8243; _builder_version=&#8221;4.27.5&#8243; _module_preset=&#8221;default&#8221; global_colors_info=&#8221;{}&#8221;][et_pb_image src=&#8221;https:\/\/gravel-bikes.cc\/wp-content\/uploads\/2025\/12\/complete-bike-enve-mog-sand-shimano-3.jpg&#8221; title_text=&#8221;v\u00e9lo-complet-enve-mog-sable-shimano (3)&#8221; _builder_version=&#8221;4.27.5&#8243; _module_preset=&#8221;default&#8221; global_colors_info=&#8221;{}&#8221;][\/et_pb_image][\/et_pb_column][et_pb_column type=&#8221;1_3&#8243; _builder_version=&#8221;4.27.5&#8243; _module_preset=&#8221;default&#8221; global_colors_info=&#8221;{}&#8221;][et_pb_image src=&#8221;https:\/\/gravel-bikes.cc\/wp-content\/uploads\/2025\/12\/complete-bike-enve-mog-sand-shimano-2-1.jpg&#8221; title_text=&#8221;v\u00e9lo-complet-enve-mog-sable-shimano (2)&#8221; _builder_version=&#8221;4.27.5&#8243; _module_preset=&#8221;default&#8221; global_colors_info=&#8221;{}&#8221;][\/et_pb_image][\/et_pb_column][\/et_pb_row][et_pb_row _builder_version=&#8221;4.16&#8243; background_size=&#8221;initial&#8221; background_position=&#8221;top_left&#8221; background_repeat=&#8221;repeat&#8221; width=&#8221;100%&#8221; global_colors_info=&#8221;{}&#8221;][et_pb_column type=&#8221;4_4&#8243; _builder_version=&#8221;4.16&#8243; custom_padding=&#8221;|||&#8221; global_colors_info=&#8221;{}&#8221; custom_padding__hover=&#8221;|||&#8221;][et_pb_wc_tabs _builder_version=&#8221;4.16&#8243; global_colors_info=&#8221;{}&#8221;]\t\t\t\t\t[\/et_pb_wc_tabs][et_pb_wc_upsells _builder_version=&#8221;4.16&#8243; global_colors_info=&#8221;{}&#8221;][\/et_pb_wc_upsells][et_pb_wc_related_products _builder_version=&#8221;4.16&#8243; global_colors_info=&#8221;{}&#8221;][\/et_pb_wc_related_products][\/et_pb_column][\/et_pb_row][\/et_pb_section]<\/p>\n","protected":false},"excerpt":{"rendered":"<p>&nbsp;<\/p>\n<div class=\"product-block product-block--header\">\n<h1 class=\"h2 product-single__title\">MOG<\/h1>\n<\/div>\n<div data-product-blocks=\"\">\n<div id=\"shopify-block-AQzBZSHBSWHd4QXhmM__745ea951-9336-4fac-84af-7ab4e434479e\" class=\"shopify-block shopify-app-block\"><\/div>\n<div class=\"product-block\">\n<div class=\"rte\">\n<div class=\"x_x_elementToProof\" data-olk-copy-source=\"MessageBody\">Un cadre ENVE est plus qu\u2019un point de d\u00e9part, c\u2019est la base d\u2019un v\u00e9lo con\u00e7u avec intention. En proposant le MOG en tant que cadre, ENVE te permet de cr\u00e9er un v\u00e9lo qui refl\u00e8te tes priorit\u00e9s de conduite, ton ajustement personnel et tes exigences sans compromis. Avec un large choix de mod\u00e8les de cintres, ainsi que des options sur mesure pour les dimensions du cintre, la longueur de la potence et le recul de la tige de selle, chaque d\u00e9tail de ton poste de pilotage t\u2019appartient.  <\/div>\n<div class=\"x_x_elementToProof\" data-olk-copy-source=\"MessageBody\"><\/div>\n<div class=\"x_x_elementToProof\">Pour des conseils d\u2019ajustement, consulte ton revendeur ENVE de confiance ou un professionnel du r\u00e9glage de v\u00e9lo, et explore le calculateur ENVE Best-Fit pour obtenir une configuration de ch\u00e2ssis aussi pr\u00e9cise que personnelle.<\/div>\n<\/div>\n<\/div>\n<\/div>\n","protected":false},"featured_media":842,"template":"","meta":{"_et_pb_use_builder":"on","_et_pb_old_content":"<table>\n<tbody>\n<tr>\n<td><strong>Mat\u00e9riau du cadre<\/strong><\/td>\n<td>Carbone ENVE M.O.D, Axe traversant 12x142, Disque Flat-Mount, Bo\u00eetier de p\u00e9dalier T47 filet\u00e9, C\u00e2blage interne, Compatible garde-boue<\/td>\n<\/tr>\n<tr>\n<td><strong>Mat\u00e9riau de la fourche<\/strong><\/td>\n<td>Carbone ENVE M.O.D, Axe traversant 12x100, Disque Flat-Mount, C\u00e2blage interne, Compatible garde-boue<\/td>\n<\/tr>\n<tr>\n<td><strong>Utilisation pr\u00e9vue<\/strong><\/td>\n<td>Course\/Randonn\u00e9e\/Exploration\/Aventure en gravel<\/td>\n<\/tr>\n<tr>\n<td><strong>Tailles (cm)<\/strong><\/td>\n<td>49, 52, 54, 56, 58, 60<\/td>\n<\/tr>\n<tr>\n<td><strong>Chasse de la fourche<\/strong><\/td>\n<td>57, 55, 53<\/td>\n<\/tr>\n<tr>\n<td><strong>Hauteur de fourche (axe-couronne)<\/strong><\/td>\n<td>395 mm<\/td>\n<\/tr>\n<tr>\n<td><strong>Taille du cadre\/Chasse de la fourche<\/strong><\/td>\n<td>49 cm\/57, 52 cm\/57, 54 cm\/55, 56 cm\/55, 58 cm\/53, 60 cm\/53<\/td>\n<\/tr>\n<tr>\n<td><strong>Poids du cadre<\/strong><\/td>\n<td>950 g +\/- 2 % (Taille 56, Peint, Sans accessoires)<\/td>\n<\/tr>\n<tr>\n<td><strong>Jeu de direction<\/strong><\/td>\n<td>ENVE Int\u00e9gr\u00e9 IS52\/IS52 Drop-In<\/td>\n<\/tr>\n<tr>\n<td><strong>Roulement de jeu de direction<\/strong><\/td>\n<td>1,5\" IS52 Sup\u00e9rieur et inf\u00e9rieur<\/td>\n<\/tr>\n<tr>\n<td><strong>Diam\u00e8tre de la tige de selle<\/strong><\/td>\n<td>27,2<\/td>\n<\/tr>\n<tr>\n<td><strong>Type de bo\u00eetier de p\u00e9dalier<\/strong><\/td>\n<td>Roulement interne T47<\/td>\n<\/tr>\n<tr>\n<td><strong>Fixation de frein<\/strong><\/td>\n<td>Flat Mount<\/td>\n<\/tr>\n<tr>\n<td><strong>Compatibilit\u00e9 des disques de frein<\/strong><\/td>\n<td>Avant : 160\/180, Arri\u00e8re : 140\/160 (Adaptateurs requis)<\/td>\n<\/tr>\n<tr>\n<td><strong>Axe avant<\/strong><\/td>\n<td>12x100 (Longueur totale : 122, Pas : 1,5, Longueur de filetage : 15)<\/td>\n<\/tr>\n<tr>\n<td><strong>Axe arri\u00e8re<\/strong><\/td>\n<td>12x142 (Longueur totale : 168, Pas : 1,0, Longueur de filetage : 14)<\/td>\n<\/tr>\n<tr>\n<td><strong>Taille minimale de pneu<\/strong><\/td>\n<td>700 x 36c<\/td>\n<\/tr>\n<tr>\n<td><strong>Taille optimale de pneu<\/strong><\/td>\n<td>700 x 40c-44c<\/td>\n<\/tr>\n<tr>\n<td><strong>D\u00e9gagement maximal de pneu indiqu\u00e9<\/strong><\/td>\n<td>700 x 50c<\/td>\n<\/tr>\n<tr>\n<td><strong>C\u00e2blage du cadre<\/strong><\/td>\n<td>Interne ENVE IN-Route<\/td>\n<\/tr>\n<tr>\n<td><strong>Capacit\u00e9 de porte-bidons<\/strong><\/td>\n<td>3<\/td>\n<\/tr>\n<tr>\n<td><strong>Fixations sur le tube sup\u00e9rieur<\/strong><\/td>\n<td>Oui<\/td>\n<\/tr>\n<tr>\n<td><strong>Compatible avec les fixations de garde-boue<\/strong><\/td>\n<td>Oui<\/td>\n<\/tr>\n<tr>\n<td><strong>Taille de roue<\/strong><\/td>\n<td>700C (650b non recommand\u00e9)<\/td>\n<\/tr>\n<tr>\n<td><strong>Couleur<\/strong><\/td>\n<td>Pantone 7528C (\u00c9quivalent au sable)<\/td>\n<\/tr>\n<\/tbody>\n<\/table>","_et_gb_content_width":"","om_disable_all_campaigns":false,"_monsterinsights_skip_tracking":false,"_monsterinsights_sitenote_active":false,"_monsterinsights_sitenote_note":"","_monsterinsights_sitenote_category":0},"pwb-brand":[],"product_brand":[],"product_cat":[756],"product_tag":[844],"class_list":{"0":"post-9253","1":"product","2":"type-product","3":"status-publish","4":"has-post-thumbnail","6":"product_cat-non-classe","7":"product_tag-enve-gravel","9":"first","10":"instock","11":"taxable","12":"shipping-taxable","13":"purchasable","14":"product-type-variable"},"aioseo_notices":[],"df_price":7499,"df_sale_price":"","df_regular_price":7499,"df_image_link":"https:\/\/gravel-bikes.cc\/wp-content\/uploads\/2025\/12\/complete-bike-enve-mog-sand-shimano-300x300.jpg","brands":[],"_links":{"self":[{"href":"https:\/\/gravel-bikes.cc\/fr\/wp-json\/wp\/v2\/product\/9253","targetHints":{"allow":["GET"]}}],"collection":[{"href":"https:\/\/gravel-bikes.cc\/fr\/wp-json\/wp\/v2\/product"}],"about":[{"href":"https:\/\/gravel-bikes.cc\/fr\/wp-json\/wp\/v2\/types\/product"}],"wp:featuredmedia":[{"embeddable":true,"href":"https:\/\/gravel-bikes.cc\/fr\/wp-json\/wp\/v2\/media\/842"}],"wp:attachment":[{"href":"https:\/\/gravel-bikes.cc\/fr\/wp-json\/wp\/v2\/media?parent=9253"}],"wp:term":[{"taxonomy":"pwb-brand","embeddable":true,"href":"https:\/\/gravel-bikes.cc\/fr\/wp-json\/wp\/v2\/pwb-brand?post=9253"},{"taxonomy":"product_brand","embeddable":true,"href":"https:\/\/gravel-bikes.cc\/fr\/wp-json\/wp\/v2\/product_brand?post=9253"},{"taxonomy":"product_cat","embeddable":true,"href":"https:\/\/gravel-bikes.cc\/fr\/wp-json\/wp\/v2\/product_cat?post=9253"},{"taxonomy":"product_tag","embeddable":true,"href":"https:\/\/gravel-bikes.cc\/fr\/wp-json\/wp\/v2\/product_tag?post=9253"}],"curies":[{"name":"wp","href":"https:\/\/api.w.org\/{rel}","templated":true}]}}