{"id":9256,"date":"2025-12-14T11:38:11","date_gmt":"2025-12-14T11:38:11","guid":{"rendered":"https:\/\/gravel-bikes.cc\/produkt\/enve-mog-sram-red-xplr\/"},"modified":"2026-03-22T12:27:00","modified_gmt":"2026-03-22T12:27:00","slug":"enve-mog-sram-red-xplr","status":"publish","type":"product","link":"https:\/\/gravel-bikes.cc\/fr\/produkt\/enve-mog-sram-red-xplr\/","title":{"rendered":"ENVE MOG &#8211; Sram RED XPLR"},"content":{"rendered":"<p>[et_pb_section fb_built=&#8221;1&#8243; _builder_version=&#8221;4.27.5&#8243; _module_preset=&#8221;default&#8221; global_colors_info=&#8221;{}&#8221;][et_pb_row _builder_version=&#8221;4.27.5&#8243; _module_preset=&#8221;default&#8221; global_colors_info=&#8221;{}&#8221;][et_pb_column type=&#8221;4_4&#8243; _builder_version=&#8221;4.27.5&#8243; _module_preset=&#8221;default&#8221; global_colors_info=&#8221;{}&#8221;][et_pb_image src=&#8221;https:\/\/gravel-bikes.cc\/wp-content\/uploads\/2025\/12\/complete-bike-enve-mog-sand-shimano.jpg&#8221; title_text=&#8221;velo-complet-enve-mog-sable-shimano&#8221; _builder_version=&#8221;4.27.5&#8243; _module_preset=&#8221;default&#8221; global_colors_info=&#8221;{}&#8221;][\/et_pb_image][\/et_pb_column][\/et_pb_row][\/et_pb_section][et_pb_section fb_built=&#8221;1&#8243; _builder_version=&#8221;4.16&#8243; custom_padding=&#8221;0px||||false|false&#8221; global_colors_info=&#8221;{}&#8221;][et_pb_row _builder_version=&#8221;4.16&#8243; background_size=&#8221;initial&#8221; background_position=&#8221;top_left&#8221; background_repeat=&#8221;repeat&#8221; width=&#8221;100%&#8221; custom_padding=&#8221;0px||0px||false|false&#8221; global_colors_info=&#8221;{}&#8221;][et_pb_column type=&#8221;4_4&#8243; _builder_version=&#8221;4.16&#8243; custom_padding=&#8221;|||&#8221; global_colors_info=&#8221;{}&#8221; custom_padding__hover=&#8221;|||&#8221;][et_pb_wc_breadcrumb _builder_version=&#8221;4.16&#8243; global_colors_info=&#8221;{}&#8221;][\/et_pb_wc_breadcrumb][et_pb_wc_cart_notice _builder_version=&#8221;4.16&#8243; global_colors_info=&#8221;{}&#8221;][\/et_pb_wc_cart_notice][\/et_pb_column][\/et_pb_row][et_pb_row column_structure=&#8221;1_2,1_2&#8243; _builder_version=&#8221;4.16&#8243; background_size=&#8221;initial&#8221; background_position=&#8221;top_left&#8221; background_repeat=&#8221;repeat&#8221; width=&#8221;100%&#8221; custom_padding=&#8221;0px||||false|false&#8221; global_colors_info=&#8221;{}&#8221;][et_pb_column type=&#8221;1_2&#8243; _builder_version=&#8221;4.16&#8243; custom_padding=&#8221;|||&#8221; global_colors_info=&#8221;{}&#8221; custom_padding__hover=&#8221;|||&#8221;][et_pb_wc_images _builder_version=&#8221;4.16&#8243; global_colors_info=&#8221;{}&#8221;][\/et_pb_wc_images][et_pb_image src=&#8221;https:\/\/gravel-bikes.cc\/wp-content\/uploads\/2025\/12\/ENVE_MY25_MOG_ComB_Compass_QRTfront_f2c6c5a8-212e-471b-8fb0-8e712bcf27e4.webp&#8221; title_text=&#8221;ENVE_MY25_MOG_ComB_Compass_QRTfront_f2c6c5a8-212e-471b-8fb0-8e712bcf27e4&#8243; _builder_version=&#8221;4.27.5&#8243; _module_preset=&#8221;default&#8221; hover_enabled=&#8221;0&#8243; global_colors_info=&#8221;{}&#8221; sticky_enabled=&#8221;0&#8243;][\/et_pb_image][\/et_pb_column][et_pb_column type=&#8221;1_2&#8243; _builder_version=&#8221;4.16&#8243; custom_padding=&#8221;|||&#8221; global_colors_info=&#8221;{}&#8221; custom_padding__hover=&#8221;|||&#8221;][et_pb_wc_title _builder_version=&#8221;4.16&#8243; global_colors_info=&#8221;{}&#8221;][\/et_pb_wc_title][et_pb_wc_rating _builder_version=&#8221;4.16&#8243; global_colors_info=&#8221;{}&#8221;][\/et_pb_wc_rating][et_pb_wc_price _builder_version=&#8221;4.16&#8243; global_colors_info=&#8221;{}&#8221;][\/et_pb_wc_price][et_pb_wc_description _builder_version=&#8221;4.16&#8243; global_colors_info=&#8221;{}&#8221;][\/et_pb_wc_description][et_pb_wc_add_to_cart _builder_version=&#8221;4.16&#8243; global_colors_info=&#8221;{}&#8221;][\/et_pb_wc_add_to_cart][et_pb_wc_meta _builder_version=&#8221;4.16&#8243; global_colors_info=&#8221;{}&#8221;][\/et_pb_wc_meta][\/et_pb_column][\/et_pb_row][et_pb_row column_structure=&#8221;1_3,1_3,1_3&#8243; _builder_version=&#8221;4.27.5&#8243; _module_preset=&#8221;default&#8221; global_colors_info=&#8221;{}&#8221;][et_pb_column type=&#8221;1_3&#8243; _builder_version=&#8221;4.27.5&#8243; _module_preset=&#8221;default&#8221; global_colors_info=&#8221;{}&#8221;][et_pb_button button_text=&#8221;LEASING V\u00c9LO&#8221; _builder_version=&#8221;4.27.5&#8243; _module_preset=&#8221;default&#8221; global_colors_info=&#8221;{}&#8221;][\/et_pb_button][\/et_pb_column][et_pb_column type=&#8221;1_3&#8243; _builder_version=&#8221;4.27.5&#8243; _module_preset=&#8221;default&#8221; global_colors_info=&#8221;{}&#8221;][et_pb_button button_text=&#8221;FINANCEMENT&#8221; _builder_version=&#8221;4.27.5&#8243; _module_preset=&#8221;default&#8221; global_colors_info=&#8221;{}&#8221;][\/et_pb_button][\/et_pb_column][et_pb_column type=&#8221;1_3&#8243; _builder_version=&#8221;4.27.5&#8243; _module_preset=&#8221;default&#8221; global_colors_info=&#8221;{}&#8221;][et_pb_button button_text=&#8221;ASSURANCE&#8221; _builder_version=&#8221;4.27.5&#8243; _module_preset=&#8221;default&#8221; global_colors_info=&#8221;{}&#8221;][\/et_pb_button][\/et_pb_column][\/et_pb_row][et_pb_row column_structure=&#8221;1_3,1_3,1_3&#8243; _builder_version=&#8221;4.27.5&#8243; _module_preset=&#8221;default&#8221; global_colors_info=&#8221;{}&#8221;][et_pb_column type=&#8221;1_3&#8243; _builder_version=&#8221;4.27.5&#8243; _module_preset=&#8221;default&#8221; global_colors_info=&#8221;{}&#8221;][et_pb_image src=&#8221;https:\/\/gravel-bikes.cc\/wp-content\/uploads\/2025\/12\/ENVE_MY25_MOG_ComB_Compass_QRTback_3e69300d-c69b-4b3f-b3bb-d61389c4462e.webp&#8221; title_text=&#8221;ENVE_MY25_MOG_ComB_Compass_QRTback_3e69300d-c69b-4b3f-b3bb-d61389c4462e&#8221; _builder_version=&#8221;4.27.5&#8243; _module_preset=&#8221;default&#8221; hover_enabled=&#8221;0&#8243; global_colors_info=&#8221;{}&#8221; sticky_enabled=&#8221;0&#8243;][\/et_pb_image][\/et_pb_column][et_pb_column type=&#8221;1_3&#8243; _builder_version=&#8221;4.27.5&#8243; _module_preset=&#8221;default&#8221; global_colors_info=&#8221;{}&#8221;][et_pb_image src=&#8221;https:\/\/gravel-bikes.cc\/wp-content\/uploads\/2025\/12\/ENVE_MY25_MOG_ComB_Compass_QRTback_3e69300d-c69b-4b3f-b3bb-d61389c4462e-1.webp&#8221; title_text=&#8221;ENVE_MY25_MOG_ComB_Compass_QRTback_3e69300d-c69b-4b3f-b3bb-d61389c4462e&#8221; _builder_version=&#8221;4.27.5&#8243; _module_preset=&#8221;default&#8221; hover_enabled=&#8221;0&#8243; global_colors_info=&#8221;{}&#8221; sticky_enabled=&#8221;0&#8243;][\/et_pb_image][\/et_pb_column][et_pb_column type=&#8221;1_3&#8243; _builder_version=&#8221;4.27.5&#8243; _module_preset=&#8221;default&#8221; global_colors_info=&#8221;{}&#8221;][et_pb_image src=&#8221;https:\/\/gravel-bikes.cc\/wp-content\/uploads\/2025\/12\/complete-bike-enve-mog-yellow-compass-sram.jpg&#8221; title_text=&#8221;velo-complet-enve-mog-jaune-compass-sram&#8221; _builder_version=&#8221;4.27.5&#8243; _module_preset=&#8221;default&#8221; hover_enabled=&#8221;0&#8243; global_colors_info=&#8221;{}&#8221; sticky_enabled=&#8221;0&#8243;][\/et_pb_image][\/et_pb_column][\/et_pb_row][et_pb_row _builder_version=&#8221;4.16&#8243; background_size=&#8221;initial&#8221; background_position=&#8221;top_left&#8221; background_repeat=&#8221;repeat&#8221; width=&#8221;100%&#8221; global_colors_info=&#8221;{}&#8221;][et_pb_column type=&#8221;4_4&#8243; _builder_version=&#8221;4.16&#8243; custom_padding=&#8221;|||&#8221; global_colors_info=&#8221;{}&#8221; custom_padding__hover=&#8221;|||&#8221;][et_pb_wc_tabs _builder_version=&#8221;4.16&#8243; global_colors_info=&#8221;{}&#8221;] [\/et_pb_wc_tabs][et_pb_wc_upsells _builder_version=&#8221;4.16&#8243; global_colors_info=&#8221;{}&#8221;][\/et_pb_wc_upsells][et_pb_wc_related_products _builder_version=&#8221;4.16&#8243; global_colors_info=&#8221;{}&#8221;][\/et_pb_wc_related_products][\/et_pb_column][\/et_pb_row][\/et_pb_section]<\/p>\n","protected":false},"excerpt":{"rendered":"<p>&nbsp;<\/p>\n<div class=\"product-block product-block--header\">\n<h1 class=\"h2 product-single__title\">MOG<\/h1>\n<\/div>\n<div data-product-blocks=\"\">\n<div id=\"shopify-block-AQzBZSHBSWHd4QXhmM__745ea951-9336-4fac-84af-7ab4e434479e\" class=\"shopify-block shopify-app-block\"><\/div>\n<div class=\"product-block\">\n<div class=\"rte\">\n<div class=\"x_x_elementToProof\" data-olk-copy-source=\"MessageBody\">Un kit cadre ENVE, cest plus quun point de d\u00e9part : cest la base dun v\u00e9lo pens\u00e9 dans les moindres d\u00e9tails. En proposant le MOG en kit cadre, ENVE te permet de cr\u00e9er un v\u00e9lo qui refl\u00e8te tes priorit\u00e9s de pilotage, ton ajustement personnel et tes exigences sans compromis. Avec un large choix de cintres, ainsi que des options sur mesure pour les dimensions du cintre, la longueur de potence et le recul de tige de selle, chaque d\u00e9tail de ton poste de pilotage, cest toi qui le d\u00e9finis.  <\/div>\n<div class=\"x_x_elementToProof\" data-olk-copy-source=\"MessageBody\"><\/div>\n<div class=\"x_x_elementToProof\">Pour des conseils de position, consulte ton revendeur ENVE de confiance ou un bike fitter professionnel, et d\u00e9couvre le calculateur ENVE Best-Fit pour obtenir une configuration de ch\u00e2ssis aussi pr\u00e9cise que personnelle.<\/div>\n<\/div>\n<\/div>\n<\/div>\n","protected":false},"featured_media":862,"template":"","meta":{"_et_pb_use_builder":"on","_et_pb_old_content":"<table>\n<tbody>\n<tr>\n<td><strong>Mat\u00e9riau du cadre<\/strong><\/td>\n<td>Carbone ENVE M.O.D, axe traversant 12x142, disque Flat-Mount, bo\u00eetier de p\u00e9dalier T47 filet\u00e9, passage interne, compatible garde-boue<\/td>\n<\/tr>\n<tr>\n<td><strong>Mat\u00e9riau de la fourche<\/strong><\/td>\n<td>Carbone ENVE M.O.D, axe traversant 12x100, disque Flat-Mount, passage interne, compatible garde-boue<\/td>\n<\/tr>\n<tr>\n<td><strong>Usage cible<\/strong><\/td>\n<td>Course gravel \/ sortie \/ exploration \/ aventure<\/td>\n<\/tr>\n<tr>\n<td><strong>Tailles (cm)<\/strong><\/td>\n<td>49, 52, 54, 56, 58, 60<\/td>\n<\/tr>\n<tr>\n<td><strong>D\u00e9port de fourche<\/strong><\/td>\n<td>57, 55, 53<\/td>\n<\/tr>\n<tr>\n<td><strong>Axe-couronne de fourche<\/strong><\/td>\n<td>395 mm<\/td>\n<\/tr>\n<tr>\n<td><strong>Taille de cadre \/ d\u00e9port de fourche<\/strong><\/td>\n<td>49 cm\/57, 52 cm\/57, 54 cm\/55, 56 cm\/55, 58 cm\/53, 60 cm\/53<\/td>\n<\/tr>\n<tr>\n<td><strong>Poids du cadre<\/strong><\/td>\n<td>950 g +\/- 2 % (taille 56, peint, sans accessoires)<\/td>\n<\/tr>\n<tr>\n<td><strong>Jeu de direction<\/strong><\/td>\n<td>ENVE int\u00e9gr\u00e9 IS52\/IS52 interne Drop-In<\/td>\n<\/tr>\n<tr>\n<td><strong>Roulement de jeu de direction<\/strong><\/td>\n<td>1,5\" IS52 sup\u00e9rieur et inf\u00e9rieur<\/td>\n<\/tr>\n<tr>\n<td><strong>Diam\u00e8tre de tige de selle<\/strong><\/td>\n<td>27,2<\/td>\n<\/tr>\n<tr>\n<td><strong>Type de bo\u00eetier de p\u00e9dalier<\/strong><\/td>\n<td>T47 \u00e0 roulements internes<\/td>\n<\/tr>\n<tr>\n<td><strong>Fixation d\u2019\u00e9trier<\/strong><\/td>\n<td>Flat Mount<\/td>\n<\/tr>\n<tr>\n<td><strong>Compatibilit\u00e9 disques de frein<\/strong><\/td>\n<td>AV : 160\/180, AR : 140\/160 (adaptateurs requis)<\/td>\n<\/tr>\n<tr>\n<td><strong>Axe avant<\/strong><\/td>\n<td>12x100 (longueur totale : 122, TP : 1,5, TL : 15)<\/td>\n<\/tr>\n<tr>\n<td><strong>Axe arri\u00e8re<\/strong><\/td>\n<td>12x142 (longueur totale : 168, TP : 1,0, TL : 14)<\/td>\n<\/tr>\n<tr>\n<td><strong>Taille de pneu minimale<\/strong><\/td>\n<td>700 x 36c<\/td>\n<\/tr>\n<tr>\n<td><strong>Taille de pneu optimale<\/strong><\/td>\n<td>700 x 40c-44c<\/td>\n<\/tr>\n<tr>\n<td><strong>D\u00e9gagement max. de pneu annonc\u00e9<\/strong><\/td>\n<td>700 x 50c<\/td>\n<\/tr>\n<tr>\n<td><strong>Passage des c\u00e2bles<\/strong><\/td>\n<td>Interne ENVE IN-Route<\/td>\n<\/tr>\n<tr>\n<td><strong>Capacit\u00e9 porte-bidons<\/strong><\/td>\n<td>3<\/td>\n<\/tr>\n<tr>\n<td><strong>Fixations sur tube sup\u00e9rieur<\/strong><\/td>\n<td>Oui<\/td>\n<\/tr>\n<tr>\n<td><strong>Compatible fixation garde-boue<\/strong><\/td>\n<td>Oui<\/td>\n<\/tr>\n<tr>\n<td><strong>Taille de roue<\/strong><\/td>\n<td>700C (650b non recommand\u00e9)<\/td>\n<\/tr>\n<tr>\n<td><strong>Couleur<\/strong><\/td>\n<td>Pantone 7528C (\u00e9quivalent sable)<\/td>\n<\/tr>\n<\/tbody>\n<\/table>","_et_gb_content_width":"","om_disable_all_campaigns":false,"_monsterinsights_skip_tracking":false,"_monsterinsights_sitenote_active":false,"_monsterinsights_sitenote_note":"","_monsterinsights_sitenote_category":0},"pwb-brand":[],"product_brand":[],"product_cat":[845],"product_tag":[844],"class_list":{"0":"post-9256","1":"product","2":"type-product","3":"status-publish","4":"has-post-thumbnail","6":"product_cat-enve-gravel","7":"product_tag-enve-gravel","9":"first","10":"instock","11":"taxable","12":"shipping-taxable","13":"purchasable","14":"product-type-variable"},"aioseo_notices":[],"brands":[],"_links":{"self":[{"href":"https:\/\/gravel-bikes.cc\/fr\/wp-json\/wp\/v2\/product\/9256","targetHints":{"allow":["GET"]}}],"collection":[{"href":"https:\/\/gravel-bikes.cc\/fr\/wp-json\/wp\/v2\/product"}],"about":[{"href":"https:\/\/gravel-bikes.cc\/fr\/wp-json\/wp\/v2\/types\/product"}],"wp:featuredmedia":[{"embeddable":true,"href":"https:\/\/gravel-bikes.cc\/fr\/wp-json\/wp\/v2\/media\/862"}],"wp:attachment":[{"href":"https:\/\/gravel-bikes.cc\/fr\/wp-json\/wp\/v2\/media?parent=9256"}],"wp:term":[{"taxonomy":"pwb-brand","embeddable":true,"href":"https:\/\/gravel-bikes.cc\/fr\/wp-json\/wp\/v2\/pwb-brand?post=9256"},{"taxonomy":"product_brand","embeddable":true,"href":"https:\/\/gravel-bikes.cc\/fr\/wp-json\/wp\/v2\/product_brand?post=9256"},{"taxonomy":"product_cat","embeddable":true,"href":"https:\/\/gravel-bikes.cc\/fr\/wp-json\/wp\/v2\/product_cat?post=9256"},{"taxonomy":"product_tag","embeddable":true,"href":"https:\/\/gravel-bikes.cc\/fr\/wp-json\/wp\/v2\/product_tag?post=9256"}],"curies":[{"name":"wp","href":"https:\/\/api.w.org\/{rel}","templated":true}]}}