{"id":9287,"date":"2025-12-14T13:17:32","date_gmt":"2025-12-14T13:17:32","guid":{"rendered":"https:\/\/gravel-bikes.cc\/produkt\/enve-fray-sram-rival-ses-4-5-2\/"},"modified":"2026-03-22T12:29:40","modified_gmt":"2026-03-22T12:29:40","slug":"enve-fray-sram-rival-ses-4-5-2","status":"publish","type":"product","link":"https:\/\/gravel-bikes.cc\/fr\/produkt\/enve-fray-sram-rival-ses-4-5-2\/","title":{"rendered":"ENVE FRAY &#8211; Sram Rival &#8211; SES 4.5"},"content":{"rendered":"<p>[et_pb_section fb_built=&#8221;1&#8243; _builder_version=&#8221;4.27.5&#8243; _module_preset=&#8221;default&#8221; global_colors_info=&#8221;{}&#8221;][et_pb_row _builder_version=&#8221;4.27.5&#8243; _module_preset=&#8221;default&#8221; global_colors_info=&#8221;{}&#8221;][et_pb_column type=&#8221;4_4&#8243; _builder_version=&#8221;4.27.5&#8243; _module_preset=&#8221;default&#8221; global_colors_info=&#8221;{}&#8221;][et_pb_image src=&#8221;https:\/\/gravel-bikes.cc\/wp-content\/uploads\/2025\/12\/ENVE-Fray-Girona-328_7ece174f-b6f1-4f8d-8d8d-b34284398e99.webp&#8221; title_text=&#8221;ENVE-Fray-Girona-328_7ece174f-b6f1-4f8d-8d8d-b34284398e99&#8243; _builder_version=&#8221;4.27.5&#8243; _module_preset=&#8221;default&#8221; global_colors_info=&#8221;{}&#8221;][\/et_pb_image][\/et_pb_column][\/et_pb_row][\/et_pb_section][et_pb_section fb_built=&#8221;1&#8243; _builder_version=&#8221;4.16&#8243; custom_padding=&#8221;0px||||false|false&#8221; global_colors_info=&#8221;{}&#8221;][et_pb_row _builder_version=&#8221;4.16&#8243; background_size=&#8221;initial&#8221; background_position=&#8221;top_left&#8221; background_repeat=&#8221;repeat&#8221; width=&#8221;100%&#8221; custom_padding=&#8221;0px||0px||false|false&#8221; global_colors_info=&#8221;{}&#8221;][et_pb_column type=&#8221;4_4&#8243; _builder_version=&#8221;4.16&#8243; custom_padding=&#8221;|||&#8221; global_colors_info=&#8221;{}&#8221; custom_padding__hover=&#8221;|||&#8221;][et_pb_wc_breadcrumb _builder_version=&#8221;4.16&#8243; global_colors_info=&#8221;{}&#8221;][\/et_pb_wc_breadcrumb][et_pb_wc_cart_notice _builder_version=&#8221;4.16&#8243; global_colors_info=&#8221;{}&#8221;][\/et_pb_wc_cart_notice][\/et_pb_column][\/et_pb_row][et_pb_row column_structure=&#8221;1_2,1_2&#8243; _builder_version=&#8221;4.16&#8243; background_size=&#8221;initial&#8221; background_position=&#8221;top_left&#8221; background_repeat=&#8221;repeat&#8221; width=&#8221;100%&#8221; custom_padding=&#8221;0px||||false|false&#8221; global_colors_info=&#8221;{}&#8221;][et_pb_column type=&#8221;1_2&#8243; _builder_version=&#8221;4.16&#8243; custom_padding=&#8221;|||&#8221; global_colors_info=&#8221;{}&#8221; custom_padding__hover=&#8221;|||&#8221;][et_pb_wc_images _builder_version=&#8221;4.16&#8243; global_colors_info=&#8221;{}&#8221;][\/et_pb_wc_images][et_pb_image title_text=&#8221;ENVE-MY24-Fray_Ash_03_b12b3081-d19e-4c81-9534-60f1b586e86f&#8221; _builder_version=&#8221;4.27.5&#8243; _module_preset=&#8221;default&#8221; global_colors_info=&#8221;{}&#8221;][\/et_pb_image][\/et_pb_column][et_pb_column type=&#8221;1_2&#8243; _builder_version=&#8221;4.16&#8243; custom_padding=&#8221;|||&#8221; global_colors_info=&#8221;{}&#8221; custom_padding__hover=&#8221;|||&#8221;][et_pb_wc_title _builder_version=&#8221;4.16&#8243; global_colors_info=&#8221;{}&#8221;][\/et_pb_wc_title][et_pb_wc_rating _builder_version=&#8221;4.16&#8243; global_colors_info=&#8221;{}&#8221;][\/et_pb_wc_rating][et_pb_wc_price _builder_version=&#8221;4.16&#8243; global_colors_info=&#8221;{}&#8221;][\/et_pb_wc_price][et_pb_wc_description _builder_version=&#8221;4.16&#8243; global_colors_info=&#8221;{}&#8221;][\/et_pb_wc_description][et_pb_wc_add_to_cart _builder_version=&#8221;4.16&#8243; global_colors_info=&#8221;{}&#8221;][\/et_pb_wc_add_to_cart][et_pb_wc_meta _builder_version=&#8221;4.16&#8243; global_colors_info=&#8221;{}&#8221;][\/et_pb_wc_meta][\/et_pb_column][\/et_pb_row][et_pb_row column_structure=&#8221;1_3,1_3,1_3&#8243; _builder_version=&#8221;4.27.5&#8243; _module_preset=&#8221;default&#8221; global_colors_info=&#8221;{}&#8221;][et_pb_column type=&#8221;1_3&#8243; _builder_version=&#8221;4.27.5&#8243; _module_preset=&#8221;default&#8221; global_colors_info=&#8221;{}&#8221;][et_pb_button button_text=&#8221;LEASING V\u00c9LO&#8221; _builder_version=&#8221;4.27.5&#8243; _module_preset=&#8221;default&#8221; global_colors_info=&#8221;{}&#8221;][\/et_pb_button][\/et_pb_column][et_pb_column type=&#8221;1_3&#8243; _builder_version=&#8221;4.27.5&#8243; _module_preset=&#8221;default&#8221; global_colors_info=&#8221;{}&#8221;][et_pb_button button_text=&#8221;FINANCEMENT&#8221; _builder_version=&#8221;4.27.5&#8243; _module_preset=&#8221;default&#8221; global_colors_info=&#8221;{}&#8221;][\/et_pb_button][\/et_pb_column][et_pb_column type=&#8221;1_3&#8243; _builder_version=&#8221;4.27.5&#8243; _module_preset=&#8221;default&#8221; global_colors_info=&#8221;{}&#8221;][et_pb_button button_text=&#8221;ASSURANCE&#8221; _builder_version=&#8221;4.27.5&#8243; _module_preset=&#8221;default&#8221; global_colors_info=&#8221;{}&#8221;][\/et_pb_button][\/et_pb_column][\/et_pb_row][et_pb_row column_structure=&#8221;1_3,1_3,1_3&#8243; _builder_version=&#8221;4.27.5&#8243; _module_preset=&#8221;default&#8221; global_colors_info=&#8221;{}&#8221;][et_pb_column type=&#8221;1_3&#8243; _builder_version=&#8221;4.27.5&#8243; _module_preset=&#8221;default&#8221; global_colors_info=&#8221;{}&#8221;][et_pb_image src=&#8221;https:\/\/gravel-bikes.cc\/wp-content\/uploads\/2025\/12\/ENVE-MY24-Fray_Ash_03_b12b3081-d19e-4c81-9534-60f1b586e86f-1.webp&#8221; title_text=&#8221;ENVE-MY24-Fray_Ash_03_b12b3081-d19e-4c81-9534-60f1b586e86f&#8221; _builder_version=&#8221;4.27.5&#8243; _module_preset=&#8221;default&#8221; global_colors_info=&#8221;{}&#8221;][\/et_pb_image][\/et_pb_column][et_pb_column type=&#8221;1_3&#8243; _builder_version=&#8221;4.27.5&#8243; _module_preset=&#8221;default&#8221; global_colors_info=&#8221;{}&#8221;][et_pb_image src=&#8221;https:\/\/gravel-bikes.cc\/wp-content\/uploads\/2025\/12\/ENVE-Fray-Girona-435-1.webp&#8221; title_text=&#8221;ENVE-Fray-Girona-435&#8243; _builder_version=&#8221;4.27.5&#8243; _module_preset=&#8221;default&#8221; global_colors_info=&#8221;{}&#8221;][\/et_pb_image][\/et_pb_column][et_pb_column type=&#8221;1_3&#8243; _builder_version=&#8221;4.27.5&#8243; _module_preset=&#8221;default&#8221; global_colors_info=&#8221;{}&#8221;][et_pb_image src=&#8221;https:\/\/gravel-bikes.cc\/wp-content\/uploads\/2025\/12\/ENVE-Fray-Girona-328_7ece174f-b6f1-4f8d-8d8d-b34284398e99.webp&#8221; title_text=&#8221;ENVE-Fray-Girona-328_7ece174f-b6f1-4f8d-8d8d-b34284398e99&#8243; _builder_version=&#8221;4.27.5&#8243; _module_preset=&#8221;default&#8221; global_colors_info=&#8221;{}&#8221;][\/et_pb_image][\/et_pb_column][\/et_pb_row][et_pb_row _builder_version=&#8221;4.16&#8243; background_size=&#8221;initial&#8221; background_position=&#8221;top_left&#8221; background_repeat=&#8221;repeat&#8221; width=&#8221;100%&#8221; global_colors_info=&#8221;{}&#8221;][et_pb_column type=&#8221;4_4&#8243; _builder_version=&#8221;4.16&#8243; custom_padding=&#8221;|||&#8221; global_colors_info=&#8221;{}&#8221; custom_padding__hover=&#8221;|||&#8221;][et_pb_wc_tabs _builder_version=&#8221;4.16&#8243; global_colors_info=&#8221;{}&#8221;] [\/et_pb_wc_tabs][et_pb_wc_upsells _builder_version=&#8221;4.16&#8243; global_colors_info=&#8221;{}&#8221;][\/et_pb_wc_upsells][et_pb_wc_related_products _builder_version=&#8221;4.16&#8243; global_colors_info=&#8221;{}&#8221;][\/et_pb_wc_related_products][\/et_pb_column][\/et_pb_row][\/et_pb_section]<\/p>\n","protected":false},"excerpt":{"rendered":"<div class=\"product-block product-block--header\">\n<h1 class=\"h2 product-single__title\">Fray<\/h1>\n<\/div>\n<div data-product-blocks=\"\">\n<div id=\"shopify-block-AbGNXaE1EN043Z2hhZ__745ea951-9336-4fac-84af-7ab4e434479e\" class=\"shopify-block shopify-app-block\"><\/div>\n<div class=\"product-block\">\n<div class=\"rte\">\n<div class=\"x_x_elementToProof\" data-olk-copy-source=\"MessageBody\">Un cadre ENVE est bien plus quun point de d\u00e9part, cest la base dun v\u00e9lo con\u00e7u avec intention. En proposant le Fray en cadre seul, ENVE te permet de cr\u00e9er un v\u00e9lo qui refl\u00e8te tes priorit\u00e9s de pilotage, ton ajustement personnel et tes standards sans compromis. Avec une large s\u00e9lection de mod\u00e8les de cintre, ainsi que des options sur mesure pour les dimensions du cintre, la longueur de potence et le recul de tige de selle, chaque d\u00e9tail de ton poste de pilotage tappartient.  <\/div>\n<div class=\"x_x_elementToProof\" data-olk-copy-source=\"MessageBody\"><\/div>\n<div class=\"x_x_elementToProof\">Pour des conseils dajustement, consulte ton revendeur ENVE de confiance ou un professionnel du fitting, et explore le calculateur Best-Fit dENVE pour obtenir une configuration de ch\u00e2ssis aussi pr\u00e9cise que personnelle.<\/div>\n<\/div>\n<\/div>\n<\/div>\n<div class=\"product-block product-block--header\"><\/div>\n<div data-product-blocks=\"\">\n<div class=\"product-block\">\n<div class=\"rte\">\n<div class=\"x_x_elementToProof\"><\/div>\n<\/div>\n<\/div>\n<\/div>\n","protected":false},"featured_media":907,"template":"","meta":{"_et_pb_use_builder":"on","_et_pb_old_content":"<table width=\"723\">\n<tbody>\n<tr>\n<td width=\"263\"><strong>Mat\u00e9riau du cadre<\/strong><\/td>\n<td width=\"460\">Carbone ENVE M.O.D, axe traversant 12x142, frein \u00e0 disque Flat Mount, bo\u00eetier de p\u00e9dalier filet\u00e9 47, c\u00e2blage interne, compatible garde-boue<\/td>\n<\/tr>\n<tr>\n<td width=\"263\"><strong>Mat\u00e9riau de la fourche<\/strong><\/td>\n<td width=\"460\">Carbone ENVE M.O.D, axe traversant 12x100, frein \u00e0 disque Flat Mount, c\u00e2blage interne, compatible garde-boue<\/td>\n<\/tr>\n<tr>\n<td width=\"263\"><strong>Application cible<\/strong><\/td>\n<td width=\"460\">All Road \/ Endurance \/ Surfaces mixtes \/ Sportif \/ Fondo<\/td>\n<\/tr>\n<tr>\n<td width=\"263\"><strong>Tailles (cm)<\/strong><\/td>\n<td width=\"460\">47, 50, 52, 54, 56, 58, 60<\/td>\n<\/tr>\n<tr>\n<td width=\"263\"><strong>Chasse de fourche<\/strong><\/td>\n<td width=\"460\">55, 51, 47, 43<\/td>\n<\/tr>\n<tr>\n<td rowspan=\"2\" width=\"263\"><strong>Taille cadre\/Chasse de fourche<\/strong><\/td>\n<td width=\"460\">47 cm\/55, 50 cm\/55, 52 cm\/51, 54 cm\/51,<\/td>\n<\/tr>\n<tr>\n<td width=\"460\">56 cm\/47, 58 cm\/47, 60 cm\/43<\/td>\n<\/tr>\n<tr>\n<td width=\"263\"><strong>Poids du cadre<\/strong><\/td>\n<td width=\"460\">900 g +\/- 2 % (taille 56, peint, sans accessoires)<\/td>\n<\/tr>\n<tr>\n<td width=\"263\"><strong>Jeu de direction<\/strong><\/td>\n<td width=\"460\">ENVE int\u00e9gr\u00e9 IS52\/IS52 interne drop-in<\/td>\n<\/tr>\n<tr>\n<td width=\"263\"><strong>Roulement<\/strong> <strong>jeu de direction<\/strong><\/td>\n<td width=\"460\">1,5\u2033 IS52 sup\u00e9rieur et inf\u00e9rieur<\/td>\n<\/tr>\n<tr>\n<td width=\"263\"><strong>Diam\u00e8tre de tige de selle<\/strong><\/td>\n<td width=\"460\">ENVE Aero<\/td>\n<\/tr>\n<tr>\n<td width=\"263\"><strong>Type de bo\u00eetier de p\u00e9dalier<\/strong><\/td>\n<td width=\"460\">T47 roulement interne<\/td>\n<\/tr>\n<tr>\n<td width=\"263\"><strong>Fixation de frein<\/strong><\/td>\n<td width=\"460\">Flat Mount<\/td>\n<\/tr>\n<tr>\n<td width=\"263\"><strong>Axe avant<\/strong><\/td>\n<td width=\"460\">12\u00d7100 (longueur totale : 122, TP : 1,5, TL : 15)<\/td>\n<\/tr>\n<tr>\n<td width=\"263\"><strong>Axe arri\u00e8re<\/strong><\/td>\n<td width=\"460\">12\u00d7142 (longueur totale : 168, TP : 1,0, TL : 14)<\/td>\n<\/tr>\n<tr>\n<td width=\"263\"><strong>Taille de pneu minimale<\/strong><\/td>\n<td width=\"460\">27 mm<\/td>\n<\/tr>\n<tr>\n<td width=\"263\"><strong>Taille de pneu optimale<\/strong><\/td>\n<td width=\"460\">31 mm - 35 mm<\/td>\n<\/tr>\n<tr>\n<td width=\"263\"><strong>D\u00e9gagement pneu maximal 1x<\/strong><\/td>\n<td width=\"460\">40 mm<\/td>\n<\/tr>\n<tr>\n<td width=\"263\"><strong>D\u00e9gagement pneu maximal 2x<\/strong><\/td>\n<td width=\"460\">38 mm<\/td>\n<\/tr>\n<tr>\n<td width=\"263\"><strong>Rangement dans le cadre<\/strong><\/td>\n<td width=\"460\">Oui (2 sacs de rangement inclus - 18,22 cm\u00b3 chacun)<\/td>\n<\/tr>\n<tr>\n<td width=\"263\"><strong>C\u00e2blage<\/strong> <strong>du cadre<\/strong><\/td>\n<td width=\"460\">Interne<\/td>\n<\/tr>\n<tr>\n<td width=\"263\"><strong>Capacit\u00e9 porte-bidons<\/strong><\/td>\n<td width=\"460\">3<\/td>\n<\/tr>\n<tr>\n<td width=\"263\"><strong>Fixations sur tube sup\u00e9rieur<\/strong><\/td>\n<td width=\"460\">Oui<\/td>\n<\/tr>\n<tr>\n<td width=\"263\"><strong>Compatible garde-boue<\/strong><\/td>\n<td width=\"460\">Oui<\/td>\n<\/tr>\n<tr>\n<td width=\"263\"><strong>Taille de roue<\/strong><\/td>\n<td width=\"460\">700c<\/td>\n<\/tr>\n<\/tbody>\n<\/table>","_et_gb_content_width":"","om_disable_all_campaigns":false,"_monsterinsights_skip_tracking":false,"_monsterinsights_sitenote_active":false,"_monsterinsights_sitenote_note":"","_monsterinsights_sitenote_category":0},"pwb-brand":[],"product_brand":[],"product_cat":[815],"product_tag":[816,794],"class_list":{"0":"post-9287","1":"product","2":"type-product","3":"status-publish","4":"has-post-thumbnail","6":"product_cat-enve-fray","7":"product_tag-enve-fray","8":"product_tag-hambourg","9":"product_shipping_class-velo","11":"first","12":"instock","13":"sale","14":"taxable","15":"shipping-taxable","16":"purchasable","17":"product-type-variable"},"aioseo_notices":[],"brands":[],"_links":{"self":[{"href":"https:\/\/gravel-bikes.cc\/fr\/wp-json\/wp\/v2\/product\/9287","targetHints":{"allow":["GET"]}}],"collection":[{"href":"https:\/\/gravel-bikes.cc\/fr\/wp-json\/wp\/v2\/product"}],"about":[{"href":"https:\/\/gravel-bikes.cc\/fr\/wp-json\/wp\/v2\/types\/product"}],"wp:featuredmedia":[{"embeddable":true,"href":"https:\/\/gravel-bikes.cc\/fr\/wp-json\/wp\/v2\/media\/907"}],"wp:attachment":[{"href":"https:\/\/gravel-bikes.cc\/fr\/wp-json\/wp\/v2\/media?parent=9287"}],"wp:term":[{"taxonomy":"pwb-brand","embeddable":true,"href":"https:\/\/gravel-bikes.cc\/fr\/wp-json\/wp\/v2\/pwb-brand?post=9287"},{"taxonomy":"product_brand","embeddable":true,"href":"https:\/\/gravel-bikes.cc\/fr\/wp-json\/wp\/v2\/product_brand?post=9287"},{"taxonomy":"product_cat","embeddable":true,"href":"https:\/\/gravel-bikes.cc\/fr\/wp-json\/wp\/v2\/product_cat?post=9287"},{"taxonomy":"product_tag","embeddable":true,"href":"https:\/\/gravel-bikes.cc\/fr\/wp-json\/wp\/v2\/product_tag?post=9287"}],"curies":[{"name":"wp","href":"https:\/\/api.w.org\/{rel}","templated":true}]}}